{"id":732364,"date":"2025-08-27T21:48:59","date_gmt":"2025-08-27T18:48:59","guid":{"rendered":"https:\/\/roveyayinevi.com.tr\/index.php\/urun\/cok-urunlu-sezonluk-hazir-giyim-perakendeciliginde-dinamik-fiyatlandirmayla-gelir-optimizasyonu\/"},"modified":"2026-04-16T02:40:17","modified_gmt":"2026-04-15T23:40:17","slug":"cok-urunlu-sezonluk-hazir-giyim-perakendeciliginde-dinamik-fiyatlandirmayla-gelir-optimizasyonu","status":"publish","type":"product","link":"https:\/\/roveyayinevi.com.tr\/index.php\/urun\/cok-urunlu-sezonluk-hazir-giyim-perakendeciliginde-dinamik-fiyatlandirmayla-gelir-optimizasyonu\/","title":{"rendered":"\u00c7ok \u00dcr\u00fcnl\u00fc Sezonluk Haz\u0131r Giyim Perakendecili\u011finde Dinamik Fiyatland\u0131rmayla Gelir Optimizasyonu"},"content":{"rendered":"<p>\u0130\u00e7indekiler1. Gelir Y\u00f6netimi Kavram\u0131 ve Gelir Y\u00f6netimi Yakla\u015f\u0131mlar\u0131a. Gelir Y\u00f6netimi Kavram\u0131b. Gelir Y\u00f6netimi Yakla\u015f\u0131mlar\u01312. Sezonluk \u00dcr\u00fcnlerde Dinamik Fiyatland\u0131rma ve Dinamik Fiyatland\u0131rma Modelleria. Dinamik Fiyatland\u0131rma Kavram\u0131b. Dinamik Fiyatland\u0131rma Modelleric. \u00c7ok \u00dcr\u00fcnl\u00fc Dinamik Fiyatland\u0131rma Modelleri Kapsam\u0131nda Literat\u00fcr Ara\u015ft\u0131rmas\u01313. Haz\u0131r Giyim Perakendecili\u011finde Dinamik Fiyatland\u0131rmayla Gelir Optimizasyonu \u00dczerine Bir Uygulamaa. Haz\u0131r Giyim Perakendecili\u011fib. Problemin Tan\u0131m\u0131 ve Form\u00fclasyonu<\/p>\n","protected":false},"excerpt":{"rendered":"<p>\u0130\u00e7indekiler1. Gelir Y\u00f6netimi Kavram\u0131 ve Gelir Y\u00f6netimi Yakla\u015f\u0131mlar\u0131a. Gelir Y\u00f6netimi Kavram\u0131b. Gelir Y\u00f6netimi Yakla\u015f\u0131mlar\u01312. Sezonluk \u00dcr\u00fcnlerde Dinamik Fiyatland\u0131rma ve Dinamik Fiyatland\u0131rma Modelleria. Dinamik Fiyatland\u0131rma Kavram\u0131b. Dinamik<span class=\"excerpt-hellip\"> [\u2026]<\/span><\/p>\n","protected":false},"featured_media":0,"template":"","meta":{"_monsterinsights_skip_tracking":false,"_monsterinsights_sitenote_active":false,"_monsterinsights_sitenote_note":"","_monsterinsights_sitenote_category":0},"product_brand":[],"product_cat":[13043,14381],"product_tag":[],"class_list":{"0":"post-732364","1":"product","2":"type-product","3":"status-publish","5":"product_cat-ekonomi","6":"product_cat-isletme-muhasebe-maliye","7":"pa_cilt-ciltsiz","8":"pa_tur-kitap","9":"pa_yayinevi-gazi-kitabevi","10":"pa_yazar-kolektif","12":"first","13":"instock","14":"sale","15":"shipping-taxable","16":"purchasable","17":"product-type-simple"},"_links":{"self":[{"href":"https:\/\/roveyayinevi.com.tr\/index.php\/wp-json\/wp\/v2\/product\/732364","targetHints":{"allow":["GET"]}}],"collection":[{"href":"https:\/\/roveyayinevi.com.tr\/index.php\/wp-json\/wp\/v2\/product"}],"about":[{"href":"https:\/\/roveyayinevi.com.tr\/index.php\/wp-json\/wp\/v2\/types\/product"}],"wp:attachment":[{"href":"https:\/\/roveyayinevi.com.tr\/index.php\/wp-json\/wp\/v2\/media?parent=732364"}],"wp:term":[{"taxonomy":"product_brand","embeddable":true,"href":"https:\/\/roveyayinevi.com.tr\/index.php\/wp-json\/wp\/v2\/product_brand?post=732364"},{"taxonomy":"product_cat","embeddable":true,"href":"https:\/\/roveyayinevi.com.tr\/index.php\/wp-json\/wp\/v2\/product_cat?post=732364"},{"taxonomy":"product_tag","embeddable":true,"href":"https:\/\/roveyayinevi.com.tr\/index.php\/wp-json\/wp\/v2\/product_tag?post=732364"}],"curies":[{"name":"wp","href":"https:\/\/api.w.org\/{rel}","templated":true}]}}