{"id":732362,"date":"2025-08-27T21:48:58","date_gmt":"2025-08-27T18:48:58","guid":{"rendered":"https:\/\/roveyayinevi.com.tr\/index.php\/urun\/iyilik-sende\/"},"modified":"2026-04-11T02:49:19","modified_gmt":"2026-04-10T23:49:19","slug":"iyilik-sende","status":"publish","type":"product","link":"https:\/\/roveyayinevi.com.tr\/index.php\/urun\/iyilik-sende\/","title":{"rendered":"\u0130yilik Sende"},"content":{"rendered":"<p>\u201cHer ne ya\u015farsan ya\u015fa, d\u00fcnya ne halde olursa olsun, iyili\u011fi uzakta arama, \u00e7\u00fcnk\u00fc iyilik sende&#8230;\u201dBu kitap, sa\u011fl\u0131kl\u0131 ya\u015fam \u00f6nerilerinden \u00e7ok daha fazlas\u0131n\u0131 i\u00e7eriyor.\u0130yilik Sende bir iyilik hareketi&#8230;Sizin i\u00e7in, sevdikleriniz i\u00e7in ve d\u00fcnyam\u0131z i\u00e7in ta\u015f\u0131yor \u201ciyi ya\u015fam\u201d bayra\u011f\u0131n\u0131&#8230;Klinik Aromaterapist ve B\u00fct\u00fcnsel \u015eifa Terapisti olarak \u00e7al\u0131\u015ft\u0131\u011f\u0131m on y\u0131l\u0131 a\u015fk\u0131n deneyimin sonucunda geldi\u011fim noktada ortaya \u00e7\u0131kan \u0130yilik Sende, kadim uygarl\u0131klar\u0131n \u015fifa anlay\u0131\u015f\u0131n\u0131 yeni ve g\u00fc\u00e7l\u00fc tondan s\u00f6ylemek i\u00e7in yola \u00e7\u0131kt\u0131.Hepimizin do\u011fal ya\u015fam hakk\u0131d\u0131r \u015fifada, berekette ve iyilikte olmak. Hastal\u0131klar, k\u0131smetsizlik ve k\u0131tl\u0131k do\u011fal\u0131m\u0131z de\u011fildir.\u0130yi olman\u0131n, \u015fifada, berekette ve zenginlikte olman\u0131n, do\u011fal ya\u015fam hakk\u0131m\u0131z oldu\u011funu uygulamalarla ve re\u00e7etelerle payla\u015ft\u0131\u011f\u0131m bu kitap, sahip oldu\u011fumuz iyilik halini nas\u0131l geri kazanabilece\u011fimizi anlatan bir rehberdir.\u0130yilik Sende, bir iyilik hali i\u00e7in nas\u0131l d\u00fc\u015f\u00fcnmemiz ve neye inanmam\u0131z gerekti\u011fini \u00e7er\u00e7eveleyen bir de\u011ferler b\u00fct\u00fcn\u00fcd\u00fcr.\u0130yilik Sende\u2019nin temel misyonu, her insan\u0131n \u00f6z ke\u015fif yolculu\u011funu kolayla\u015ft\u0131rarak yeni bir ya\u015fam tarz\u0131 sunmakt\u0131r.Ben Ay\u015fe Tolga&#8230; Tutkulu bir iyi ya\u015fam el\u00e7isi olarak sizi de birer iyi ya\u015fam el\u00e7isi olmaya davet ediyorum. Bu ba\u015flang\u0131c\u0131 ger\u00e7ekle\u015ftirmek i\u00e7in sizi iyiliksende.com adresinde de bekliyor olaca\u011f\u0131m.<\/p>\n","protected":false},"excerpt":{"rendered":"<p>\u201cHer ne ya\u015farsan ya\u015fa, d\u00fcnya ne halde olursa olsun, iyili\u011fi uzakta arama, \u00e7\u00fcnk\u00fc iyilik sende&#8230;\u201dBu kitap, sa\u011fl\u0131kl\u0131 ya\u015fam \u00f6nerilerinden \u00e7ok daha fazlas\u0131n\u0131 i\u00e7eriyor.\u0130yilik Sende bir iyilik<span class=\"excerpt-hellip\"> [\u2026]<\/span><\/p>\n","protected":false},"featured_media":0,"template":"","meta":{"_monsterinsights_skip_tracking":false,"_monsterinsights_sitenote_active":false,"_monsterinsights_sitenote_note":"","_monsterinsights_sitenote_category":0},"product_brand":[],"product_cat":[12364,12376],"product_tag":[],"class_list":{"0":"post-732362","1":"product","2":"type-product","3":"status-publish","5":"product_cat-genel-konular","6":"product_cat-kisisel-gelisim","7":"pa_cilt-ciltsiz","8":"pa_tur-kitap","9":"pa_yayinevi-destek-yayinlari","10":"pa_yazar-ayse-tolga","12":"first","13":"instock","14":"sale","15":"shipping-taxable","16":"purchasable","17":"product-type-simple"},"_links":{"self":[{"href":"https:\/\/roveyayinevi.com.tr\/index.php\/wp-json\/wp\/v2\/product\/732362","targetHints":{"allow":["GET"]}}],"collection":[{"href":"https:\/\/roveyayinevi.com.tr\/index.php\/wp-json\/wp\/v2\/product"}],"about":[{"href":"https:\/\/roveyayinevi.com.tr\/index.php\/wp-json\/wp\/v2\/types\/product"}],"wp:attachment":[{"href":"https:\/\/roveyayinevi.com.tr\/index.php\/wp-json\/wp\/v2\/media?parent=732362"}],"wp:term":[{"taxonomy":"product_brand","embeddable":true,"href":"https:\/\/roveyayinevi.com.tr\/index.php\/wp-json\/wp\/v2\/product_brand?post=732362"},{"taxonomy":"product_cat","embeddable":true,"href":"https:\/\/roveyayinevi.com.tr\/index.php\/wp-json\/wp\/v2\/product_cat?post=732362"},{"taxonomy":"product_tag","embeddable":true,"href":"https:\/\/roveyayinevi.com.tr\/index.php\/wp-json\/wp\/v2\/product_tag?post=732362"}],"curies":[{"name":"wp","href":"https:\/\/api.w.org\/{rel}","templated":true}]}}