{"id":732361,"date":"2025-08-27T21:48:57","date_gmt":"2025-08-27T18:48:57","guid":{"rendered":"https:\/\/roveyayinevi.com.tr\/index.php\/urun\/suyun-yolculugu\/"},"modified":"2026-04-16T02:40:17","modified_gmt":"2026-04-15T23:40:17","slug":"suyun-yolculugu","status":"publish","type":"product","link":"https:\/\/roveyayinevi.com.tr\/index.php\/urun\/suyun-yolculugu\/","title":{"rendered":"&#8220;Su&#8221;Yun Yolculu\u011fu"},"content":{"rendered":"<p>Ne yak dedi, ne de yan!Onun ser\u00fcveni bir bilinmezlik i\u00e7inde milyarlarca y\u0131l \u00f6ncesinden ba\u015flad\u0131. Birbirinden \u00e7ok farkl\u0131 \u00f6zellikteki iki taneci\u011fe art\u0131k uslanmas\u0131n\u0131 s\u00f6yledi Yaradan.\u201cNe yak&#8230;\u201d dedi. \u201cNe de yan!\u201d\u201cAk!\u201d dedi. \u201cG\u00f6n\u00fclden g\u00f6n\u00fcle ar\u0131nd\u0131r, ferahlat, rahatlat, yard\u0131m et senin gibi yolu bulsun beni arayanlar. Bana aks\u0131nlar, cennet bah\u00e7elerimdeki berrak nehirlere kar\u0131\u015fs\u0131nlar&#8230;\u201dTasavvufta marifet kap\u0131s\u0131n\u0131n sembol\u00fcd\u00fcr su. Tek\u00e2m\u00fcl yolculu\u011funda sondan hemen \u00f6nceki makam\u0131n giri\u015fi olan marifet kap\u0131s\u0131, ancak b\u00f6ylesine saf ve duru olan su ile ifade edilebilir. D\u00fcnyaya geli\u015fi ile birlikte yolculu\u011funa ba\u015flayan insan\u0131n da yanmalardan, yakmalardan sonra durularak nihayetinde \u201csu\u201d gibi m\u00fctevaz\u0131 hale b\u00fcr\u00fcn\u00fcp sessizce Yaradan\u2019a akmas\u0131 gerekir&#8230;Fizik \u00f6\u011fretmeni ve yazar Bur\u00e7ak Y\u00fcce, bu kitapta bilimle tasavvufu harmanlay\u0131p insan\u0131n tek\u00e2m\u00fcl yolculu\u011funu bir su damlac\u0131\u011f\u0131n\u0131n d\u00f6ng\u00fcs\u00fc \u00fczerinden anlat\u0131yor.\u201cSuya dair kurulan her ba\u011flant\u0131, k\u00f6kene bir g\u00f6nderme ayn\u0131 zamanda. Bedenimizin oldu\u011fu kadar ruhumuzun ge\u00e7mi\u015fi de dipsiz durgun bir sudur. Ac\u0131n\u0131n tesellisi, susuzlar\u0131n maksudu, insan\u0131n ilk aynas\u0131&#8230; Bur\u00e7ak Y\u00fcce\u2019nin &#8220;Su&#8221;Yun Yolculu\u011fu\u0131, bizi kendi i\u00e7sel yolculu\u011fumuz \u00fczerine d\u00fc\u015f\u00fcnmeye te\u015fvik ediyor.\u201d-Kemal Sayar<\/p>\n","protected":false},"excerpt":{"rendered":"<p>Ne yak dedi, ne de yan!Onun ser\u00fcveni bir bilinmezlik i\u00e7inde milyarlarca y\u0131l \u00f6ncesinden ba\u015flad\u0131. Birbirinden \u00e7ok farkl\u0131 \u00f6zellikteki iki taneci\u011fe art\u0131k uslanmas\u0131n\u0131 s\u00f6yledi Yaradan.\u201cNe yak&#8230;\u201d dedi.<span class=\"excerpt-hellip\"> [\u2026]<\/span><\/p>\n","protected":false},"featured_media":0,"template":"","meta":{"_monsterinsights_skip_tracking":false,"_monsterinsights_sitenote_active":false,"_monsterinsights_sitenote_note":"","_monsterinsights_sitenote_category":0},"product_brand":[],"product_cat":[12364,12376],"product_tag":[],"class_list":{"0":"post-732361","1":"product","2":"type-product","3":"status-publish","5":"product_cat-genel-konular","6":"product_cat-kisisel-gelisim","7":"pa_cilt-ciltsiz","8":"pa_tur-kitap","9":"pa_yayinevi-destek-yayinlari","10":"pa_yazar-burcak-yuce","12":"first","13":"instock","14":"sale","15":"shipping-taxable","16":"purchasable","17":"product-type-simple"},"_links":{"self":[{"href":"https:\/\/roveyayinevi.com.tr\/index.php\/wp-json\/wp\/v2\/product\/732361","targetHints":{"allow":["GET"]}}],"collection":[{"href":"https:\/\/roveyayinevi.com.tr\/index.php\/wp-json\/wp\/v2\/product"}],"about":[{"href":"https:\/\/roveyayinevi.com.tr\/index.php\/wp-json\/wp\/v2\/types\/product"}],"wp:attachment":[{"href":"https:\/\/roveyayinevi.com.tr\/index.php\/wp-json\/wp\/v2\/media?parent=732361"}],"wp:term":[{"taxonomy":"product_brand","embeddable":true,"href":"https:\/\/roveyayinevi.com.tr\/index.php\/wp-json\/wp\/v2\/product_brand?post=732361"},{"taxonomy":"product_cat","embeddable":true,"href":"https:\/\/roveyayinevi.com.tr\/index.php\/wp-json\/wp\/v2\/product_cat?post=732361"},{"taxonomy":"product_tag","embeddable":true,"href":"https:\/\/roveyayinevi.com.tr\/index.php\/wp-json\/wp\/v2\/product_tag?post=732361"}],"curies":[{"name":"wp","href":"https:\/\/api.w.org\/{rel}","templated":true}]}}