{"id":732360,"date":"2025-08-27T21:48:56","date_gmt":"2025-08-27T18:48:56","guid":{"rendered":"https:\/\/roveyayinevi.com.tr\/index.php\/urun\/bilgi-teknolojilerinin-ahlaki-degerler-uzerindeki-etkisinin-arastirilmasi\/"},"modified":"2026-04-16T02:40:17","modified_gmt":"2026-04-15T23:40:17","slug":"bilgi-teknolojilerinin-ahlaki-degerler-uzerindeki-etkisinin-arastirilmasi","status":"publish","type":"product","link":"https:\/\/roveyayinevi.com.tr\/index.php\/urun\/bilgi-teknolojilerinin-ahlaki-degerler-uzerindeki-etkisinin-arastirilmasi\/","title":{"rendered":"Bilgi Teknolojilerinin Ahlaki De\u011ferler \u00dczerindeki Etkisinin Ara\u015ft\u0131r\u0131lmas\u0131"},"content":{"rendered":"<p>\u0130\u00e7indekiler1. Bilgi ve \u0130leti\u015fim Teknolojilerinin Kavramsal \u00c7er\u00e7evesia. Tan\u0131m ve Kapsamb. Bilgi ve \u0130leti\u015fim Teknolojileric. Yeni \u00c7a\u011f Teknolojisi Yeni Medya2. Literat\u00fcr \u00d6zeti3. Uygulamaa. Ara\u015ft\u0131rman\u0131n Konusub. Ara\u015ft\u0131rman\u0131n Amac\u0131 ve \u00d6nemic. Ara\u015ft\u0131rman\u0131n Kapsam\u0131 ve K\u0131s\u0131tlar\u0131d. Ara\u015ft\u0131rman\u0131n Metodolojisi4. Bilgi Teknolojilerindeki Geli\u015fmelerin Atat\u00fcrk \u00dcniversitesi \u00d6\u011frencilerinin Ahlaklar\u0131na Etkisi ile \u0130li\u015fkili Fakt\u00f6rlerin Ara\u015ft\u0131r\u0131lmas\u0131a. Demografik \u00d6zelliklere G\u00f6re Bilgi Teknolojilerindeki Geli\u015fmelerin \u00d6\u011frencilerin Ahlaklar\u0131na Etkisib. Teknolojik Cihaz Kullanma S\u0131kl\u0131klar\u0131na G\u00f6re Bilgi Teknolojilerindeki Geli\u015fmelerin \u00d6\u011frencilerin Ahlaklar\u0131na Etkisic. Sosyal Medya Hesaplar\u0131n\u0131 Kullanma S\u0131kl\u0131klar\u0131na G\u00f6re Bilgi Teknolojilerindeki Geli\u015fmelerin \u00d6\u011frencilerin Ahlak\u0131na Etkisid. Bilgi Teknolojilerini Kullanma Ama\u00e7lar\u0131 ve S\u0131kl\u0131klar\u0131na G\u00f6re Bilgi Teknolojilerindeki Geli\u015fmelerin \u00d6\u011frencilerin Ahlak\u0131na Etkisie. Bilgi Teknolojilerinin Psikolojik Etkileriyle \u0130lgili D\u00fc\u015f\u00fcncelere G\u00f6re Bilgi Teknolojilerindeki Geli\u015fmelerin \u00d6\u011frencilerin Ahlak\u0131na Etkisif. Bilgi Teknolojilerinin Ki\u015fisel Etkileriyle \u0130lgili D\u00fc\u015f\u00fcncelerine G\u00f6re Bilgi Teknolojilerindeki Geli\u015fmelerin \u00d6\u011frencilerin Ahlak\u0131na Etkisig. Bilgi Teknolojilerinin Aile ve Toplum Etkileriyle \u0130lgili D\u00fc\u015f\u00fcncelerine G\u00f6re Bilgi Teknolojilerindeki Geli\u015fmelerin \u00d6\u011frencilerin Ahlak\u0131na Etkisi5. S\u0131ral\u0131 Lojistik Regresyon Modeli Yard\u0131m\u0131yla Bilgi Teknolojilerindeki Geli\u015fmelerin \u00d6\u011frencilerin Ahlaklar\u0131nda Etkili Olan Fakt\u00f6rlerin Belirlenmesia. S\u0131ral\u0131 Lojistik Regresyon Y\u00f6ntemib. Bulgular6. Tart\u0131\u015fma ve Sonu\u00e7<\/p>\n","protected":false},"excerpt":{"rendered":"<p>\u0130\u00e7indekiler1. Bilgi ve \u0130leti\u015fim Teknolojilerinin Kavramsal \u00c7er\u00e7evesia. Tan\u0131m ve Kapsamb. Bilgi ve \u0130leti\u015fim Teknolojileric. Yeni \u00c7a\u011f Teknolojisi Yeni Medya2. Literat\u00fcr \u00d6zeti3. Uygulamaa. Ara\u015ft\u0131rman\u0131n Konusub. Ara\u015ft\u0131rman\u0131n Amac\u0131<span class=\"excerpt-hellip\"> [\u2026]<\/span><\/p>\n","protected":false},"featured_media":0,"template":"","meta":{"_monsterinsights_skip_tracking":false,"_monsterinsights_sitenote_active":false,"_monsterinsights_sitenote_note":"","_monsterinsights_sitenote_category":0},"product_brand":[],"product_cat":[13005,40995],"product_tag":[],"class_list":{"0":"post-732360","1":"product","2":"type-product","3":"status-publish","5":"product_cat-bilim-muhendislik","6":"product_cat-sosyal-bilimler","7":"pa_cilt-ciltsiz","8":"pa_tur-kitap","9":"pa_yayinevi-gazi-kitabevi","10":"pa_yazar-gazi-kitabevi-kolektif","12":"first","13":"instock","14":"sale","15":"shipping-taxable","16":"purchasable","17":"product-type-simple"},"_links":{"self":[{"href":"https:\/\/roveyayinevi.com.tr\/index.php\/wp-json\/wp\/v2\/product\/732360","targetHints":{"allow":["GET"]}}],"collection":[{"href":"https:\/\/roveyayinevi.com.tr\/index.php\/wp-json\/wp\/v2\/product"}],"about":[{"href":"https:\/\/roveyayinevi.com.tr\/index.php\/wp-json\/wp\/v2\/types\/product"}],"wp:attachment":[{"href":"https:\/\/roveyayinevi.com.tr\/index.php\/wp-json\/wp\/v2\/media?parent=732360"}],"wp:term":[{"taxonomy":"product_brand","embeddable":true,"href":"https:\/\/roveyayinevi.com.tr\/index.php\/wp-json\/wp\/v2\/product_brand?post=732360"},{"taxonomy":"product_cat","embeddable":true,"href":"https:\/\/roveyayinevi.com.tr\/index.php\/wp-json\/wp\/v2\/product_cat?post=732360"},{"taxonomy":"product_tag","embeddable":true,"href":"https:\/\/roveyayinevi.com.tr\/index.php\/wp-json\/wp\/v2\/product_tag?post=732360"}],"curies":[{"name":"wp","href":"https:\/\/api.w.org\/{rel}","templated":true}]}}