{"id":732356,"date":"2025-08-27T21:48:53","date_gmt":"2025-08-27T18:48:53","guid":{"rendered":"https:\/\/roveyayinevi.com.tr\/index.php\/urun\/dugmeler-deri-koordinatlar\/"},"modified":"2026-04-16T02:40:17","modified_gmt":"2026-04-15T23:40:17","slug":"dugmeler-deri-koordinatlar","status":"publish","type":"product","link":"https:\/\/roveyayinevi.com.tr\/index.php\/urun\/dugmeler-deri-koordinatlar\/","title":{"rendered":"D\u00fc\u011fmeler, Deri, Koordinatlar"},"content":{"rendered":"<p>Bir yolu de\u011fi\u015ftirmek, t\u00fcm yollar\u0131 de\u011fi\u015ftirir. Bu y\u00fczden kil bilyeleri i\u00e7inde sakl\u0131yorum bakabildiklerimi. Yosun ve kabuklar denizi derinle\u015ftirir. Meziyet konusunun yan\u0131t\u0131 belirlemektir. Oldu\u011fun, g\u00fc\u00e7l\u00fc\u011f\u00fcn, gerekmedi\u011fin, do\u011furdu\u011fun, do\u011frulad\u0131\u011f\u0131n kendi y\u00f6ntemini bulmay\u0131 ba\u015far\u0131r. \u0130\u015flenmeden ve varmadan b\u0131rak\u0131lm\u0131\u015f yelkenler g\u00f6rd\u00fcm.R\u00fczg\u00e2rda ilerlemeyen \u015feyler k\u0131vr\u0131l\u0131r.Ge\u00e7iyor duda\u011f\u0131n\u0131n kurudu\u011funu anlamadan kayalar, bir yol de\u011fi\u015ftirdim.<\/p>\n","protected":false},"excerpt":{"rendered":"<p>Bir yolu de\u011fi\u015ftirmek, t\u00fcm yollar\u0131 de\u011fi\u015ftirir. Bu y\u00fczden kil bilyeleri i\u00e7inde sakl\u0131yorum bakabildiklerimi. Yosun ve kabuklar denizi derinle\u015ftirir. Meziyet konusunun yan\u0131t\u0131 belirlemektir. Oldu\u011fun, g\u00fc\u00e7l\u00fc\u011f\u00fcn, gerekmedi\u011fin, do\u011furdu\u011fun,<span class=\"excerpt-hellip\"> [\u2026]<\/span><\/p>\n","protected":false},"featured_media":0,"template":"","meta":{"_monsterinsights_skip_tracking":false,"_monsterinsights_sitenote_active":false,"_monsterinsights_sitenote_note":"","_monsterinsights_sitenote_category":0},"product_brand":[],"product_cat":[12291,12509],"product_tag":[],"class_list":{"0":"post-732356","1":"product","2":"type-product","3":"status-publish","5":"product_cat-edebiyat","6":"product_cat-siir","7":"pa_cilt-ciltsiz","8":"pa_tur-kitap","9":"pa_yayinevi-kirmizi-kedi-yayinevi","10":"pa_yazar-nihat-ozdal","12":"first","13":"instock","14":"sale","15":"shipping-taxable","16":"purchasable","17":"product-type-simple"},"_links":{"self":[{"href":"https:\/\/roveyayinevi.com.tr\/index.php\/wp-json\/wp\/v2\/product\/732356","targetHints":{"allow":["GET"]}}],"collection":[{"href":"https:\/\/roveyayinevi.com.tr\/index.php\/wp-json\/wp\/v2\/product"}],"about":[{"href":"https:\/\/roveyayinevi.com.tr\/index.php\/wp-json\/wp\/v2\/types\/product"}],"wp:attachment":[{"href":"https:\/\/roveyayinevi.com.tr\/index.php\/wp-json\/wp\/v2\/media?parent=732356"}],"wp:term":[{"taxonomy":"product_brand","embeddable":true,"href":"https:\/\/roveyayinevi.com.tr\/index.php\/wp-json\/wp\/v2\/product_brand?post=732356"},{"taxonomy":"product_cat","embeddable":true,"href":"https:\/\/roveyayinevi.com.tr\/index.php\/wp-json\/wp\/v2\/product_cat?post=732356"},{"taxonomy":"product_tag","embeddable":true,"href":"https:\/\/roveyayinevi.com.tr\/index.php\/wp-json\/wp\/v2\/product_tag?post=732356"}],"curies":[{"name":"wp","href":"https:\/\/api.w.org\/{rel}","templated":true}]}}