{"id":732354,"date":"2025-08-27T21:48:50","date_gmt":"2025-08-27T18:48:50","guid":{"rendered":"https:\/\/roveyayinevi.com.tr\/index.php\/urun\/bogazin-insanlari\/"},"modified":"2026-04-16T02:40:17","modified_gmt":"2026-04-15T23:40:17","slug":"bogazin-insanlari","status":"publish","type":"product","link":"https:\/\/roveyayinevi.com.tr\/index.php\/urun\/bogazin-insanlari\/","title":{"rendered":"Bo\u011faz\u2019\u0131n \u0130nsanlar\u0131"},"content":{"rendered":"<p>\u201cG\u00f6r\u00fcn\u00fc\u015fte s\u0131radan\u201d insanlar\u0131n ki\u015fisel cevherini ke\u015ffetmede keskin bir g\u00f6z, bunu aktarmada leziz bir kalem Artun \u00dcnsal. Y\u0131llar \u00f6nce ba\u015flatt\u0131\u011f\u0131 ve kendi ad\u0131yla birlikte an\u0131lan bir t\u00fcr halini alan \u201cs\u0131radan insan portreleri\u201dnde yepyeni bir toplam Bo\u011faz\u2019\u0131n \u0130nsanlar\u0131 (Bo\u011fazi\u00e7i\u2019nde Tan\u0131d\u0131k Y\u00fczler). \u00c7eyrek as\u0131rdan fazla bir zamand\u0131r \u00c7engelk\u00f6y sakini \u00dcnsal, \u00dcsk\u00fcdar\u2019dan Pa\u015fabah\u00e7e\u2019ye yer yer Beyo\u011flu, Ortak\u00f6y ve Be\u015fikta\u015f\u2019a u\u011frayarak bal\u0131k\u00e7\u0131s\u0131ndan \u00e7i\u00e7ek\u00e7isine, halat\u00e7\u0131s\u0131ndan di\u015f\u00e7isine, mimar\u0131ndan pastanecisine k\u0131rk d\u00f6rt \u201cs\u0131radan insan\u201d portresi \u00e7iziyor bize.Belki yan\u0131m\u0131zdan ge\u00e7en, belki d\u00fckk\u00e2n\u0131ndan al\u0131\u015fveri\u015f yapt\u0131\u011f\u0131m\u0131z insanlar bunlar, asl\u0131nda hepsini yak\u0131ndan tan\u0131yoruz. G\u00fcnl\u00fck hayhuy i\u00e7inde hem var hem yoklar&#8230; Ama art\u0131k varlar. Artun \u00dcnsal\u2019\u0131n kaleminden bir k\u00fc\u00e7\u00fck insanlar foto\u011frafhanesi, Bo\u011faz\u2019\u0131n \u0130nsanlar\u0131.Ara G\u00fcler\u2019in s\u00f6yledi\u011fi gibi: \u201cHayat dedi\u011fin, k\u00fc\u00e7\u00fck adamlar\u0131n hik\u00e2yesidir.\u201d<\/p>\n","protected":false},"excerpt":{"rendered":"<p>\u201cG\u00f6r\u00fcn\u00fc\u015fte s\u0131radan\u201d insanlar\u0131n ki\u015fisel cevherini ke\u015ffetmede keskin bir g\u00f6z, bunu aktarmada leziz bir kalem Artun \u00dcnsal. Y\u0131llar \u00f6nce ba\u015flatt\u0131\u011f\u0131 ve kendi ad\u0131yla birlikte an\u0131lan bir t\u00fcr<span class=\"excerpt-hellip\"> [\u2026]<\/span><\/p>\n","protected":false},"featured_media":0,"template":"","meta":{"_monsterinsights_skip_tracking":false,"_monsterinsights_sitenote_active":false,"_monsterinsights_sitenote_note":"","_monsterinsights_sitenote_category":0},"product_brand":[],"product_cat":[13701,12291],"product_tag":[],"class_list":{"0":"post-732354","1":"product","2":"type-product","3":"status-publish","5":"product_cat-ani-mektup-gunluk","6":"product_cat-edebiyat","7":"pa_cilt-ciltsiz","8":"pa_tur-kitap","9":"pa_yayinevi-kirmizi-kedi-yayinevi","10":"pa_yazar-artun-unsal","12":"first","13":"instock","14":"sale","15":"shipping-taxable","16":"purchasable","17":"product-type-simple"},"_links":{"self":[{"href":"https:\/\/roveyayinevi.com.tr\/index.php\/wp-json\/wp\/v2\/product\/732354","targetHints":{"allow":["GET"]}}],"collection":[{"href":"https:\/\/roveyayinevi.com.tr\/index.php\/wp-json\/wp\/v2\/product"}],"about":[{"href":"https:\/\/roveyayinevi.com.tr\/index.php\/wp-json\/wp\/v2\/types\/product"}],"wp:attachment":[{"href":"https:\/\/roveyayinevi.com.tr\/index.php\/wp-json\/wp\/v2\/media?parent=732354"}],"wp:term":[{"taxonomy":"product_brand","embeddable":true,"href":"https:\/\/roveyayinevi.com.tr\/index.php\/wp-json\/wp\/v2\/product_brand?post=732354"},{"taxonomy":"product_cat","embeddable":true,"href":"https:\/\/roveyayinevi.com.tr\/index.php\/wp-json\/wp\/v2\/product_cat?post=732354"},{"taxonomy":"product_tag","embeddable":true,"href":"https:\/\/roveyayinevi.com.tr\/index.php\/wp-json\/wp\/v2\/product_tag?post=732354"}],"curies":[{"name":"wp","href":"https:\/\/api.w.org\/{rel}","templated":true}]}}