{"id":732348,"date":"2025-08-27T21:48:45","date_gmt":"2025-08-27T18:48:45","guid":{"rendered":"https:\/\/roveyayinevi.com.tr\/index.php\/urun\/odunluk-gunlukleri\/"},"modified":"2026-04-16T02:40:17","modified_gmt":"2026-04-15T23:40:17","slug":"odunluk-gunlukleri","status":"publish","type":"product","link":"https:\/\/roveyayinevi.com.tr\/index.php\/urun\/odunluk-gunlukleri\/","title":{"rendered":"Odunluk G\u00fcnl\u00fckleri"},"content":{"rendered":"<p>O\u015finografi denilince T\u00fcrkiye\u2019de akla gelen ilk isim olan Sargun A. Tont, yeni kitab\u0131 Odunluk G\u00fcnl\u00fckleri -Darwin, Wordsworth ve Humboldt \u00dczerine- ile okuyucular\u0131n\u0131 do\u011fa tarihi ve edebiyat\u0131 \u00fczerine yeni bir ser\u00fcvene \u00e7\u0131kar\u0131yor. Tont\u2019un bir s\u00f6yle\u015fi d\u0131\u015f\u0131nda ilk kez g\u00f6r\u00fcc\u00fcye \u00e7\u0131kacak yaz\u0131lar\u0131ndan olu\u015fan, i\u00e7inde bol bol Thoreau, Humboldt, Wordsworth ve elbette Darwin bulaca\u011f\u0131n\u0131z bu kitap ayn\u0131 zamanda yazar\u0131n kendi ya\u015fam \u00f6yk\u00fcs\u00fcne de \u0131\u015f\u0131k tutuyor<\/p>\n","protected":false},"excerpt":{"rendered":"<p>O\u015finografi denilince T\u00fcrkiye\u2019de akla gelen ilk isim olan Sargun A. Tont, yeni kitab\u0131 Odunluk G\u00fcnl\u00fckleri -Darwin, Wordsworth ve Humboldt \u00dczerine- ile okuyucular\u0131n\u0131 do\u011fa tarihi ve edebiyat\u0131<span class=\"excerpt-hellip\"> [\u2026]<\/span><\/p>\n","protected":false},"featured_media":0,"template":"","meta":{"_monsterinsights_skip_tracking":false,"_monsterinsights_sitenote_active":false,"_monsterinsights_sitenote_note":"","_monsterinsights_sitenote_category":0},"product_brand":[],"product_cat":[12777,12291],"product_tag":[],"class_list":{"0":"post-732348","1":"product","2":"type-product","3":"status-publish","5":"product_cat-deneme","6":"product_cat-edebiyat","7":"pa_cilt-ciltsiz","8":"pa_tur-kitap","9":"pa_yayinevi-kor-kitap","10":"pa_yazar-sargun-a-tont","12":"first","13":"instock","14":"sale","15":"shipping-taxable","16":"purchasable","17":"product-type-simple"},"_links":{"self":[{"href":"https:\/\/roveyayinevi.com.tr\/index.php\/wp-json\/wp\/v2\/product\/732348","targetHints":{"allow":["GET"]}}],"collection":[{"href":"https:\/\/roveyayinevi.com.tr\/index.php\/wp-json\/wp\/v2\/product"}],"about":[{"href":"https:\/\/roveyayinevi.com.tr\/index.php\/wp-json\/wp\/v2\/types\/product"}],"wp:attachment":[{"href":"https:\/\/roveyayinevi.com.tr\/index.php\/wp-json\/wp\/v2\/media?parent=732348"}],"wp:term":[{"taxonomy":"product_brand","embeddable":true,"href":"https:\/\/roveyayinevi.com.tr\/index.php\/wp-json\/wp\/v2\/product_brand?post=732348"},{"taxonomy":"product_cat","embeddable":true,"href":"https:\/\/roveyayinevi.com.tr\/index.php\/wp-json\/wp\/v2\/product_cat?post=732348"},{"taxonomy":"product_tag","embeddable":true,"href":"https:\/\/roveyayinevi.com.tr\/index.php\/wp-json\/wp\/v2\/product_tag?post=732348"}],"curies":[{"name":"wp","href":"https:\/\/api.w.org\/{rel}","templated":true}]}}