{"id":732346,"date":"2025-08-27T21:48:43","date_gmt":"2025-08-27T18:48:43","guid":{"rendered":"https:\/\/roveyayinevi.com.tr\/index.php\/urun\/senetsiz-sevgiler\/"},"modified":"2026-04-16T02:40:17","modified_gmt":"2026-04-15T23:40:17","slug":"senetsiz-sevgiler","status":"publish","type":"product","link":"https:\/\/roveyayinevi.com.tr\/index.php\/urun\/senetsiz-sevgiler\/","title":{"rendered":"Senetsiz Sevgiler"},"content":{"rendered":"<p>SENETS\u0130Z SEVG\u0130LER Seher vakti sevdalar sinelerde metlenir Y\u00e2d edilen yarenler dillerde denetlenir Yollar bir bir kesi\u015fir ve kollar kenetlenir Kucaklarda kar olur, ya\u011fmur olur sevgiler   Selamlar\u0131 sessizdir kumrular\u0131n, ku\u015flar\u0131n Y\u00fcrekleri yaln\u0131zd\u0131r yolcusuz yoku\u015flar\u0131n Temeline ta\u015f koymaz terlemeyen tu\u015flar\u0131n Omuz olur a\u015fklara, omur olur sevgiler   Ba\u015fta bahar olursa bedenler \u00e7i\u00e7ek a\u00e7ar G\u00f6z\u00fcn g\u00f6nl\u00fc var ise nazar\u0131ndan nur sa\u00e7ar Hakikatler susunca hikmetler kal\u0131r na\u00e7ar Ham hayaller elinde hamur olur sevgiler   G\u00fcne a\u011flar maziler, yar\u0131nlar ya\u015f\u0131 keser Ak\u0131l ayda yol arar, cehalet ba\u015f\u0131 keser Bir \u00e2limin s\u00f6zleri bazen sava\u015f\u0131 keser Umut olur \u00f6zlerde, umur olur sevgiler   Dillerde efsaneler a\u015fklara misal olur T\u00fcrk\u00fcler destanla\u015f\u0131r, \u00f6yk\u00fcler masal olur Elde yasak olanlar y\u00fcrekte yasal olur G\u00f6zlerde, g\u00f6n\u00fcllerde mahmur olur sevgiler   Ak\u015fam olur ufuklar k\u0131rm\u0131z\u0131ya boyan\u0131r Gecenin gizemleri g\u00f6ky\u00fcz\u00fcne dayan\u0131r  Her \u015fafa\u011f\u0131n koynunda bir istikbal uyan\u0131r Yar\u0131nlara yeniden memur olur sevgiler   G\u00fcnd\u00fczlerin \u00e7izgisi belli ise g\u00fcnde net G\u00fcllerin yeri, yurdu g\u00fclistan olur elbet Sinedense sevgiler, ne \u00e7ek ister ne senet Sevdan\u0131n saray\u0131nda mamur olur sevgiler<\/p>\n","protected":false},"excerpt":{"rendered":"<p>SENETS\u0130Z SEVG\u0130LER Seher vakti sevdalar sinelerde metlenir Y\u00e2d edilen yarenler dillerde denetlenir Yollar bir bir kesi\u015fir ve kollar kenetlenir Kucaklarda kar olur, ya\u011fmur olur sevgiler Selamlar\u0131<span class=\"excerpt-hellip\"> [\u2026]<\/span><\/p>\n","protected":false},"featured_media":0,"template":"","meta":{"_monsterinsights_skip_tracking":false,"_monsterinsights_sitenote_active":false,"_monsterinsights_sitenote_note":"","_monsterinsights_sitenote_category":0},"product_brand":[],"product_cat":[12291,12509],"product_tag":[],"class_list":{"0":"post-732346","1":"product","2":"type-product","3":"status-publish","5":"product_cat-edebiyat","6":"product_cat-siir","7":"pa_cilt-ciltsiz","8":"pa_tur-kitap","9":"pa_yayinevi-gulnar-yayinlari","10":"pa_yazar-hamit-goksoy","12":"first","13":"instock","14":"sale","15":"shipping-taxable","16":"purchasable","17":"product-type-simple"},"_links":{"self":[{"href":"https:\/\/roveyayinevi.com.tr\/index.php\/wp-json\/wp\/v2\/product\/732346","targetHints":{"allow":["GET"]}}],"collection":[{"href":"https:\/\/roveyayinevi.com.tr\/index.php\/wp-json\/wp\/v2\/product"}],"about":[{"href":"https:\/\/roveyayinevi.com.tr\/index.php\/wp-json\/wp\/v2\/types\/product"}],"wp:attachment":[{"href":"https:\/\/roveyayinevi.com.tr\/index.php\/wp-json\/wp\/v2\/media?parent=732346"}],"wp:term":[{"taxonomy":"product_brand","embeddable":true,"href":"https:\/\/roveyayinevi.com.tr\/index.php\/wp-json\/wp\/v2\/product_brand?post=732346"},{"taxonomy":"product_cat","embeddable":true,"href":"https:\/\/roveyayinevi.com.tr\/index.php\/wp-json\/wp\/v2\/product_cat?post=732346"},{"taxonomy":"product_tag","embeddable":true,"href":"https:\/\/roveyayinevi.com.tr\/index.php\/wp-json\/wp\/v2\/product_tag?post=732346"}],"curies":[{"name":"wp","href":"https:\/\/api.w.org\/{rel}","templated":true}]}}