{"id":732344,"date":"2025-08-27T21:48:41","date_gmt":"2025-08-27T18:48:41","guid":{"rendered":"https:\/\/roveyayinevi.com.tr\/index.php\/urun\/cocugum-ilkokula-hazir-mi\/"},"modified":"2026-04-16T02:40:17","modified_gmt":"2026-04-15T23:40:17","slug":"cocugum-ilkokula-hazir-mi","status":"publish","type":"product","link":"https:\/\/roveyayinevi.com.tr\/index.php\/urun\/cocugum-ilkokula-hazir-mi\/","title":{"rendered":"\u00c7ocu\u011fum \u0130lkokula Haz\u0131r M\u0131?"},"content":{"rendered":"<p>Sevgili anne babalar; ilkokula haz\u0131rl\u0131k alan\u0131nda \u00e7eyrek as\u0131rl\u0131k deneyimim bana \u015fu ana kadar ilkokula uyum sa\u011flayamayan bir \u00e7ocuk olmad\u0131\u011f\u0131n\u0131, ancak daha kolay ya da daha zor uyum sa\u011flayan \u00e7ocuklar\u0131n oldu\u011funu g\u00f6sterdi. Bu kitap \u00e7ocuklar\u0131n geli\u015fimlerinde \u00e7ok kritik bir s\u00fcre\u00e7 olan ilkokula h\u0131rpalanmadan, travmalar ya\u015famadan olumsuz okul alg\u0131s\u0131 geli\u015ftirmeden, okuma yazma \u00f6\u011frenmeye hevesli, ilkokula olumlu, mutluluk dolu g\u00fczel ba\u015flang\u0131\u00e7lar yapabilmesi i\u00e7in. Kitab\u0131 \u00e7ocuklar\u0131n\u0131z\u0131n evde ilkokula keyifle etkili bir \u015fekilde haz\u0131rlanabilmesi i\u00e7in evdeki malzemeleri kullanarak uygulayabilece\u011finiz dolu dolu bir ilkokula haz\u0131rl\u0131k oyun\/etkinlik ansiklopedisi \u015feklinde haz\u0131rlad\u0131m. \u00c7ocuklar\u0131m\u0131z\u0131n ilkokula giden yolda t\u00fcm geli\u015fim alanlar\u0131n\u0131 destekleyen toplam 182 adet e\u011flenceli oyun\/etkinli\u011fe yer verilmi\u015ftir. Alanda bir ilk olarak her oyuna\/etkinli\u011fe nas\u0131l ba\u015flayaca\u011f\u0131n\u0131z\u0131, \u00e7ocukta merak uyand\u0131rarak onu nas\u0131l davet edece\u011finizi de yazd\u0131m ki \u00e7ocuklar en \u00fcst fayday\u0131 sa\u011flayabilsinler. K\u0131ymetli anne babalar \u00c7ocu\u011funuz, Siz Olmadan Ba\u015faramaz. Bu kitap ile zorlu ama bir o kadar da keyifli olan bu yolculukta \u00e7ocuklar\u0131m\u0131zla oyunlar oynayarak onlar\u0131 ilkokula birlikte haz\u0131rlayaca\u011f\u0131z. Hepinizi sevgiyle kucakl\u0131yorum\u2026<\/p>\n","protected":false},"excerpt":{"rendered":"<p>Sevgili anne babalar; ilkokula haz\u0131rl\u0131k alan\u0131nda \u00e7eyrek as\u0131rl\u0131k deneyimim bana \u015fu ana kadar ilkokula uyum sa\u011flayamayan bir \u00e7ocuk olmad\u0131\u011f\u0131n\u0131, ancak daha kolay ya da daha zor<span class=\"excerpt-hellip\"> [\u2026]<\/span><\/p>\n","protected":false},"featured_media":0,"template":"","meta":{"_monsterinsights_skip_tracking":false,"_monsterinsights_sitenote_active":false,"_monsterinsights_sitenote_note":"","_monsterinsights_sitenote_category":0},"product_brand":[],"product_cat":[12831,12324],"product_tag":[],"class_list":{"0":"post-732344","1":"product","2":"type-product","3":"status-publish","5":"product_cat-aile-ve-cocuk","6":"product_cat-sosyoloji","7":"pa_cilt-ciltsiz","8":"pa_tur-kitap","9":"pa_yayinevi-nesil-yayinlari","10":"pa_yazar-ozgul-polat","12":"first","13":"instock","14":"sale","15":"shipping-taxable","16":"purchasable","17":"product-type-simple"},"_links":{"self":[{"href":"https:\/\/roveyayinevi.com.tr\/index.php\/wp-json\/wp\/v2\/product\/732344","targetHints":{"allow":["GET"]}}],"collection":[{"href":"https:\/\/roveyayinevi.com.tr\/index.php\/wp-json\/wp\/v2\/product"}],"about":[{"href":"https:\/\/roveyayinevi.com.tr\/index.php\/wp-json\/wp\/v2\/types\/product"}],"wp:attachment":[{"href":"https:\/\/roveyayinevi.com.tr\/index.php\/wp-json\/wp\/v2\/media?parent=732344"}],"wp:term":[{"taxonomy":"product_brand","embeddable":true,"href":"https:\/\/roveyayinevi.com.tr\/index.php\/wp-json\/wp\/v2\/product_brand?post=732344"},{"taxonomy":"product_cat","embeddable":true,"href":"https:\/\/roveyayinevi.com.tr\/index.php\/wp-json\/wp\/v2\/product_cat?post=732344"},{"taxonomy":"product_tag","embeddable":true,"href":"https:\/\/roveyayinevi.com.tr\/index.php\/wp-json\/wp\/v2\/product_tag?post=732344"}],"curies":[{"name":"wp","href":"https:\/\/api.w.org\/{rel}","templated":true}]}}