{"id":732342,"date":"2025-08-27T21:48:40","date_gmt":"2025-08-27T18:48:40","guid":{"rendered":"https:\/\/roveyayinevi.com.tr\/index.php\/urun\/muteferrikanin-izinde\/"},"modified":"2026-04-16T02:40:17","modified_gmt":"2026-04-15T23:40:17","slug":"muteferrikanin-izinde","status":"publish","type":"product","link":"https:\/\/roveyayinevi.com.tr\/index.php\/urun\/muteferrikanin-izinde\/","title":{"rendered":"M\u00fcteferrika&#8217;n\u0131n \u0130zinde"},"content":{"rendered":"<p>Kitaplar hakk\u0131ndaki kitaplar, en g\u00fczel kalem verimlerindendir. Bat\u0131 \u00fcniversitelerinde kitap tarihi ile ilgili k\u00fcrs\u00fcler, \u201ckitap tarihi profes\u00f6r\u00fc\u201d unvanl\u0131 akademisyenler bulunurken, \u00fclkemizde bu konuya gereken \u00f6nemin verildi\u011fini s\u00f6ylemek maalesef zordur. Son y\u0131llarda dikkate de\u011fer birka\u00e7 akademik eser yay\u0131mlanarak uzun y\u0131llar\u0131n ihmali telafi edilmeye ba\u015flanm\u0131\u015ft\u0131r. Elinizdeki \u00e7al\u0131\u015fma, yazar\u0131n 1993\u2019ten bu yana muhtelif dergilerde \u00e7\u0131kan kitap tarihiyle ilgili incelemelerinin bir araya getirilmesinden olu\u015fmaktad\u0131r. T\u00fcrk\u00e7e kitaplar\u0131n yan\u0131 s\u0131ra Bat\u0131\u2019da T\u00fcrkiye hakk\u0131nda \u00e7\u0131km\u0131\u015f kitaplar da \u00e7e\u015fitli yaz\u0131larda ele al\u0131nm\u0131\u015ft\u0131r. M\u00fcteferrika\u2019n\u0131n \u0130zinde kitap ve matbuat tarihine ilgi duyanlara hitap etmek, kitap k\u00fclt\u00fcr\u00fcne katk\u0131 sa\u011flamay\u0131 ama\u00e7lamak \u00fczere ba\u015flatt\u0131\u011f\u0131m\u0131z \u201cKitabiyat\u201d serimizin ilk eseridir.<\/p>\n","protected":false},"excerpt":{"rendered":"<p>Kitaplar hakk\u0131ndaki kitaplar, en g\u00fczel kalem verimlerindendir. Bat\u0131 \u00fcniversitelerinde kitap tarihi ile ilgili k\u00fcrs\u00fcler, \u201ckitap tarihi profes\u00f6r\u00fc\u201d unvanl\u0131 akademisyenler bulunurken, \u00fclkemizde bu konuya gereken \u00f6nemin verildi\u011fini<span class=\"excerpt-hellip\"> [\u2026]<\/span><\/p>\n","protected":false},"featured_media":0,"template":"","meta":{"_monsterinsights_skip_tracking":false,"_monsterinsights_sitenote_active":false,"_monsterinsights_sitenote_note":"","_monsterinsights_sitenote_category":0},"product_brand":[],"product_cat":[12370,12304],"product_tag":[],"class_list":{"0":"post-732342","1":"product","2":"type-product","3":"status-publish","5":"product_cat-arastirma-inceleme","6":"product_cat-tarih","7":"pa_cilt-ciltsiz","8":"pa_tur-kitap","9":"pa_yayinevi-otuken-nesriyat","10":"pa_yazar-yahya-erdem","12":"first","13":"instock","14":"sale","15":"shipping-taxable","16":"purchasable","17":"product-type-simple"},"_links":{"self":[{"href":"https:\/\/roveyayinevi.com.tr\/index.php\/wp-json\/wp\/v2\/product\/732342","targetHints":{"allow":["GET"]}}],"collection":[{"href":"https:\/\/roveyayinevi.com.tr\/index.php\/wp-json\/wp\/v2\/product"}],"about":[{"href":"https:\/\/roveyayinevi.com.tr\/index.php\/wp-json\/wp\/v2\/types\/product"}],"wp:attachment":[{"href":"https:\/\/roveyayinevi.com.tr\/index.php\/wp-json\/wp\/v2\/media?parent=732342"}],"wp:term":[{"taxonomy":"product_brand","embeddable":true,"href":"https:\/\/roveyayinevi.com.tr\/index.php\/wp-json\/wp\/v2\/product_brand?post=732342"},{"taxonomy":"product_cat","embeddable":true,"href":"https:\/\/roveyayinevi.com.tr\/index.php\/wp-json\/wp\/v2\/product_cat?post=732342"},{"taxonomy":"product_tag","embeddable":true,"href":"https:\/\/roveyayinevi.com.tr\/index.php\/wp-json\/wp\/v2\/product_tag?post=732342"}],"curies":[{"name":"wp","href":"https:\/\/api.w.org\/{rel}","templated":true}]}}