{"id":732337,"date":"2025-08-27T21:48:35","date_gmt":"2025-08-27T18:48:35","guid":{"rendered":"https:\/\/roveyayinevi.com.tr\/index.php\/urun\/ayna-ayna-ciltli\/"},"modified":"2026-04-16T02:40:17","modified_gmt":"2026-04-15T23:40:17","slug":"ayna-ayna-ciltli","status":"publish","type":"product","link":"https:\/\/roveyayinevi.com.tr\/index.php\/urun\/ayna-ayna-ciltli\/","title":{"rendered":"Ayna Ayna (Ciltli)"},"content":{"rendered":"<p>Dost\u00c2\u015fikKurbanHa\u0130nAynaya bakt\u0131\u011f\u0131nda sen ne g\u00f6r\u00fcyorsun?Ayna Ayna m\u00fczik grubunun on alt\u0131 ya\u015f\u0131ndaki \u00fcyeleri Red, Rose, Leo ve Naomi, hem hayattan ne istediklerini ke\u015ffetmeye \u00e7al\u0131\u015f\u0131yor hem de gelecekte onlar\u0131 \u015fimdikinden \u00e7ok daha g\u00fczel \u015feylerin bekledi\u011fini umuyorlard\u0131.Tabii bu, Naomi\u2019nin ba\u015f\u0131na gelenlerden \u00f6nceydi. Herkes onun intihar etti\u011finden eminken arkada\u015flar\u0131 buna inanm\u0131yordu. Naomi komada, Rose e\u011flence \u00e2leminde, Leo ise kendi karanl\u0131\u011f\u0131nda kaybolmu\u015ftu. En ba\u015f\u0131nda i\u015faretleri ka\u00e7\u0131rd\u0131\u011f\u0131 i\u00e7in kendini bir t\u00fcrl\u00fc affedemeyen Red ise sadece ger\u00e7e\u011fin pe\u015findeydi.\u201cZamana kar\u015f\u0131 yar\u0131\u015fta soluksuz okuyaca\u011f\u0131n\u0131z bir gizemin etraf\u0131nda \u015fekillenen, a\u015fka ve dostlu\u011fa dair \u00e7arp\u0131c\u0131 bir roman.\u201d \u2014julie Cohen\u201cKesinlikle m\u00fcthi\u015f bir ters k\u00f6\u015fe.\u201d \u2014Cosmopolitan\u201cCara Delevingne\u2019in yapt\u0131\u011f\u0131 en etkileyici \u015fey olabilir.\u201d \u2014The Edit\u201cKaranl\u0131k temalar\u0131yla harika bir gen\u00e7lik gizemi.\u201d \u2014Glamour\u201cC\u00fcretk\u00e2r, cesur ve vah\u015fi.\u201d \u2014Independent<\/p>\n","protected":false},"excerpt":{"rendered":"<p>Dost\u00c2\u015fikKurbanHa\u0130nAynaya bakt\u0131\u011f\u0131nda sen ne g\u00f6r\u00fcyorsun?Ayna Ayna m\u00fczik grubunun on alt\u0131 ya\u015f\u0131ndaki \u00fcyeleri Red, Rose, Leo ve Naomi, hem hayattan ne istediklerini ke\u015ffetmeye \u00e7al\u0131\u015f\u0131yor hem de gelecekte<span class=\"excerpt-hellip\"> [\u2026]<\/span><\/p>\n","protected":false},"featured_media":0,"template":"","meta":{"_monsterinsights_skip_tracking":false,"_monsterinsights_sitenote_active":false,"_monsterinsights_sitenote_note":"","_monsterinsights_sitenote_category":0},"product_brand":[],"product_cat":[12291,12711],"product_tag":[],"class_list":{"0":"post-732337","1":"product","2":"type-product","3":"status-publish","5":"product_cat-edebiyat","6":"product_cat-roman-oyku","7":"pa_cilt-ciltli","8":"pa_tur-kitap","9":"pa_yayinevi-yabanci-yayinevi","10":"pa_yazar-cara-delevingne","12":"first","13":"instock","14":"sale","15":"shipping-taxable","16":"purchasable","17":"product-type-simple"},"_links":{"self":[{"href":"https:\/\/roveyayinevi.com.tr\/index.php\/wp-json\/wp\/v2\/product\/732337","targetHints":{"allow":["GET"]}}],"collection":[{"href":"https:\/\/roveyayinevi.com.tr\/index.php\/wp-json\/wp\/v2\/product"}],"about":[{"href":"https:\/\/roveyayinevi.com.tr\/index.php\/wp-json\/wp\/v2\/types\/product"}],"wp:attachment":[{"href":"https:\/\/roveyayinevi.com.tr\/index.php\/wp-json\/wp\/v2\/media?parent=732337"}],"wp:term":[{"taxonomy":"product_brand","embeddable":true,"href":"https:\/\/roveyayinevi.com.tr\/index.php\/wp-json\/wp\/v2\/product_brand?post=732337"},{"taxonomy":"product_cat","embeddable":true,"href":"https:\/\/roveyayinevi.com.tr\/index.php\/wp-json\/wp\/v2\/product_cat?post=732337"},{"taxonomy":"product_tag","embeddable":true,"href":"https:\/\/roveyayinevi.com.tr\/index.php\/wp-json\/wp\/v2\/product_tag?post=732337"}],"curies":[{"name":"wp","href":"https:\/\/api.w.org\/{rel}","templated":true}]}}