{"id":732335,"date":"2025-08-27T21:48:33","date_gmt":"2025-08-27T18:48:33","guid":{"rendered":"https:\/\/roveyayinevi.com.tr\/index.php\/urun\/mezarlariniza-tukurecegim-2\/"},"modified":"2026-04-16T02:40:17","modified_gmt":"2026-04-15T23:40:17","slug":"mezarlariniza-tukurecegim-2","status":"publish","type":"product","link":"https:\/\/roveyayinevi.com.tr\/index.php\/urun\/mezarlariniza-tukurecegim-2\/","title":{"rendered":"Mezarlar\u0131n\u0131za T\u00fck\u00fcrece\u011fim"},"content":{"rendered":"<p>\u201cZaman\u0131 geldi\u011finde Tanr\u0131 seni affedecektir. Ama O\u2019na, kollar\u0131n ve y\u00fcre\u011fin a\u00e7\u0131k gitmek zorundas\u0131n.\u201d Bor\u0131s Vian\u2019\u0131n en \u00e7ok tart\u0131\u015f\u0131lan eserlerinden biri olan Mezarlar\u0131n\u0131za T\u00fck\u00fcrece\u011fim\u2019in \u00e7izgi roman uyarlamas\u0131, yazar\u0131n sert ve provokatif c\u00fcmlelerini \u015fahane bir bi\u00e7imde g\u00f6rsele aktar\u0131yor. Yirmi alt\u0131 ya\u015f\u0131ndaki, beyaz tenli bir melez olan Lee Anderson, beyaz bir k\u0131za \u00e2\u015f\u0131k oldu\u011fu i\u00e7in lin\u00e7 edilen siyah abisinin \u00f6l\u00fcm\u00fcnden sonra kasabas\u0131ndan ayr\u0131l\u0131r, ABD\u2019nin g\u00fcneyindeki Buckton\u2019da bir kitap\u00e7\u0131da i\u015fe girer. Yetenekli bir blues m\u00fczisyeninin sesine sahip olan, uzun boylu, yak\u0131\u015f\u0131kl\u0131 ve c\u00f6mert Lee, kasabadaki k\u0131zlar\u0131n ilgisini \u00fcst\u00fcne \u00e7eker. Edindi\u011fi arkada\u015flarla birlikte sefahat hayat\u0131 s\u00fcrmeye ba\u015flar fakat akl\u0131nda tek bir d\u00fc\u015f\u00fcnce vard\u0131r: Olabilecek her \u015fekilde abisinin intikam\u0131n\u0131 almak.Mezarlar\u0131n\u0131za T\u00fck\u00fcrece\u011fim, Jean-David Morvan (Yedi Yakuza) taraf\u0131ndan \u00e7izgi romana uyarland\u0131 ve Rafael Ortiz (Crossed), Scietronc (Ted Bundy) ve Rey Macutay (Ravage) taraf\u0131ndan resimlendi.<\/p>\n","protected":false},"excerpt":{"rendered":"<p>\u201cZaman\u0131 geldi\u011finde Tanr\u0131 seni affedecektir. Ama O\u2019na, kollar\u0131n ve y\u00fcre\u011fin a\u00e7\u0131k gitmek zorundas\u0131n.\u201d Bor\u0131s Vian\u2019\u0131n en \u00e7ok tart\u0131\u015f\u0131lan eserlerinden biri olan Mezarlar\u0131n\u0131za T\u00fck\u00fcrece\u011fim\u2019in \u00e7izgi roman uyarlamas\u0131,<span class=\"excerpt-hellip\"> [\u2026]<\/span><\/p>\n","protected":false},"featured_media":0,"template":"","meta":{"_monsterinsights_skip_tracking":false,"_monsterinsights_sitenote_active":false,"_monsterinsights_sitenote_note":"","_monsterinsights_sitenote_category":0},"product_brand":[],"product_cat":[12416,12291],"product_tag":[],"class_list":{"0":"post-732335","1":"product","2":"type-product","3":"status-publish","5":"product_cat-cizgi-roman","6":"product_cat-edebiyat","7":"pa_cilt-ciltsiz","8":"pa_tur-kitap","9":"pa_yayinevi-ithaki-yayinlari","10":"pa_yazar-boris-vian","12":"first","13":"instock","14":"sale","15":"shipping-taxable","16":"purchasable","17":"product-type-simple"},"_links":{"self":[{"href":"https:\/\/roveyayinevi.com.tr\/index.php\/wp-json\/wp\/v2\/product\/732335","targetHints":{"allow":["GET"]}}],"collection":[{"href":"https:\/\/roveyayinevi.com.tr\/index.php\/wp-json\/wp\/v2\/product"}],"about":[{"href":"https:\/\/roveyayinevi.com.tr\/index.php\/wp-json\/wp\/v2\/types\/product"}],"wp:attachment":[{"href":"https:\/\/roveyayinevi.com.tr\/index.php\/wp-json\/wp\/v2\/media?parent=732335"}],"wp:term":[{"taxonomy":"product_brand","embeddable":true,"href":"https:\/\/roveyayinevi.com.tr\/index.php\/wp-json\/wp\/v2\/product_brand?post=732335"},{"taxonomy":"product_cat","embeddable":true,"href":"https:\/\/roveyayinevi.com.tr\/index.php\/wp-json\/wp\/v2\/product_cat?post=732335"},{"taxonomy":"product_tag","embeddable":true,"href":"https:\/\/roveyayinevi.com.tr\/index.php\/wp-json\/wp\/v2\/product_tag?post=732335"}],"curies":[{"name":"wp","href":"https:\/\/api.w.org\/{rel}","templated":true}]}}