{"id":732334,"date":"2025-08-27T21:48:32","date_gmt":"2025-08-27T18:48:32","guid":{"rendered":"https:\/\/roveyayinevi.com.tr\/index.php\/urun\/kitaplar-ve-sigaralar-2\/"},"modified":"2026-04-16T02:40:17","modified_gmt":"2026-04-15T23:40:17","slug":"kitaplar-ve-sigaralar-2","status":"publish","type":"product","link":"https:\/\/roveyayinevi.com.tr\/index.php\/urun\/kitaplar-ve-sigaralar-2\/","title":{"rendered":"Kitaplar ve Sigaralar"},"content":{"rendered":"<p>George Orwell\u2019in ne zaman sigara i\u00e7meye ba\u015flad\u0131\u011f\u0131na dair herhangi bir kay\u0131t yok. Sadece sigara i\u00e7menin yasak oldu\u011fu Eton Koleji\u2019ne gelmeden \u00f6nce ba\u015flad\u0131\u011f\u0131n\u0131 biliyoruz. Hayat\u0131 boyunca ci\u011ferlerinde sorunlar ya\u015fayan ve sert t\u00fct\u00fcnden sigaralar\u0131 tek elle sarmaya Fransa\u2019da ge\u00e7irdi\u011fi d\u00f6nemde al\u0131\u015fan Orwell ger\u00e7ekten de sa\u011flam bir tiryakiydi, BBC\u2019de \u00e7al\u0131\u015ft\u0131\u011f\u0131 s\u0131ralarda kantinde yamuk yumuk sarma sigaralar t\u00fctt\u00fcrd\u00fc\u011f\u00fcn\u00fc g\u00f6ren arkada\u015flar\u0131 bu manzaray\u0131 asla unutmayacaklard\u0131.Kitaplar ve Sigaralar, yazar\u0131n yedi denemesini bir araya getiriyor. Bu denemelerde, Orwell\u2019in kitaba m\u0131 yoksa sigaraya m\u0131 daha \u00e7ok para harcad\u0131\u011f\u0131na dair hesaplar\u0131n\u0131, kitap\u00e7\u0131l\u0131k yapt\u0131\u011f\u0131 g\u00fcnlerdeki an\u0131lar\u0131n\u0131, sans\u00fcre ve ele\u015ftirmenli\u011fe dair fikirlerini g\u00f6rebiliyor, ayr\u0131ca \u00e7ocuklu\u011funun Birinci D\u00fcnya Sava\u015f\u0131 \u00f6ncesindeki g\u00fcnlerini de okuyabilme \u015fans\u0131 buluyoruz.\u201cHastanedeki yata\u011f\u0131n\u0131n yan\u0131ndaki, hayatta kalsayd\u0131 kaleme alabilece\u011fi romanlara dair notlar\u0131ndan birinde \u2018Sigara Odas\u0131 Hik\u00e2yesi\u2019 yaz\u0131yordu. George Orwell\u2019in hayat hik\u00e2yesine de uygun bir ba\u015fl\u0131kt\u0131 bu.\u201d \u2013John Sutherland\u201cOrwell\u2019in denemecili\u011fi, estetik a\u00e7\u0131dan d\u00fc\u015f\u00fcn\u00fcld\u00fc\u011f\u00fcnde, romanc\u0131l\u0131\u011f\u0131ndan \u00e7ok daha iyidir.\u201d \u2013Harold Bloom<\/p>\n","protected":false},"excerpt":{"rendered":"<p>George Orwell\u2019in ne zaman sigara i\u00e7meye ba\u015flad\u0131\u011f\u0131na dair herhangi bir kay\u0131t yok. Sadece sigara i\u00e7menin yasak oldu\u011fu Eton Koleji\u2019ne gelmeden \u00f6nce ba\u015flad\u0131\u011f\u0131n\u0131 biliyoruz. Hayat\u0131 boyunca ci\u011ferlerinde<span class=\"excerpt-hellip\"> [\u2026]<\/span><\/p>\n","protected":false},"featured_media":0,"template":"","meta":{"_monsterinsights_skip_tracking":false,"_monsterinsights_sitenote_active":false,"_monsterinsights_sitenote_note":"","_monsterinsights_sitenote_category":0},"product_brand":[],"product_cat":[12777,12291],"product_tag":[],"class_list":{"0":"post-732334","1":"product","2":"type-product","3":"status-publish","5":"product_cat-deneme","6":"product_cat-edebiyat","7":"pa_cilt-ciltsiz","8":"pa_tur-kitap","9":"pa_yayinevi-ithaki-yayinlari","10":"pa_yazar-george-orwell","12":"first","13":"instock","14":"sale","15":"shipping-taxable","16":"purchasable","17":"product-type-simple"},"_links":{"self":[{"href":"https:\/\/roveyayinevi.com.tr\/index.php\/wp-json\/wp\/v2\/product\/732334","targetHints":{"allow":["GET"]}}],"collection":[{"href":"https:\/\/roveyayinevi.com.tr\/index.php\/wp-json\/wp\/v2\/product"}],"about":[{"href":"https:\/\/roveyayinevi.com.tr\/index.php\/wp-json\/wp\/v2\/types\/product"}],"wp:attachment":[{"href":"https:\/\/roveyayinevi.com.tr\/index.php\/wp-json\/wp\/v2\/media?parent=732334"}],"wp:term":[{"taxonomy":"product_brand","embeddable":true,"href":"https:\/\/roveyayinevi.com.tr\/index.php\/wp-json\/wp\/v2\/product_brand?post=732334"},{"taxonomy":"product_cat","embeddable":true,"href":"https:\/\/roveyayinevi.com.tr\/index.php\/wp-json\/wp\/v2\/product_cat?post=732334"},{"taxonomy":"product_tag","embeddable":true,"href":"https:\/\/roveyayinevi.com.tr\/index.php\/wp-json\/wp\/v2\/product_tag?post=732334"}],"curies":[{"name":"wp","href":"https:\/\/api.w.org\/{rel}","templated":true}]}}