{"id":732333,"date":"2025-08-27T21:48:31","date_gmt":"2025-08-27T18:48:31","guid":{"rendered":"https:\/\/roveyayinevi.com.tr\/index.php\/urun\/neden-yaziyorum-2\/"},"modified":"2026-04-16T02:40:17","modified_gmt":"2026-04-15T23:40:17","slug":"neden-yaziyorum-2","status":"publish","type":"product","link":"https:\/\/roveyayinevi.com.tr\/index.php\/urun\/neden-yaziyorum-2\/","title":{"rendered":"Neden Yaz\u0131yorum"},"content":{"rendered":"<p>George Orwell be\u015f alt\u0131 ya\u015flar\u0131ndan itibaren yazar olmas\u0131 gerekti\u011fini biliyordu. Bir kaplana dair oldu\u011funu hat\u0131rlad\u0131\u011f\u0131, k\u00fc\u00e7\u00fck ya\u015fta kaleme ald\u0131\u011f\u0131 ilk \u015fiirinden ba\u015flayarak onu ge\u00e7imini sa\u011flayaca\u011f\u0131 denemelere, 1984 ve Hayvan \u00c7iftli\u011fi gibi klasiklere kadar g\u00f6t\u00fcren yazarl\u0131k yolculu\u011funda bildi\u011fi yoldan \u015fa\u015fmayan bir kalemdi. \u201cNeden Yaz\u0131yorum\u201d bu a\u00e7\u0131dan, bo\u015f sayfan\u0131n ba\u015f\u0131na ge\u00e7en yaln\u0131z \u00e7ocuklar, yaz\u0131ya hayat\u0131n\u0131 adayanlar i\u00e7in de\u011ferini hi\u00e7 kaybetmeyen bir metin oldu.George Orwell Neden Yaz\u0131yorum\u2019a ad\u0131n\u0131 veren denemesinde yazma i\u00e7g\u00fcd\u00fcs\u00fcn\u00fcn ard\u0131ndaki sebeplerin neler olabilece\u011fini irdeliyor, \u201cAslan ile Tekboynuz\u201dda sava\u015f zaman\u0131 \u0130ngiltere\u2019sine mercek tutuyor, \u201cBir \u0130dam\u201dda Burma\u2019da g\u00f6rev yapt\u0131\u011f\u0131 d\u00f6nemde idam edilen bir mahk\u00fbmu anlat\u0131yor, \u201cBir Fili Vurmak\u201dta ise yine Burma\u2019da sald\u0131rgan bir fili \u00f6ld\u00fcrmesi emredildi\u011finde ya\u015fananlar\u0131 aktar\u0131yor.\u201c\u2018Neden Yaz\u0131yorum\u2019 bir\u00e7ok nesilden okuru derinden etkiledi. \u00c7\u00fcnk\u00fc kemikten gelen bir ahlaki g\u00fcvenirli\u011fe, sanatsal kuvvete sahip bir adam ve yazar olan George Orwell\u2019in kaleminden \u00e7\u0131km\u0131\u015ft\u0131; ne yaz\u0131yorsa onu ya\u015f\u0131yor ve tecr\u00fcbelerinin derinliklerinden beslenerek yaz\u0131yordu o.\u201d \u2013John Rodden\u201cOrwell; Hazlitt, belki de Dr. Johnson\u2019dan sonra, en b\u00fcy\u00fck \u0130ngiliz denemecisi.\u201d \u2013Irving Howe<\/p>\n","protected":false},"excerpt":{"rendered":"<p>George Orwell be\u015f alt\u0131 ya\u015flar\u0131ndan itibaren yazar olmas\u0131 gerekti\u011fini biliyordu. Bir kaplana dair oldu\u011funu hat\u0131rlad\u0131\u011f\u0131, k\u00fc\u00e7\u00fck ya\u015fta kaleme ald\u0131\u011f\u0131 ilk \u015fiirinden ba\u015flayarak onu ge\u00e7imini sa\u011flayaca\u011f\u0131 denemelere,<span class=\"excerpt-hellip\"> [\u2026]<\/span><\/p>\n","protected":false},"featured_media":0,"template":"","meta":{"_monsterinsights_skip_tracking":false,"_monsterinsights_sitenote_active":false,"_monsterinsights_sitenote_note":"","_monsterinsights_sitenote_category":0},"product_brand":[],"product_cat":[12777,12291],"product_tag":[],"class_list":{"0":"post-732333","1":"product","2":"type-product","3":"status-publish","5":"product_cat-deneme","6":"product_cat-edebiyat","7":"pa_cilt-ciltsiz","8":"pa_tur-kitap","9":"pa_yayinevi-ithaki-yayinlari","10":"pa_yazar-george-orwell","12":"first","13":"instock","14":"sale","15":"shipping-taxable","16":"purchasable","17":"product-type-simple"},"_links":{"self":[{"href":"https:\/\/roveyayinevi.com.tr\/index.php\/wp-json\/wp\/v2\/product\/732333","targetHints":{"allow":["GET"]}}],"collection":[{"href":"https:\/\/roveyayinevi.com.tr\/index.php\/wp-json\/wp\/v2\/product"}],"about":[{"href":"https:\/\/roveyayinevi.com.tr\/index.php\/wp-json\/wp\/v2\/types\/product"}],"wp:attachment":[{"href":"https:\/\/roveyayinevi.com.tr\/index.php\/wp-json\/wp\/v2\/media?parent=732333"}],"wp:term":[{"taxonomy":"product_brand","embeddable":true,"href":"https:\/\/roveyayinevi.com.tr\/index.php\/wp-json\/wp\/v2\/product_brand?post=732333"},{"taxonomy":"product_cat","embeddable":true,"href":"https:\/\/roveyayinevi.com.tr\/index.php\/wp-json\/wp\/v2\/product_cat?post=732333"},{"taxonomy":"product_tag","embeddable":true,"href":"https:\/\/roveyayinevi.com.tr\/index.php\/wp-json\/wp\/v2\/product_tag?post=732333"}],"curies":[{"name":"wp","href":"https:\/\/api.w.org\/{rel}","templated":true}]}}