{"id":732326,"date":"2025-08-27T21:48:24","date_gmt":"2025-08-27T18:48:24","guid":{"rendered":"https:\/\/roveyayinevi.com.tr\/index.php\/urun\/minik-degilsin\/"},"modified":"2026-04-16T02:40:17","modified_gmt":"2026-04-15T23:40:17","slug":"minik-degilsin","status":"publish","type":"product","link":"https:\/\/roveyayinevi.com.tr\/index.php\/urun\/minik-degilsin\/","title":{"rendered":"Minik (De\u011filsin)"},"content":{"rendered":"<p>Theodor Seuss Geisel \u00d6d\u00fcll\u00fc yazar Anna Kang ve \u00e7izer Christopher Weyant, \u00e7ocuklara anla\u015fmazl\u0131klar\u0131 \u00e7\u00f6zmeyi \u00f6\u011fretirken onlar\u0131 e\u011flendirmeyi de unutmayan kitaplarla kar\u015f\u0131n\u0131zda! Kork(M)uyorum ve Benim (De\u011fil) adl\u0131 kitaplarla tan\u0131y\u0131p sevdi\u011fimiz iki pofidik yarat\u0131\u011f\u0131m\u0131z bu kez de kimin k\u00fc\u00e7\u00fck, kimin daha b\u00fcy\u00fck oldu\u011fu konusunda anla\u015fmazl\u0131\u011fa d\u00fc\u015f\u00fcyor. Ancak merak etmeyin, onlar\u0131 ziyarete gelen s\u00fcrpriz bir konuk sayesinde bu tart\u0131\u015fma \u00e7ok uzun s\u00fcrmeyecek&#8230;<\/p>\n","protected":false},"excerpt":{"rendered":"<p>Theodor Seuss Geisel \u00d6d\u00fcll\u00fc yazar Anna Kang ve \u00e7izer Christopher Weyant, \u00e7ocuklara anla\u015fmazl\u0131klar\u0131 \u00e7\u00f6zmeyi \u00f6\u011fretirken onlar\u0131 e\u011flendirmeyi de unutmayan kitaplarla kar\u015f\u0131n\u0131zda! Kork(M)uyorum ve Benim (De\u011fil) adl\u0131<span class=\"excerpt-hellip\"> [\u2026]<\/span><\/p>\n","protected":false},"featured_media":0,"template":"","meta":{"_monsterinsights_skip_tracking":false,"_monsterinsights_sitenote_active":false,"_monsterinsights_sitenote_note":"","_monsterinsights_sitenote_category":0},"product_brand":[],"product_cat":[12274,12518],"product_tag":[],"class_list":{"0":"post-732326","1":"product","2":"type-product","3":"status-publish","5":"product_cat-cocuk-ve-genclik-kitaplari","6":"product_cat-okul-oncesi-kitaplar","7":"pa_cilt-ciltsiz","8":"pa_tur-kitap","9":"pa_yayinevi-ucan-fil-yayinlari","10":"pa_yazar-anna-kang","12":"first","13":"instock","14":"sale","15":"shipping-taxable","16":"purchasable","17":"product-type-simple"},"_links":{"self":[{"href":"https:\/\/roveyayinevi.com.tr\/index.php\/wp-json\/wp\/v2\/product\/732326","targetHints":{"allow":["GET"]}}],"collection":[{"href":"https:\/\/roveyayinevi.com.tr\/index.php\/wp-json\/wp\/v2\/product"}],"about":[{"href":"https:\/\/roveyayinevi.com.tr\/index.php\/wp-json\/wp\/v2\/types\/product"}],"wp:attachment":[{"href":"https:\/\/roveyayinevi.com.tr\/index.php\/wp-json\/wp\/v2\/media?parent=732326"}],"wp:term":[{"taxonomy":"product_brand","embeddable":true,"href":"https:\/\/roveyayinevi.com.tr\/index.php\/wp-json\/wp\/v2\/product_brand?post=732326"},{"taxonomy":"product_cat","embeddable":true,"href":"https:\/\/roveyayinevi.com.tr\/index.php\/wp-json\/wp\/v2\/product_cat?post=732326"},{"taxonomy":"product_tag","embeddable":true,"href":"https:\/\/roveyayinevi.com.tr\/index.php\/wp-json\/wp\/v2\/product_tag?post=732326"}],"curies":[{"name":"wp","href":"https:\/\/api.w.org\/{rel}","templated":true}]}}