{"id":732325,"date":"2025-08-27T21:48:23","date_gmt":"2025-08-27T18:48:23","guid":{"rendered":"https:\/\/roveyayinevi.com.tr\/index.php\/urun\/gelmis-gecmis-en-buyuk-fizikciler-bilgi-kupu-serisi\/"},"modified":"2026-04-16T02:40:17","modified_gmt":"2026-04-15T23:40:17","slug":"gelmis-gecmis-en-buyuk-fizikciler-bilgi-kupu-serisi","status":"publish","type":"product","link":"https:\/\/roveyayinevi.com.tr\/index.php\/urun\/gelmis-gecmis-en-buyuk-fizikciler-bilgi-kupu-serisi\/","title":{"rendered":"Gelmi\u015f Ge\u00e7mi\u015f En B\u00fcy\u00fck Fizik\u00e7iler &#8211; Bilgi K\u00fcp\u00fc Serisi"},"content":{"rendered":"<p>Bilgi K\u00fcp\u00fc Serisinin Yeni Kitab\u0131 \u201cGelmi\u015f Ge\u00e7mi\u015f En B\u00fcy\u00fck Fizik\u00e7iler\u201d T\u00fcm Kitap\u00e7\u0131larda*Ar\u015fimet neyi ke\u015ffetti?*Yer\u00e7ekimi \u00fczerine hangi \u00e7al\u0131\u015fmalar yap\u0131ld\u0131?*Radyo nas\u0131l icat edildi?Fizik bilimine ad\u0131m atmaya ve \u00f6nemli fizik\u00e7ilerle tan\u0131\u015fmaya haz\u0131r m\u0131s\u0131n?Gelmi\u015f Ge\u00e7mi\u015f En B\u00fcy\u00fck Fizik\u00e7iler, alan\u0131nda \u00f6nde gelen bilim insanlar\u0131n\u0131 tan\u0131t\u0131p onlar\u0131n bilimsel \u00e7al\u0131\u015fmalar\u0131n\u0131 olduk\u00e7a detayl\u0131 ve ilgi \u00e7ekecek bir bi\u00e7imde \u00f6\u011fretirken \u00e7ocuklara da ilham veriyor.<\/p>\n","protected":false},"excerpt":{"rendered":"<p>Bilgi K\u00fcp\u00fc Serisinin Yeni Kitab\u0131 \u201cGelmi\u015f Ge\u00e7mi\u015f En B\u00fcy\u00fck Fizik\u00e7iler\u201d T\u00fcm Kitap\u00e7\u0131larda*Ar\u015fimet neyi ke\u015ffetti?*Yer\u00e7ekimi \u00fczerine hangi \u00e7al\u0131\u015fmalar yap\u0131ld\u0131?*Radyo nas\u0131l icat edildi?Fizik bilimine ad\u0131m atmaya ve \u00f6nemli<span class=\"excerpt-hellip\"> [\u2026]<\/span><\/p>\n","protected":false},"featured_media":0,"template":"","meta":{"_monsterinsights_skip_tracking":false,"_monsterinsights_sitenote_active":false,"_monsterinsights_sitenote_note":"","_monsterinsights_sitenote_category":0},"product_brand":[],"product_cat":[13829,12274],"product_tag":[],"class_list":{"0":"post-732325","1":"product","2":"type-product","3":"status-publish","5":"product_cat-bilimsel-kitaplar","6":"product_cat-cocuk-ve-genclik-kitaplari","7":"pa_cilt-ciltsiz","8":"pa_tur-kitap","9":"pa_yayinevi-the-cocuk","10":"pa_yazar-gerry-bailey","12":"first","13":"instock","14":"sale","15":"shipping-taxable","16":"purchasable","17":"product-type-simple"},"_links":{"self":[{"href":"https:\/\/roveyayinevi.com.tr\/index.php\/wp-json\/wp\/v2\/product\/732325","targetHints":{"allow":["GET"]}}],"collection":[{"href":"https:\/\/roveyayinevi.com.tr\/index.php\/wp-json\/wp\/v2\/product"}],"about":[{"href":"https:\/\/roveyayinevi.com.tr\/index.php\/wp-json\/wp\/v2\/types\/product"}],"wp:attachment":[{"href":"https:\/\/roveyayinevi.com.tr\/index.php\/wp-json\/wp\/v2\/media?parent=732325"}],"wp:term":[{"taxonomy":"product_brand","embeddable":true,"href":"https:\/\/roveyayinevi.com.tr\/index.php\/wp-json\/wp\/v2\/product_brand?post=732325"},{"taxonomy":"product_cat","embeddable":true,"href":"https:\/\/roveyayinevi.com.tr\/index.php\/wp-json\/wp\/v2\/product_cat?post=732325"},{"taxonomy":"product_tag","embeddable":true,"href":"https:\/\/roveyayinevi.com.tr\/index.php\/wp-json\/wp\/v2\/product_tag?post=732325"}],"curies":[{"name":"wp","href":"https:\/\/api.w.org\/{rel}","templated":true}]}}