{"id":732324,"date":"2025-08-27T21:48:22","date_gmt":"2025-08-27T18:48:22","guid":{"rendered":"https:\/\/roveyayinevi.com.tr\/index.php\/urun\/gelmis-gecmis-en-buyuk-kimyagerler-bilgi-kupu-serisi\/"},"modified":"2026-04-16T02:40:17","modified_gmt":"2026-04-15T23:40:17","slug":"gelmis-gecmis-en-buyuk-kimyagerler-bilgi-kupu-serisi","status":"publish","type":"product","link":"https:\/\/roveyayinevi.com.tr\/index.php\/urun\/gelmis-gecmis-en-buyuk-kimyagerler-bilgi-kupu-serisi\/","title":{"rendered":"Gelmi\u015f Ge\u00e7mi\u015f En B\u00fcy\u00fck Kimyagerler &#8211; Bilgi K\u00fcp\u00fc Serisi"},"content":{"rendered":"<p>*Modern kimya bilimi nas\u0131l ba\u015flad\u0131? *G\u0131dalar\u0131 bozulmadan saklamay\u0131 kim ke\u015ffetti? *Oksijen gaz\u0131 nas\u0131l bulundu? Kimya bilimine ad\u0131m atmaya ve \u00f6nemli kimyagerlerle tan\u0131\u015fmaya haz\u0131r m\u0131s\u0131n? Gelmi\u015f Ge\u00e7mi\u015f En B\u00fcy\u00fck Kimyagerler, alan\u0131nda \u00f6nde gelen bilim insanlar\u0131n\u0131 tan\u0131t\u0131p onlar\u0131n bilimsel \u00e7al\u0131\u015fmalar\u0131n\u0131 olduk\u00e7a detayl\u0131 ve ilgi \u00e7ekecek bi\u00e7imde \u00f6\u011fretirken \u00e7ocuklara da ilham veriyor.<\/p>\n","protected":false},"excerpt":{"rendered":"<p>*Modern kimya bilimi nas\u0131l ba\u015flad\u0131? *G\u0131dalar\u0131 bozulmadan saklamay\u0131 kim ke\u015ffetti? *Oksijen gaz\u0131 nas\u0131l bulundu? Kimya bilimine ad\u0131m atmaya ve \u00f6nemli kimyagerlerle tan\u0131\u015fmaya haz\u0131r m\u0131s\u0131n? Gelmi\u015f Ge\u00e7mi\u015f<span class=\"excerpt-hellip\"> [\u2026]<\/span><\/p>\n","protected":false},"featured_media":0,"template":"","meta":{"_monsterinsights_skip_tracking":false,"_monsterinsights_sitenote_active":false,"_monsterinsights_sitenote_note":"","_monsterinsights_sitenote_category":0},"product_brand":[],"product_cat":[13829,12274],"product_tag":[],"class_list":{"0":"post-732324","1":"product","2":"type-product","3":"status-publish","5":"product_cat-bilimsel-kitaplar","6":"product_cat-cocuk-ve-genclik-kitaplari","7":"pa_cilt-ciltsiz","8":"pa_tur-kitap","9":"pa_yayinevi-the-cocuk","10":"pa_yazar-gerry-bailey","12":"first","13":"instock","14":"sale","15":"shipping-taxable","16":"purchasable","17":"product-type-simple"},"_links":{"self":[{"href":"https:\/\/roveyayinevi.com.tr\/index.php\/wp-json\/wp\/v2\/product\/732324","targetHints":{"allow":["GET"]}}],"collection":[{"href":"https:\/\/roveyayinevi.com.tr\/index.php\/wp-json\/wp\/v2\/product"}],"about":[{"href":"https:\/\/roveyayinevi.com.tr\/index.php\/wp-json\/wp\/v2\/types\/product"}],"wp:attachment":[{"href":"https:\/\/roveyayinevi.com.tr\/index.php\/wp-json\/wp\/v2\/media?parent=732324"}],"wp:term":[{"taxonomy":"product_brand","embeddable":true,"href":"https:\/\/roveyayinevi.com.tr\/index.php\/wp-json\/wp\/v2\/product_brand?post=732324"},{"taxonomy":"product_cat","embeddable":true,"href":"https:\/\/roveyayinevi.com.tr\/index.php\/wp-json\/wp\/v2\/product_cat?post=732324"},{"taxonomy":"product_tag","embeddable":true,"href":"https:\/\/roveyayinevi.com.tr\/index.php\/wp-json\/wp\/v2\/product_tag?post=732324"}],"curies":[{"name":"wp","href":"https:\/\/api.w.org\/{rel}","templated":true}]}}