{"id":732323,"date":"2025-08-27T21:48:21","date_gmt":"2025-08-27T18:48:21","guid":{"rendered":"https:\/\/roveyayinevi.com.tr\/index.php\/urun\/benim-degil\/"},"modified":"2026-04-16T02:40:17","modified_gmt":"2026-04-15T23:40:17","slug":"benim-degil","status":"publish","type":"product","link":"https:\/\/roveyayinevi.com.tr\/index.php\/urun\/benim-degil\/","title":{"rendered":"Benim (De\u011fil)"},"content":{"rendered":"<p>Theodor Seuss Geisel \u00d6d\u00fcll\u00fc yazar Anna Kang ve \u00e7izer Christopher Weyant, \u00e7ocuklara korkularla y\u00fczle\u015fmeyi \u00f6\u011fretirken onlar\u0131 e\u011flendirmeyi unutmayan bir kitapla kar\u015f\u0131n\u0131zda!Bir zamanlar iki pofidik arkada\u015f vard\u0131.\u015eirin g\u00f6r\u00fcnt\u00fclerinin aksine, \u00f6yle her \u015feyden korkmazlard\u0131.Eh, \u015fey&#8230; Belki birazc\u0131k korkuyorlard\u0131r.Umal\u0131m da \u00e7\u0131kacaklar\u0131 k\u00fc\u00e7\u00fck yolculukta korkun\u00e7 oldu\u011funu d\u00fc\u015f\u00fcnd\u00fckleri \u015feylerin her zaman \u00f6yle olmayabilece\u011fini anlas\u0131nlar&#8230;<\/p>\n","protected":false},"excerpt":{"rendered":"<p>Theodor Seuss Geisel \u00d6d\u00fcll\u00fc yazar Anna Kang ve \u00e7izer Christopher Weyant, \u00e7ocuklara korkularla y\u00fczle\u015fmeyi \u00f6\u011fretirken onlar\u0131 e\u011flendirmeyi unutmayan bir kitapla kar\u015f\u0131n\u0131zda!Bir zamanlar iki pofidik arkada\u015f vard\u0131.\u015eirin<span class=\"excerpt-hellip\"> [\u2026]<\/span><\/p>\n","protected":false},"featured_media":0,"template":"","meta":{"_monsterinsights_skip_tracking":false,"_monsterinsights_sitenote_active":false,"_monsterinsights_sitenote_note":"","_monsterinsights_sitenote_category":0},"product_brand":[],"product_cat":[12274,12518],"product_tag":[],"class_list":{"0":"post-732323","1":"product","2":"type-product","3":"status-publish","5":"product_cat-cocuk-ve-genclik-kitaplari","6":"product_cat-okul-oncesi-kitaplar","7":"pa_cilt-ciltsiz","8":"pa_tur-kitap","9":"pa_yayinevi-ucan-fil-yayinlari","10":"pa_yazar-anna-kang","12":"first","13":"instock","14":"sale","15":"shipping-taxable","16":"purchasable","17":"product-type-simple"},"_links":{"self":[{"href":"https:\/\/roveyayinevi.com.tr\/index.php\/wp-json\/wp\/v2\/product\/732323","targetHints":{"allow":["GET"]}}],"collection":[{"href":"https:\/\/roveyayinevi.com.tr\/index.php\/wp-json\/wp\/v2\/product"}],"about":[{"href":"https:\/\/roveyayinevi.com.tr\/index.php\/wp-json\/wp\/v2\/types\/product"}],"wp:attachment":[{"href":"https:\/\/roveyayinevi.com.tr\/index.php\/wp-json\/wp\/v2\/media?parent=732323"}],"wp:term":[{"taxonomy":"product_brand","embeddable":true,"href":"https:\/\/roveyayinevi.com.tr\/index.php\/wp-json\/wp\/v2\/product_brand?post=732323"},{"taxonomy":"product_cat","embeddable":true,"href":"https:\/\/roveyayinevi.com.tr\/index.php\/wp-json\/wp\/v2\/product_cat?post=732323"},{"taxonomy":"product_tag","embeddable":true,"href":"https:\/\/roveyayinevi.com.tr\/index.php\/wp-json\/wp\/v2\/product_tag?post=732323"}],"curies":[{"name":"wp","href":"https:\/\/api.w.org\/{rel}","templated":true}]}}