{"id":732319,"date":"2025-08-27T21:48:16","date_gmt":"2025-08-27T18:48:16","guid":{"rendered":"https:\/\/roveyayinevi.com.tr\/index.php\/urun\/mobil\/"},"modified":"2026-04-16T02:40:16","modified_gmt":"2026-04-15T23:40:16","slug":"mobil","status":"publish","type":"product","link":"https:\/\/roveyayinevi.com.tr\/index.php\/urun\/mobil\/","title":{"rendered":"Mobil"},"content":{"rendered":"<p>Mobil, asl\u0131nda bir roman de\u011fil. Bir seyahat g\u00fcncesi, rehber, inceleme, deneme ya da tarih kitab\u0131 da de\u011fil. \u201cYeni Roman\u201d\u0131n \u00f6nc\u00fclerinden Michel Butor\u2019un kaleminden tan\u0131mlanamayan, s\u0131n\u0131fland\u0131r\u0131lamayan, sayfalara s\u0131\u011fmayan bir metin bu; an\u0131 kitaplar\u0131, kataloglar, tabelalar, efsaneler, e\u015fyalar, mek\u00e2nlar, yollar, arabalar, r\u00fcyalar, bitkiler, hayvanlar ve insanlar\u0131n bir araya geldi\u011fi bir edebi montaj, devasa bir kolaj.   Butor, Mobil\u2019de sanattan ilham alarak Amerika\u2019n\u0131n edebi haritas\u0131n\u0131 \u00e7\u0131kar\u0131yor. B\u00f6l\u00fcmler eyaletleri alfabetik olarak izlerken \u00e7a\u011fr\u0131\u015f\u0131mlar kelimenin ger\u00e7ek anlam\u0131yla katmanl\u0131 bir metne kap\u0131 a\u00e7\u0131yor. Titizlikle \u00f6r\u00fclm\u00fc\u015f bu sonsuz labirentin kanatlanan sayfalar\u0131nda, zaman ve mek\u00e2na ili\u015fkin sorular ge\u00e7erlili\u011fini yitiriyor.   Mobil benzeri olmayan, unutulmayacak, belki de okumakla bitirilemeyecek bir kitap. Michel Butor, \u201cyeni d\u00fcnya\u201dy\u0131 devasa bir metin gibi kurgulayarak Amerika\u2019y\u0131 edebi olarak yeniden <\/p>\n","protected":false},"excerpt":{"rendered":"<p>Mobil, asl\u0131nda bir roman de\u011fil. Bir seyahat g\u00fcncesi, rehber, inceleme, deneme ya da tarih kitab\u0131 da de\u011fil. \u201cYeni Roman\u201d\u0131n \u00f6nc\u00fclerinden Michel Butor\u2019un kaleminden tan\u0131mlanamayan, s\u0131n\u0131fland\u0131r\u0131lamayan, sayfalara<span class=\"excerpt-hellip\"> [\u2026]<\/span><\/p>\n","protected":false},"featured_media":0,"template":"","meta":{"_monsterinsights_skip_tracking":false,"_monsterinsights_sitenote_active":false,"_monsterinsights_sitenote_note":"","_monsterinsights_sitenote_category":0},"product_brand":[],"product_cat":[12291,12711],"product_tag":[],"class_list":{"0":"post-732319","1":"product","2":"type-product","3":"status-publish","5":"product_cat-edebiyat","6":"product_cat-roman-oyku","7":"pa_cilt-ciltsiz","8":"pa_tur-kitap","9":"pa_yayinevi-everest-yayinlari","10":"pa_yazar-michel-butor","12":"first","13":"instock","14":"sale","15":"shipping-taxable","16":"purchasable","17":"product-type-simple"},"_links":{"self":[{"href":"https:\/\/roveyayinevi.com.tr\/index.php\/wp-json\/wp\/v2\/product\/732319","targetHints":{"allow":["GET"]}}],"collection":[{"href":"https:\/\/roveyayinevi.com.tr\/index.php\/wp-json\/wp\/v2\/product"}],"about":[{"href":"https:\/\/roveyayinevi.com.tr\/index.php\/wp-json\/wp\/v2\/types\/product"}],"wp:attachment":[{"href":"https:\/\/roveyayinevi.com.tr\/index.php\/wp-json\/wp\/v2\/media?parent=732319"}],"wp:term":[{"taxonomy":"product_brand","embeddable":true,"href":"https:\/\/roveyayinevi.com.tr\/index.php\/wp-json\/wp\/v2\/product_brand?post=732319"},{"taxonomy":"product_cat","embeddable":true,"href":"https:\/\/roveyayinevi.com.tr\/index.php\/wp-json\/wp\/v2\/product_cat?post=732319"},{"taxonomy":"product_tag","embeddable":true,"href":"https:\/\/roveyayinevi.com.tr\/index.php\/wp-json\/wp\/v2\/product_tag?post=732319"}],"curies":[{"name":"wp","href":"https:\/\/api.w.org\/{rel}","templated":true}]}}