{"id":732318,"date":"2025-08-27T21:48:15","date_gmt":"2025-08-27T18:48:15","guid":{"rendered":"https:\/\/roveyayinevi.com.tr\/index.php\/urun\/nasturiler\/"},"modified":"2026-04-16T02:40:16","modified_gmt":"2026-04-15T23:40:16","slug":"nasturiler","status":"publish","type":"product","link":"https:\/\/roveyayinevi.com.tr\/index.php\/urun\/nasturiler\/","title":{"rendered":"Nasturiler"},"content":{"rendered":"<p>1924 y\u0131l\u0131ndaki Nasturi ayaklanmas\u0131nda da ayn\u0131 siyasetin bir fig\u00fcr\u00fc olarak Nasturilerin, \u0130ngiltere taraf\u0131ndan askeri g\u00fc\u00e7 olarak kullan\u0131lmas\u0131, Musul meselesinde T\u00fcrkiye\u2019nin elini zay\u0131flatmak i\u00e7in ortaya konan stratejik bir hamledir. T\u00fcrkiye Cumhuriyeti Devleti taraf\u0131ndan bast\u0131r\u0131lan isyan neticesinde, Hakk\u00e2ri\u2019de kalan az say\u0131daki Nasturi de Irak\u2019a g\u00f6\u00e7 etmi\u015ftir. Bu isyan sonras\u0131 Nasturiler, \u0130ngiltere\u2019nin vaat etti\u011fi devlet kurma s\u00f6z\u00fcn\u00fcn de ger\u00e7ek de\u011fil bir hayalden ve kand\u0131rmacadan ibaret oldu\u011funu g\u00f6rm\u00fc\u015flerdir. Nasturilerle ilgili kaynaklar, yay\u0131nlar s\u0131n\u0131rl\u0131d\u0131r. Yay\u0131nlar\u0131n b\u00fcy\u00fck \u00e7o\u011funlu\u011fu da \u201cNasturilerin soyk\u0131r\u0131ma u\u011frad\u0131\u011f\u0131\u201d iddias\u0131n\u0131 dile getirmek gayesine y\u00f6neliktir. Bu bak\u0131\u015f a\u00e7\u0131s\u0131yla da mesele, \u00f6zellikle bat\u0131 kaynakl\u0131 yay\u0131nlarda, etrafl\u0131ca ele al\u0131nmaktan \u00e7ok, dar bir kal\u0131ba sokularak siyasi propaganda malzemesi haline getirilmi\u015ftir. Ara\u015ft\u0131rmam\u0131zda konu, tarihi \u00e7er\u00e7evesinde bilimsel tarafs\u0131zl\u0131k ve ger\u00e7e\u011fi bulma \u00f6l\u00e7\u00fcleri i\u00e7inde irdelenmi\u015ftir. <\/p>\n","protected":false},"excerpt":{"rendered":"<p>1924 y\u0131l\u0131ndaki Nasturi ayaklanmas\u0131nda da ayn\u0131 siyasetin bir fig\u00fcr\u00fc olarak Nasturilerin, \u0130ngiltere taraf\u0131ndan askeri g\u00fc\u00e7 olarak kullan\u0131lmas\u0131, Musul meselesinde T\u00fcrkiye\u2019nin elini zay\u0131flatmak i\u00e7in ortaya konan stratejik<span class=\"excerpt-hellip\"> [\u2026]<\/span><\/p>\n","protected":false},"featured_media":0,"template":"","meta":{"_monsterinsights_skip_tracking":false,"_monsterinsights_sitenote_active":false,"_monsterinsights_sitenote_note":"","_monsterinsights_sitenote_category":0},"product_brand":[],"product_cat":[12370,12304],"product_tag":[],"class_list":{"0":"post-732318","1":"product","2":"type-product","3":"status-publish","5":"product_cat-arastirma-inceleme","6":"product_cat-tarih","7":"pa_cilt-ciltsiz","8":"pa_tur-kitap","9":"pa_yayinevi-altinordu-yayinlari","10":"pa_yazar-yusuf-dincel","12":"first","13":"instock","14":"sale","15":"shipping-taxable","16":"purchasable","17":"product-type-simple"},"_links":{"self":[{"href":"https:\/\/roveyayinevi.com.tr\/index.php\/wp-json\/wp\/v2\/product\/732318","targetHints":{"allow":["GET"]}}],"collection":[{"href":"https:\/\/roveyayinevi.com.tr\/index.php\/wp-json\/wp\/v2\/product"}],"about":[{"href":"https:\/\/roveyayinevi.com.tr\/index.php\/wp-json\/wp\/v2\/types\/product"}],"wp:attachment":[{"href":"https:\/\/roveyayinevi.com.tr\/index.php\/wp-json\/wp\/v2\/media?parent=732318"}],"wp:term":[{"taxonomy":"product_brand","embeddable":true,"href":"https:\/\/roveyayinevi.com.tr\/index.php\/wp-json\/wp\/v2\/product_brand?post=732318"},{"taxonomy":"product_cat","embeddable":true,"href":"https:\/\/roveyayinevi.com.tr\/index.php\/wp-json\/wp\/v2\/product_cat?post=732318"},{"taxonomy":"product_tag","embeddable":true,"href":"https:\/\/roveyayinevi.com.tr\/index.php\/wp-json\/wp\/v2\/product_tag?post=732318"}],"curies":[{"name":"wp","href":"https:\/\/api.w.org\/{rel}","templated":true}]}}