{"id":732317,"date":"2025-08-27T21:48:15","date_gmt":"2025-08-27T18:48:15","guid":{"rendered":"https:\/\/roveyayinevi.com.tr\/index.php\/urun\/virus-uc-aylik-kultur-sanat-ve-edebiyat-ortak-kitabi-sayi-8-temmuz-agustos-eylul-2021\/"},"modified":"2026-04-16T02:40:16","modified_gmt":"2026-04-15T23:40:16","slug":"virus-uc-aylik-kultur-sanat-ve-edebiyat-ortak-kitabi-sayi-8-temmuz-agustos-eylul-2021","status":"publish","type":"product","link":"https:\/\/roveyayinevi.com.tr\/index.php\/urun\/virus-uc-aylik-kultur-sanat-ve-edebiyat-ortak-kitabi-sayi-8-temmuz-agustos-eylul-2021\/","title":{"rendered":"Vir\u00fcs \u00dc\u00e7 Ayl\u0131k K\u00fclt\u00fcr \u2013 Sanat Ve Edebiyat Ortak Kitab\u0131 Say\u0131: 8 (Temmuz \u2013 A\u011fustos\u2013 Eyl\u00fcl 2021)"},"content":{"rendered":"<p>Vir\u00fcs\u00dc\u00e7 Ayl\u0131k K\u00fclt\u00fcr \u2013 Sanat Ve Edebiyat Ortak Kitab\u0131Say\u0131: 8 (Temmuz \u2013 A\u011fustos\u2013 Eyl\u00fcl 2021)<\/p>\n","protected":false},"excerpt":{"rendered":"<p>Vir\u00fcs\u00dc\u00e7 Ayl\u0131k K\u00fclt\u00fcr \u2013 Sanat Ve Edebiyat Ortak Kitab\u0131Say\u0131: 8 (Temmuz \u2013 A\u011fustos\u2013 Eyl\u00fcl 2021)<\/p>\n","protected":false},"featured_media":0,"template":"","meta":{"_monsterinsights_skip_tracking":false,"_monsterinsights_sitenote_active":false,"_monsterinsights_sitenote_note":"","_monsterinsights_sitenote_category":0},"product_brand":[],"product_cat":[13527],"product_tag":[],"class_list":{"0":"post-732317","1":"product","2":"type-product","3":"status-publish","5":"product_cat-sureli-yayinlar","6":"pa_cilt-ciltsiz","7":"pa_tur-dergi","8":"pa_yayinevi-virus-dergisi","9":"pa_yazar-islik-yayinlari-kolektif","11":"first","12":"instock","13":"sale","14":"shipping-taxable","15":"purchasable","16":"product-type-simple"},"_links":{"self":[{"href":"https:\/\/roveyayinevi.com.tr\/index.php\/wp-json\/wp\/v2\/product\/732317","targetHints":{"allow":["GET"]}}],"collection":[{"href":"https:\/\/roveyayinevi.com.tr\/index.php\/wp-json\/wp\/v2\/product"}],"about":[{"href":"https:\/\/roveyayinevi.com.tr\/index.php\/wp-json\/wp\/v2\/types\/product"}],"wp:attachment":[{"href":"https:\/\/roveyayinevi.com.tr\/index.php\/wp-json\/wp\/v2\/media?parent=732317"}],"wp:term":[{"taxonomy":"product_brand","embeddable":true,"href":"https:\/\/roveyayinevi.com.tr\/index.php\/wp-json\/wp\/v2\/product_brand?post=732317"},{"taxonomy":"product_cat","embeddable":true,"href":"https:\/\/roveyayinevi.com.tr\/index.php\/wp-json\/wp\/v2\/product_cat?post=732317"},{"taxonomy":"product_tag","embeddable":true,"href":"https:\/\/roveyayinevi.com.tr\/index.php\/wp-json\/wp\/v2\/product_tag?post=732317"}],"curies":[{"name":"wp","href":"https:\/\/api.w.org\/{rel}","templated":true}]}}