{"id":732316,"date":"2025-08-27T21:48:14","date_gmt":"2025-08-27T18:48:14","guid":{"rendered":"https:\/\/roveyayinevi.com.tr\/index.php\/urun\/kare\/"},"modified":"2026-04-16T02:40:16","modified_gmt":"2026-04-15T23:40:16","slug":"kare","status":"publish","type":"product","link":"https:\/\/roveyayinevi.com.tr\/index.php\/urun\/kare\/","title":{"rendered":"Kare"},"content":{"rendered":"<p>Ya\u015fam\u0131 sat\u0131rlara d\u00f6kmek i\u00e7in kaleminin ucunu suya, topra\u011fa, havaya ve ate\u015fe bat\u0131ranlar\u0131n dilinden d\u00f6k\u00fclenlerle, insana, a\u011faca, \u00e7i\u00e7e\u011fe, hayata ve \u00e7ocuklara, en \u00e7ok da \u00e7ocuklara sevgiy- le bakan d\u00f6rt ayr\u0131 y\u00fcre\u011fin d\u00f6rt ayr\u0131 y\u00fcrek penceresidir bu kitap\u2026 <\/p>\n","protected":false},"excerpt":{"rendered":"<p>Ya\u015fam\u0131 sat\u0131rlara d\u00f6kmek i\u00e7in kaleminin ucunu suya, topra\u011fa, havaya ve ate\u015fe bat\u0131ranlar\u0131n dilinden d\u00f6k\u00fclenlerle, insana, a\u011faca, \u00e7i\u00e7e\u011fe, hayata ve \u00e7ocuklara, en \u00e7ok da \u00e7ocuklara sevgiy- le<span class=\"excerpt-hellip\"> [\u2026]<\/span><\/p>\n","protected":false},"featured_media":0,"template":"","meta":{"_monsterinsights_skip_tracking":false,"_monsterinsights_sitenote_active":false,"_monsterinsights_sitenote_note":"","_monsterinsights_sitenote_category":0},"product_brand":[],"product_cat":[12291,12509],"product_tag":[],"class_list":{"0":"post-732316","1":"product","2":"type-product","3":"status-publish","5":"product_cat-edebiyat","6":"product_cat-siir","7":"pa_cilt-ciltsiz","8":"pa_tur-kitap","9":"pa_yayinevi-kuytu-yayinlari","10":"pa_yazar-kuytu-yayinlari-kolektif","12":"first","13":"instock","14":"sale","15":"shipping-taxable","16":"purchasable","17":"product-type-simple"},"_links":{"self":[{"href":"https:\/\/roveyayinevi.com.tr\/index.php\/wp-json\/wp\/v2\/product\/732316","targetHints":{"allow":["GET"]}}],"collection":[{"href":"https:\/\/roveyayinevi.com.tr\/index.php\/wp-json\/wp\/v2\/product"}],"about":[{"href":"https:\/\/roveyayinevi.com.tr\/index.php\/wp-json\/wp\/v2\/types\/product"}],"wp:attachment":[{"href":"https:\/\/roveyayinevi.com.tr\/index.php\/wp-json\/wp\/v2\/media?parent=732316"}],"wp:term":[{"taxonomy":"product_brand","embeddable":true,"href":"https:\/\/roveyayinevi.com.tr\/index.php\/wp-json\/wp\/v2\/product_brand?post=732316"},{"taxonomy":"product_cat","embeddable":true,"href":"https:\/\/roveyayinevi.com.tr\/index.php\/wp-json\/wp\/v2\/product_cat?post=732316"},{"taxonomy":"product_tag","embeddable":true,"href":"https:\/\/roveyayinevi.com.tr\/index.php\/wp-json\/wp\/v2\/product_tag?post=732316"}],"curies":[{"name":"wp","href":"https:\/\/api.w.org\/{rel}","templated":true}]}}