{"id":732315,"date":"2025-08-27T21:48:12","date_gmt":"2025-08-27T18:48:12","guid":{"rendered":"https:\/\/roveyayinevi.com.tr\/index.php\/urun\/aya-soz-verdin\/"},"modified":"2026-04-16T02:40:16","modified_gmt":"2026-04-15T23:40:16","slug":"aya-soz-verdin","status":"publish","type":"product","link":"https:\/\/roveyayinevi.com.tr\/index.php\/urun\/aya-soz-verdin\/","title":{"rendered":"Aya S\u00f6z Verdin"},"content":{"rendered":"<p>Bir nefes r\u00fczgara kar\u0131\u015ft\u0131, bir nefes ki buz gibi, genzi yakan o so\u011fuk hava ayazla bir olup \u00e7arpt\u0131 yine y\u00fcz\u00fcne. Ne bitmez yol bu, uzak ki ne uzak, her ad\u0131m eziyet, her ad\u0131m so\u011fuk ter, her ad\u0131m bacaklarda, s\u0131rt\u0131nda, boynunda a\u011fr\u0131, s\u0131z\u0131.Birazdan ayaz ak\u015fam\u0131n serinine kar\u0131\u015facak, daha so\u011fuyacak hava, kar zorlayacak, beden daha da ezilecek, kaslar daha \u00e7ok g\u00fc\u00e7 isteyecek y\u00fcr\u00fcmek i\u00e7in, durup dinlenmek gerek. Bak karanl\u0131k usul usul geliyor, yama\u00e7lardan g\u00f6lgeler kayboluyor,  ertesi g\u00fcn\u00fcn G\u00fcne\u015fini g\u00f6rene kadar uyuyacaklar gecenin koynunda. Siyah bir yorgan gibi \u00f6rtecek beyaz\u0131 gece, y\u0131ld\u0131zlar\u0131 g\u00f6receksin birazdan, lacivert g\u00f6ky\u00fcz\u00fc beyaz yery\u00fcz\u00fcne kar\u0131\u015facak, Ay \u00e7\u0131kacak belki de<\/p>\n","protected":false},"excerpt":{"rendered":"<p>Bir nefes r\u00fczgara kar\u0131\u015ft\u0131, bir nefes ki buz gibi, genzi yakan o so\u011fuk hava ayazla bir olup \u00e7arpt\u0131 yine y\u00fcz\u00fcne. Ne bitmez yol bu, uzak ki<span class=\"excerpt-hellip\"> [\u2026]<\/span><\/p>\n","protected":false},"featured_media":0,"template":"","meta":{"_monsterinsights_skip_tracking":false,"_monsterinsights_sitenote_active":false,"_monsterinsights_sitenote_note":"","_monsterinsights_sitenote_category":0},"product_brand":[],"product_cat":[12291,12711],"product_tag":[],"class_list":{"0":"post-732315","1":"product","2":"type-product","3":"status-publish","5":"product_cat-edebiyat","6":"product_cat-roman-oyku","7":"pa_cilt-ciltsiz","8":"pa_tur-kitap","9":"pa_yayinevi-fark-yayinlari","10":"pa_yazar-mehmet-murat-taylan","12":"first","13":"instock","14":"sale","15":"shipping-taxable","16":"purchasable","17":"product-type-simple"},"_links":{"self":[{"href":"https:\/\/roveyayinevi.com.tr\/index.php\/wp-json\/wp\/v2\/product\/732315","targetHints":{"allow":["GET"]}}],"collection":[{"href":"https:\/\/roveyayinevi.com.tr\/index.php\/wp-json\/wp\/v2\/product"}],"about":[{"href":"https:\/\/roveyayinevi.com.tr\/index.php\/wp-json\/wp\/v2\/types\/product"}],"wp:attachment":[{"href":"https:\/\/roveyayinevi.com.tr\/index.php\/wp-json\/wp\/v2\/media?parent=732315"}],"wp:term":[{"taxonomy":"product_brand","embeddable":true,"href":"https:\/\/roveyayinevi.com.tr\/index.php\/wp-json\/wp\/v2\/product_brand?post=732315"},{"taxonomy":"product_cat","embeddable":true,"href":"https:\/\/roveyayinevi.com.tr\/index.php\/wp-json\/wp\/v2\/product_cat?post=732315"},{"taxonomy":"product_tag","embeddable":true,"href":"https:\/\/roveyayinevi.com.tr\/index.php\/wp-json\/wp\/v2\/product_tag?post=732315"}],"curies":[{"name":"wp","href":"https:\/\/api.w.org\/{rel}","templated":true}]}}