{"id":732314,"date":"2025-08-27T21:48:11","date_gmt":"2025-08-27T18:48:11","guid":{"rendered":"https:\/\/roveyayinevi.com.tr\/index.php\/urun\/madam-bovary-7\/"},"modified":"2026-04-16T02:40:16","modified_gmt":"2026-04-15T23:40:16","slug":"madam-bovary-7","status":"publish","type":"product","link":"https:\/\/roveyayinevi.com.tr\/index.php\/urun\/madam-bovary-7\/","title":{"rendered":"Madam Bovary"},"content":{"rendered":"<p>Madam Bovary; Flaubert\u2019in romantik ak\u0131ma tepki olarak kaleme ald\u0131\u011f\u0131 realist anlay\u0131\u015f i\u00e7eren bir romand\u0131r. Bu nedenle Madam Bovary adl\u0131 eser realizm ak\u0131m\u0131n\u0131n ilk ve en \u00f6nemli \u00f6rneklerinden biridir. Bu eserin di\u011fer bir \u00f6zelli\u011fi ise zaman\u0131n belirli cinsiyet rollerine ters d\u00fc\u015fen konular\u0131  bar\u0131nd\u0131rmas\u0131d\u0131r. Emma karakteri, her ne kadar di\u015fili\u011fini sonuna kadar kullan\u0131yor olsa da Charles ile olan ili\u015fkisinde dominant karakter \u00f6zelli\u011fi g\u00f6sterebilecek tutumlar sergilemektedir. Roman iyi kalpli ama bir o kadar s\u0131radan bir doktor olan \u201cCharles Bovary&#8217;nin y\u00fcksek idealleri ve a\u015f\u0131r\u0131 bir l\u00fcks tutkusu olan romantik kar\u0131s\u0131 Emma Bovary&#8217;nin, ya\u015fam\u0131n\u0131n s\u0131radanl\u0131\u011f\u0131ndan kurtulmak i\u00e7in girdi\u011fi durumlar\u0131 ve ya\u015fad\u0131\u011f\u0131 \u00e7e\u015fitli gayrime\u015fru a\u015fk ili\u015fkilerini konu al\u0131r. Charles, Emma&#8217;n\u0131n hayalini kurdu\u011fu a\u015fk\u0131 ya\u015fatabilecek bir koca ve sevgili olmaktan uzak bir karakterdir. Emma i\u00e7in Charles hayat\u0131ndaki b\u00fct\u00fcn s\u0131radanl\u0131klar\u0131n sebebidir. \u00c7\u00fcnk\u00fc o l\u00fcks bir hayat, \u015fatafatl\u0131 bir \u00f6m\u00fcr ve ideal bir a\u015fk\u0131n pe\u015findedir.   Roman Madam Bovary&#8217;nin ini\u015fli \u00e7\u0131k\u0131\u015fl\u0131, \u00e7eli\u015fkili a\u015fklar\u0131n\u0131 ve hayat\u0131n\u0131 konu almaktad\u0131r.  Hayat\u0131n\u0131 tek d\u00fczelikten kurtarmak isteyen Emma, kocas\u0131n\u0131 aldatmaya ba\u015flar. \u00c7\u00fcnk\u00fc e\u015fi Charles\u2019\u0131n bile istedi\u011fi \u015fekilde ya\u015fama ve de\u011fi\u015ftirme hakk\u0131 varken Emma\u2019n\u0131n bunu yapmak hakk\u0131 yoktur.  Erkeklerin bu \u00f6zelli\u011fine g\u0131pta eden Emma, sevgilileriyle istedi\u011fi hayata ula\u015fmaya \u00e7al\u0131\u015fmaktad\u0131r. <\/p>\n","protected":false},"excerpt":{"rendered":"<p>Madam Bovary; Flaubert\u2019in romantik ak\u0131ma tepki olarak kaleme ald\u0131\u011f\u0131 realist anlay\u0131\u015f i\u00e7eren bir romand\u0131r. Bu nedenle Madam Bovary adl\u0131 eser realizm ak\u0131m\u0131n\u0131n ilk ve en \u00f6nemli<span class=\"excerpt-hellip\"> [\u2026]<\/span><\/p>\n","protected":false},"featured_media":0,"template":"","meta":{"_monsterinsights_skip_tracking":false,"_monsterinsights_sitenote_active":false,"_monsterinsights_sitenote_note":"","_monsterinsights_sitenote_category":0},"product_brand":[],"product_cat":[12291,12711],"product_tag":[],"class_list":{"0":"post-732314","1":"product","2":"type-product","3":"status-publish","5":"product_cat-edebiyat","6":"product_cat-roman-oyku","7":"pa_cilt-ciltsiz","8":"pa_tur-kitap","9":"pa_yayinevi-fark-yayinlari","10":"pa_yazar-gustave-flaubert","12":"first","13":"instock","14":"sale","15":"shipping-taxable","16":"purchasable","17":"product-type-simple"},"_links":{"self":[{"href":"https:\/\/roveyayinevi.com.tr\/index.php\/wp-json\/wp\/v2\/product\/732314","targetHints":{"allow":["GET"]}}],"collection":[{"href":"https:\/\/roveyayinevi.com.tr\/index.php\/wp-json\/wp\/v2\/product"}],"about":[{"href":"https:\/\/roveyayinevi.com.tr\/index.php\/wp-json\/wp\/v2\/types\/product"}],"wp:attachment":[{"href":"https:\/\/roveyayinevi.com.tr\/index.php\/wp-json\/wp\/v2\/media?parent=732314"}],"wp:term":[{"taxonomy":"product_brand","embeddable":true,"href":"https:\/\/roveyayinevi.com.tr\/index.php\/wp-json\/wp\/v2\/product_brand?post=732314"},{"taxonomy":"product_cat","embeddable":true,"href":"https:\/\/roveyayinevi.com.tr\/index.php\/wp-json\/wp\/v2\/product_cat?post=732314"},{"taxonomy":"product_tag","embeddable":true,"href":"https:\/\/roveyayinevi.com.tr\/index.php\/wp-json\/wp\/v2\/product_tag?post=732314"}],"curies":[{"name":"wp","href":"https:\/\/api.w.org\/{rel}","templated":true}]}}