{"id":732313,"date":"2025-08-27T21:48:10","date_gmt":"2025-08-27T18:48:10","guid":{"rendered":"https:\/\/roveyayinevi.com.tr\/index.php\/urun\/orhan-veli-butun-siirleri-4\/"},"modified":"2026-04-16T02:40:16","modified_gmt":"2026-04-15T23:40:16","slug":"orhan-veli-butun-siirleri-4","status":"publish","type":"product","link":"https:\/\/roveyayinevi.com.tr\/index.php\/urun\/orhan-veli-butun-siirleri-4\/","title":{"rendered":"Orhan Veli &#8211; B\u00fct\u00fcn \u015eiirleri"},"content":{"rendered":"<p>A\u011flasam sesimi duyar m\u0131s\u0131n\u0131z, M\u0131sralar\u0131mda; Dokunabilir misiniz, G\u00f6z ya\u015flar\u0131ma, ellerinizle?   Bilmezdim \u015fark\u0131lar\u0131n bu kadar g\u00fczel, Kelimelerinse kifayetsiz oldu\u011funu Bu derde d\u00fc\u015fmeden \u00f6nce.   Bir yer var, biliyorum; Her \u015feyi s\u00f6ylemek m\u00fcmk\u00fcn; Epeyce yakla\u015fm\u0131\u015f\u0131m, duyuyorum; Anlatam\u0131yorum.   ORHAN VEL\u0130 KANIK <\/p>\n","protected":false},"excerpt":{"rendered":"<p>A\u011flasam sesimi duyar m\u0131s\u0131n\u0131z, M\u0131sralar\u0131mda; Dokunabilir misiniz, G\u00f6z ya\u015flar\u0131ma, ellerinizle? Bilmezdim \u015fark\u0131lar\u0131n bu kadar g\u00fczel, Kelimelerinse kifayetsiz oldu\u011funu Bu derde d\u00fc\u015fmeden \u00f6nce. Bir yer var, biliyorum;<span class=\"excerpt-hellip\"> [\u2026]<\/span><\/p>\n","protected":false},"featured_media":0,"template":"","meta":{"_monsterinsights_skip_tracking":false,"_monsterinsights_sitenote_active":false,"_monsterinsights_sitenote_note":"","_monsterinsights_sitenote_category":0},"product_brand":[],"product_cat":[12291,12509],"product_tag":[],"class_list":{"0":"post-732313","1":"product","2":"type-product","3":"status-publish","5":"product_cat-edebiyat","6":"product_cat-siir","7":"pa_cilt-ciltsiz","8":"pa_tur-kitap","9":"pa_yayinevi-fark-yayinlari","10":"pa_yazar-orhan-veli-kanik","12":"first","13":"instock","14":"sale","15":"shipping-taxable","16":"purchasable","17":"product-type-simple"},"_links":{"self":[{"href":"https:\/\/roveyayinevi.com.tr\/index.php\/wp-json\/wp\/v2\/product\/732313","targetHints":{"allow":["GET"]}}],"collection":[{"href":"https:\/\/roveyayinevi.com.tr\/index.php\/wp-json\/wp\/v2\/product"}],"about":[{"href":"https:\/\/roveyayinevi.com.tr\/index.php\/wp-json\/wp\/v2\/types\/product"}],"wp:attachment":[{"href":"https:\/\/roveyayinevi.com.tr\/index.php\/wp-json\/wp\/v2\/media?parent=732313"}],"wp:term":[{"taxonomy":"product_brand","embeddable":true,"href":"https:\/\/roveyayinevi.com.tr\/index.php\/wp-json\/wp\/v2\/product_brand?post=732313"},{"taxonomy":"product_cat","embeddable":true,"href":"https:\/\/roveyayinevi.com.tr\/index.php\/wp-json\/wp\/v2\/product_cat?post=732313"},{"taxonomy":"product_tag","embeddable":true,"href":"https:\/\/roveyayinevi.com.tr\/index.php\/wp-json\/wp\/v2\/product_tag?post=732313"}],"curies":[{"name":"wp","href":"https:\/\/api.w.org\/{rel}","templated":true}]}}