{"id":732310,"date":"2025-08-27T21:48:07","date_gmt":"2025-08-27T18:48:07","guid":{"rendered":"https:\/\/roveyayinevi.com.tr\/index.php\/urun\/hava-fotografciligi\/"},"modified":"2026-04-16T02:40:16","modified_gmt":"2026-04-15T23:40:16","slug":"hava-fotografciligi","status":"publish","type":"product","link":"https:\/\/roveyayinevi.com.tr\/index.php\/urun\/hava-fotografciligi\/","title":{"rendered":"Hava Foto\u011fraf\u00e7\u0131l\u0131\u011f\u0131"},"content":{"rendered":"<p>Foto\u011fraf\u0131n do\u011fumu ve geli\u015fimi t\u00fcm d\u00fcnyay\u0131 domino ta\u015f\u0131 misali etkileyen Sanayi Devrimi\u2019nin ya\u015fand\u0131\u011f\u0131 d\u00f6nemde olmu\u015ftu. Bu d\u00f6nem bilimsel bilgi birikiminin had safhaya vard\u0131\u011f\u0131 ve bu birikimin patlayarak \u00fcretime ge\u00e7ti\u011fi bir zaman dilimiydi. Zaten foto\u011fraf da ba\u015fl\u0131 ba\u015f\u0131na bilimsel ve teknolojik bir bulu\u015f olmas\u0131 sebebiyle d\u00f6nemin teknolojik d\u00f6n\u00fc\u015f\u00fcm\u00fcne paralel olarak geli\u015fimini s\u00fcrd\u00fcrd\u00fc. \u0130nsano\u011flunun u\u00e7mas\u0131yla beraber de her teknolojide oldu\u011fu gibi asker\u00ee alanda da bu icad\u0131n kullan\u0131lmas\u0131, strateji ve bilgi toplama a\u00e7\u0131s\u0131ndan ordulara avantajlar sa\u011flad\u0131. Foto\u011fraf ve tayyarenin birlikte kullan\u0131lmas\u0131 ise Birinci D\u00fcnya Harbi\u2019nde kendini g\u00f6sterecekti. Al\u0131nan hava foto\u011fraflar\u0131 ve yap\u0131lan hava ke\u015fifleri sava\u015f\u0131n kaderini do\u011frudan do\u011fruya etkileyen en \u00f6nemli etkenlerden birisi olarak \u00f6ne \u00e7\u0131kacakt\u0131. Do\u011frudan ar\u015fiv kaynaklar\u0131na dayal\u0131 olarak y\u00fcr\u00fct\u00fclen bu \u00e7al\u0131\u015fmada; hava foto\u011fraf\u00e7\u0131l\u0131\u011f\u0131n\u0131n tarihi geli\u015fimi, sava\u015flardaki etkin kullan\u0131m\u0131 ve bu teknolojinin sava\u015fa etkisi Osmanl\u0131 Devleti\u2019nin \u00e7\u00f6k\u00fc\u015f\u00fcnde etken olan Birinci D\u00fcnya Harbi\u2019nde Sina-Filistin Cephesi ve T\u00fcrkiye Cumhuriyeti\u2019nin kurulmas\u0131 \u00f6ncesi \u00f6nemli m\u00fccadelelerin verildi\u011fi T\u00fcrk \u0130stikl\u00e2l Harbi Bat\u0131 Cephesi \u00f6rnekleri \u00fczerinden incelenmi\u015ftir. Bug\u00fcnk\u00fc insans\u0131z hava ara\u00e7lar\u0131n\u0131n ilk \u00f6rnekleri olan hava foto\u011fraf\u00e7\u0131l\u0131\u011f\u0131 ve ke\u015ffinin etkinli\u011fi iki farkl\u0131 zaman ve cephedeki \u00f6rnekleri \u00fczerinden etkisi ortaya koyulmaya \u00e7al\u0131\u015f\u0131lm\u0131\u015ft\u0131r.<\/p>\n","protected":false},"excerpt":{"rendered":"<p>Foto\u011fraf\u0131n do\u011fumu ve geli\u015fimi t\u00fcm d\u00fcnyay\u0131 domino ta\u015f\u0131 misali etkileyen Sanayi Devrimi\u2019nin ya\u015fand\u0131\u011f\u0131 d\u00f6nemde olmu\u015ftu. Bu d\u00f6nem bilimsel bilgi birikiminin had safhaya vard\u0131\u011f\u0131 ve bu birikimin<span class=\"excerpt-hellip\"> [\u2026]<\/span><\/p>\n","protected":false},"featured_media":0,"template":"","meta":{"_monsterinsights_skip_tracking":false,"_monsterinsights_sitenote_active":false,"_monsterinsights_sitenote_note":"","_monsterinsights_sitenote_category":0},"product_brand":[],"product_cat":[12370,12304],"product_tag":[],"class_list":{"0":"post-732310","1":"product","2":"type-product","3":"status-publish","5":"product_cat-arastirma-inceleme","6":"product_cat-tarih","7":"pa_cilt-ciltsiz","8":"pa_tur-kitap","9":"pa_yayinevi-yeditepe-yayinevi","10":"pa_yazar-sehernaz-guvenbas","12":"first","13":"instock","14":"sale","15":"shipping-taxable","16":"purchasable","17":"product-type-simple"},"_links":{"self":[{"href":"https:\/\/roveyayinevi.com.tr\/index.php\/wp-json\/wp\/v2\/product\/732310","targetHints":{"allow":["GET"]}}],"collection":[{"href":"https:\/\/roveyayinevi.com.tr\/index.php\/wp-json\/wp\/v2\/product"}],"about":[{"href":"https:\/\/roveyayinevi.com.tr\/index.php\/wp-json\/wp\/v2\/types\/product"}],"wp:attachment":[{"href":"https:\/\/roveyayinevi.com.tr\/index.php\/wp-json\/wp\/v2\/media?parent=732310"}],"wp:term":[{"taxonomy":"product_brand","embeddable":true,"href":"https:\/\/roveyayinevi.com.tr\/index.php\/wp-json\/wp\/v2\/product_brand?post=732310"},{"taxonomy":"product_cat","embeddable":true,"href":"https:\/\/roveyayinevi.com.tr\/index.php\/wp-json\/wp\/v2\/product_cat?post=732310"},{"taxonomy":"product_tag","embeddable":true,"href":"https:\/\/roveyayinevi.com.tr\/index.php\/wp-json\/wp\/v2\/product_tag?post=732310"}],"curies":[{"name":"wp","href":"https:\/\/api.w.org\/{rel}","templated":true}]}}