{"id":732309,"date":"2025-08-27T21:48:06","date_gmt":"2025-08-27T18:48:06","guid":{"rendered":"https:\/\/roveyayinevi.com.tr\/index.php\/urun\/orta-cag-cografyasinin-zirvesi-serif-el-idrisi\/"},"modified":"2026-04-16T02:40:16","modified_gmt":"2026-04-15T23:40:16","slug":"orta-cag-cografyasinin-zirvesi-serif-el-idrisi","status":"publish","type":"product","link":"https:\/\/roveyayinevi.com.tr\/index.php\/urun\/orta-cag-cografyasinin-zirvesi-serif-el-idrisi\/","title":{"rendered":"Orta \u00c7a\u011f Co\u011frafyas\u0131n\u0131n Zirvesi \u015eerif El-\u0130drisi"},"content":{"rendered":"<p>\u201c\u2026saf g\u00fcm\u00fc\u015ften imal edilmi\u015f ve 400 Roma ratl\u0131 a\u011f\u0131rl\u0131\u011f\u0131ndaki k\u00fcre haz\u0131r oldu\u011funda yedi iklimi ve yedi iklimin kapsad\u0131\u011f\u0131 kara par\u00e7alar\u0131n\u0131, k\u0131y\u0131 \u015feritlerini ve i\u00e7 kesimleri, d\u00fcnyan\u0131n yerle\u015fime elveri\u015fli olan ve olmayan b\u00f6lgeleri, yerle\u015fim yerleri aras\u0131ndaki mesafeleri, k\u00f6rfezleri ve denizleri, nehir yataklar\u0131 ve havzalar\u0131 hakk\u0131nda kesinle\u015ftirilmi\u015f olan bilgileri ve do\u011frulu\u011fu kan\u0131tlanm\u0131\u015f \u00f6l\u00e7\u00fcm ve mesafelerini, \u00e7izim tahtas\u0131ndaki modele uygun bir \u015fekilde, hi\u00e7bir farkl\u0131l\u0131k yap\u0131lmaks\u0131z\u0131n yuvarlak g\u00fcm\u00fc\u015f d\u00fcnya haritas\u0131n\u0131n \u00fczerine kaz\u0131d\u0131.\u201d Elinizdeki kitap -bahsi ge\u00e7en harita g\u00fcn\u00fcm\u00fcze kadar ula\u015famam\u0131\u015f olsa da- ortaya \u00e7\u0131kar\u0131lan bu yuvarlak d\u00fcnya haritas\u0131n\u0131n kapsad\u0131\u011f\u0131 b\u00f6lgelerin ve \u00fclkelerin b\u00fct\u00fcn \u00f6zelliklerinin, en ince ayr\u0131nt\u0131s\u0131yla anlat\u0131ld\u0131\u011f\u0131 metinleri ve bu b\u00f6lgelerin haritalar\u0131n\u0131 i\u00e7eren, Orta \u00c7a\u011f \u0130slam D\u00fcnyas\u0131\u2019nda yaz\u0131lm\u0131\u015f yerk\u00fcrenin en kapsaml\u0131 ve en sistematik incelemesi olarak de\u011ferlendirilen N\u00fczhet\u00fc\u2019l-m\u00fc\u015ft\u00e2\u0137 fi\u2019\u0125tir\u00e2\u0137\u0131\u2019l-Af\u00e2\u0137 (D\u00fcnyan\u0131n A\u015f\u0131lm\u0131\u015f Ufuklar\u0131nda Zevkli Bir Gezinti) adl\u0131 eseri, \u0130dr\u00ees\u00ee\u2019nin hayat\u0131n\u0131 ve di\u011fer eserlerini, bilim insanlar\u0131n\u0131n onu \u201cOrta \u00c7a\u011f\u2019\u0131n zirve ismi\u201d olarak nitelendirmelerini ve \u0130dr\u00ees\u00ee\u2019nin sonraki d\u00f6nemlerde yeti\u015fen bilim insanlar\u0131 \u00fczerindeki etkilerini vurgulamaktad\u0131r.<\/p>\n","protected":false},"excerpt":{"rendered":"<p>\u201c\u2026saf g\u00fcm\u00fc\u015ften imal edilmi\u015f ve 400 Roma ratl\u0131 a\u011f\u0131rl\u0131\u011f\u0131ndaki k\u00fcre haz\u0131r oldu\u011funda yedi iklimi ve yedi iklimin kapsad\u0131\u011f\u0131 kara par\u00e7alar\u0131n\u0131, k\u0131y\u0131 \u015feritlerini ve i\u00e7 kesimleri, d\u00fcnyan\u0131n<span class=\"excerpt-hellip\"> [\u2026]<\/span><\/p>\n","protected":false},"featured_media":0,"template":"","meta":{"_monsterinsights_skip_tracking":false,"_monsterinsights_sitenote_active":false,"_monsterinsights_sitenote_note":"","_monsterinsights_sitenote_category":0},"product_brand":[],"product_cat":[12312,12304],"product_tag":[],"class_list":{"0":"post-732309","1":"product","2":"type-product","3":"status-publish","5":"product_cat-diger","6":"product_cat-tarih","7":"pa_cilt-ciltsiz","8":"pa_tur-kitap","9":"pa_yayinevi-yeditepe-yayinevi","10":"pa_yazar-emel-akay-bozdogan","12":"first","13":"instock","14":"sale","15":"shipping-taxable","16":"purchasable","17":"product-type-simple"},"_links":{"self":[{"href":"https:\/\/roveyayinevi.com.tr\/index.php\/wp-json\/wp\/v2\/product\/732309","targetHints":{"allow":["GET"]}}],"collection":[{"href":"https:\/\/roveyayinevi.com.tr\/index.php\/wp-json\/wp\/v2\/product"}],"about":[{"href":"https:\/\/roveyayinevi.com.tr\/index.php\/wp-json\/wp\/v2\/types\/product"}],"wp:attachment":[{"href":"https:\/\/roveyayinevi.com.tr\/index.php\/wp-json\/wp\/v2\/media?parent=732309"}],"wp:term":[{"taxonomy":"product_brand","embeddable":true,"href":"https:\/\/roveyayinevi.com.tr\/index.php\/wp-json\/wp\/v2\/product_brand?post=732309"},{"taxonomy":"product_cat","embeddable":true,"href":"https:\/\/roveyayinevi.com.tr\/index.php\/wp-json\/wp\/v2\/product_cat?post=732309"},{"taxonomy":"product_tag","embeddable":true,"href":"https:\/\/roveyayinevi.com.tr\/index.php\/wp-json\/wp\/v2\/product_tag?post=732309"}],"curies":[{"name":"wp","href":"https:\/\/api.w.org\/{rel}","templated":true}]}}