{"id":732307,"date":"2025-08-27T21:48:04","date_gmt":"2025-08-27T18:48:04","guid":{"rendered":"https:\/\/roveyayinevi.com.tr\/index.php\/urun\/1-dunya-savasinda-filistin-sina-cephesi-lojistik-faaliyetleri\/"},"modified":"2026-04-16T02:40:16","modified_gmt":"2026-04-15T23:40:16","slug":"1-dunya-savasinda-filistin-sina-cephesi-lojistik-faaliyetleri","status":"publish","type":"product","link":"https:\/\/roveyayinevi.com.tr\/index.php\/urun\/1-dunya-savasinda-filistin-sina-cephesi-lojistik-faaliyetleri\/","title":{"rendered":"1.D\u00fcnya Sava\u015f\u0131\u2019nda Filistin-Sina Cephesi Lojistik Faaliyetleri"},"content":{"rendered":"<p>Osmanl\u0131 Devleti, bekas\u0131n\u0131n devam\u0131 i\u00e7in 2 A\u011fustos 1914 tarihinde Almanya ile ittifak anla\u015fmas\u0131 imzalanm\u0131\u015f; sadece \u00fc\u00e7 ay sonra 29 Ekim 1914 tarihinde hen\u00fcz seferberlik y\u0131\u011f\u0131naklanmalar\u0131n\u0131 tamamlayamadan topyek\u00fcn harbe dahil olmu\u015ftur.Suriye\u2019de konu\u015flu IV. Osmanl\u0131 Ordusu, m\u00fcttefiki Almanlar\u0131n istekleri do\u011frultusunda S\u00fcvey\u015f Kanal\u0131\u2019na iki kez harek\u00e2t ger\u00e7ekle\u015ftirmi\u015f; ba\u015far\u0131l\u0131 olamam\u0131\u015ft\u0131r. Bunda ku\u015fkusuz IV. Ordunun lojistik faaliyetlerinden sorumlu Menzil te\u015fkillerinin i\u015fletilememesinin pay\u0131 b\u00fcy\u00fckt\u00fcr. \u00c7o\u011funlu\u011fu Arap ve Yahudilerden olu\u015fan etnik n\u00fcfusun Osmanl\u0131 Devleti\u2019ne olan ba\u011fl\u0131l\u0131klar\u0131n\u0131n zay\u0131fl\u0131\u011f\u0131 mahalli lojistik faaliyetleri aksakl\u0131\u011fa u\u011fratm\u0131\u015ft\u0131r. Anadolu\u2019dan yap\u0131lmas\u0131 gereken ikmal ise hen\u00fcz tamamlanmam\u0131\u015f olan Anadolu-Ba\u011fdat demiryolu hatt\u0131 ile yap\u0131lmaya \u00e7al\u0131\u015f\u0131lm\u0131\u015f; askerin ihtiyac\u0131 olan malzeme tam 7 kez elle\u00e7lenerek aylarca s\u00fcren bir yolculuktan sonra birliklere ula\u015ft\u0131r\u0131labilmi\u015ftir.Sonu\u00e7ta; \u201c600 gr peksimet, 150 gr hurma, 9 gr \u00e7ay ve bir matara su\u201d ile doyan, ama \u201cBuna harp denmez, \u00e7\u00fcnk\u00fc her g\u00fcn yiyecek veriyorlar\u201d diyen kanaatk\u00e2r T\u00fcrk askeri\u2026Ruhlar\u0131 \u015fad olsun\u2026 Minnet ve sayg\u0131yla\u2026<\/p>\n","protected":false},"excerpt":{"rendered":"<p>Osmanl\u0131 Devleti, bekas\u0131n\u0131n devam\u0131 i\u00e7in 2 A\u011fustos 1914 tarihinde Almanya ile ittifak anla\u015fmas\u0131 imzalanm\u0131\u015f; sadece \u00fc\u00e7 ay sonra 29 Ekim 1914 tarihinde hen\u00fcz seferberlik y\u0131\u011f\u0131naklanmalar\u0131n\u0131 tamamlayamadan<span class=\"excerpt-hellip\"> [\u2026]<\/span><\/p>\n","protected":false},"featured_media":0,"template":"","meta":{"_monsterinsights_skip_tracking":false,"_monsterinsights_sitenote_active":false,"_monsterinsights_sitenote_note":"","_monsterinsights_sitenote_category":0},"product_brand":[],"product_cat":[12370,12304],"product_tag":[],"class_list":{"0":"post-732307","1":"product","2":"type-product","3":"status-publish","5":"product_cat-arastirma-inceleme","6":"product_cat-tarih","7":"pa_cilt-ciltsiz","8":"pa_tur-kitap","9":"pa_yayinevi-yeditepe-yayinevi","10":"pa_yazar-mevlut-karagoz","12":"first","13":"instock","14":"sale","15":"shipping-taxable","16":"purchasable","17":"product-type-simple"},"_links":{"self":[{"href":"https:\/\/roveyayinevi.com.tr\/index.php\/wp-json\/wp\/v2\/product\/732307","targetHints":{"allow":["GET"]}}],"collection":[{"href":"https:\/\/roveyayinevi.com.tr\/index.php\/wp-json\/wp\/v2\/product"}],"about":[{"href":"https:\/\/roveyayinevi.com.tr\/index.php\/wp-json\/wp\/v2\/types\/product"}],"wp:attachment":[{"href":"https:\/\/roveyayinevi.com.tr\/index.php\/wp-json\/wp\/v2\/media?parent=732307"}],"wp:term":[{"taxonomy":"product_brand","embeddable":true,"href":"https:\/\/roveyayinevi.com.tr\/index.php\/wp-json\/wp\/v2\/product_brand?post=732307"},{"taxonomy":"product_cat","embeddable":true,"href":"https:\/\/roveyayinevi.com.tr\/index.php\/wp-json\/wp\/v2\/product_cat?post=732307"},{"taxonomy":"product_tag","embeddable":true,"href":"https:\/\/roveyayinevi.com.tr\/index.php\/wp-json\/wp\/v2\/product_tag?post=732307"}],"curies":[{"name":"wp","href":"https:\/\/api.w.org\/{rel}","templated":true}]}}