{"id":732303,"date":"2025-08-27T21:48:01","date_gmt":"2025-08-27T18:48:01","guid":{"rendered":"https:\/\/roveyayinevi.com.tr\/index.php\/urun\/gelismenin-degisen-dinamikleri\/"},"modified":"2026-04-16T02:40:16","modified_gmt":"2026-04-15T23:40:16","slug":"gelismenin-degisen-dinamikleri","status":"publish","type":"product","link":"https:\/\/roveyayinevi.com.tr\/index.php\/urun\/gelismenin-degisen-dinamikleri\/","title":{"rendered":"Geli\u015fmenin De\u011fi\u015fen Dinamikleri"},"content":{"rendered":"<p>\u201cKalk\u0131nmac\u0131 ve Rant\u00e7\u0131\u201d kafa ve politikalar, T\u00fcrkiye\u2019nin, Cumhuriyetin kurulu\u015fundan beri i\u00e7ine girdi\u011fi ekonomik ve siyasi krizlerin temel nedenidir. Bu politik kadrolar\u0131n hedefi, her zaman, devletin imk\u00e2nlar\u0131n\u0131 ele ge\u00e7irmek ve kendi aralar\u0131nda pay etmek olmu\u015ftur. Bunu yaparken tarikat, cemaat, mafya ve emperyalistlerle her t\u00fcrl\u00fc i\u015f birli\u011fine girmi\u015fler ve hukuk d\u0131\u015f\u0131 her t\u00fcrl\u00fc fiili i\u015flemi\u015flerdir. Erol KO\u00c7 kitapta somut \u00f6nerilerle, T\u00fcrkiye\u2019nin iki temel sorunu olan, 1. \u00d6demeler dengesinin yol a\u00e7t\u0131\u011f\u0131 ekonomik krizlerin, 2. Otoriter, askeri ve totaliter y\u00f6netimlere yol a\u00e7an siyasi krizlerin nas\u0131l \u00e7\u00f6z\u00fclece\u011fine ili\u015fkin \u00f6nerilerde bulunuyor. Son derece net, pratik ve sonu\u00e7 al\u0131nabilir bir \u015fekilde\u2026 Cumhuriyetin ikinci y\u00fczy\u0131l\u0131na girerken bu kitap, i\u00e7 bar\u0131\u015f\u0131n ve birlikte ya\u015famam\u0131z\u0131n nas\u0131l m\u00fcmk\u00fcn olaca\u011f\u0131n\u0131 s\u00f6yl\u00fcyor: \u201cVicdan\u0131m\u0131z Ortak Olsun!\u201d Kitap, t\u00fcm cumhuriyet\u00e7iler, devrimciler, \u201cCumhuriyet ve Ayd\u0131nlanma\u201d prensibine inanan her kesimden farkl\u0131 g\u00f6r\u00fc\u015fteki insanlar i\u00e7in bir manifestodur.<\/p>\n","protected":false},"excerpt":{"rendered":"<p>\u201cKalk\u0131nmac\u0131 ve Rant\u00e7\u0131\u201d kafa ve politikalar, T\u00fcrkiye\u2019nin, Cumhuriyetin kurulu\u015fundan beri i\u00e7ine girdi\u011fi ekonomik ve siyasi krizlerin temel nedenidir. Bu politik kadrolar\u0131n hedefi, her zaman, devletin imk\u00e2nlar\u0131n\u0131<span class=\"excerpt-hellip\"> [\u2026]<\/span><\/p>\n","protected":false},"featured_media":0,"template":"","meta":{"_monsterinsights_skip_tracking":false,"_monsterinsights_sitenote_active":false,"_monsterinsights_sitenote_note":"","_monsterinsights_sitenote_category":0},"product_brand":[],"product_cat":[13590,12337],"product_tag":[],"class_list":{"0":"post-732303","1":"product","2":"type-product","3":"status-publish","5":"product_cat-arastirma-inceleme-politika-siyaset","6":"product_cat-politika-siyaset","7":"pa_cilt-ciltsiz","8":"pa_tur-kitap","9":"pa_yayinevi-efil-yayinevi","10":"pa_yazar-erol-koc","12":"first","13":"instock","14":"sale","15":"shipping-taxable","16":"purchasable","17":"product-type-simple"},"_links":{"self":[{"href":"https:\/\/roveyayinevi.com.tr\/index.php\/wp-json\/wp\/v2\/product\/732303","targetHints":{"allow":["GET"]}}],"collection":[{"href":"https:\/\/roveyayinevi.com.tr\/index.php\/wp-json\/wp\/v2\/product"}],"about":[{"href":"https:\/\/roveyayinevi.com.tr\/index.php\/wp-json\/wp\/v2\/types\/product"}],"wp:attachment":[{"href":"https:\/\/roveyayinevi.com.tr\/index.php\/wp-json\/wp\/v2\/media?parent=732303"}],"wp:term":[{"taxonomy":"product_brand","embeddable":true,"href":"https:\/\/roveyayinevi.com.tr\/index.php\/wp-json\/wp\/v2\/product_brand?post=732303"},{"taxonomy":"product_cat","embeddable":true,"href":"https:\/\/roveyayinevi.com.tr\/index.php\/wp-json\/wp\/v2\/product_cat?post=732303"},{"taxonomy":"product_tag","embeddable":true,"href":"https:\/\/roveyayinevi.com.tr\/index.php\/wp-json\/wp\/v2\/product_tag?post=732303"}],"curies":[{"name":"wp","href":"https:\/\/api.w.org\/{rel}","templated":true}]}}