{"id":732300,"date":"2025-08-27T21:47:58","date_gmt":"2025-08-27T18:47:58","guid":{"rendered":"https:\/\/roveyayinevi.com.tr\/index.php\/urun\/50-maddede-veganlik\/"},"modified":"2026-04-16T02:40:16","modified_gmt":"2026-04-15T23:40:16","slug":"50-maddede-veganlik","status":"publish","type":"product","link":"https:\/\/roveyayinevi.com.tr\/index.php\/urun\/50-maddede-veganlik\/","title":{"rendered":"50 Maddede Veganl\u0131k"},"content":{"rendered":"<p>\u0130nsan neden vegan olur? Her \u015fey tamam da peyniri de mi b\u0131rakaca\u011f\u0131z? Veganlar bal da m\u0131 yemiyor? Etin vegan\u0131 olur mu? Veganlar sadece ot mu yiyor? Bitkilerin can\u0131 var m\u0131? Vegan olmak \u00e7ok mu pahal\u0131? Veganl\u0131k trend mi, ya\u015fam bi\u00e7imi mi, inan\u00e7 m\u0131, politik duru\u015f mu? 50 Maddede Veganl\u0131k, Emel Ernalbant ve Hazal Y\u0131lmaz\u2019\u0131n y\u0131llar s\u00fcren vegan deneyimlerinin sonucunda derledikleri bir k\u0131lavuz olma \u00f6zelli\u011fi ta\u015f\u0131yor. Vegan jargondan yemek tariflerine, vegan kozmetikten s\u00fcrd\u00fcr\u00fclebilir moda anlay\u0131\u015f\u0131na, karbon ayak izinizi azaltacak pratik \u00e7\u00f6z\u00fcm \u00f6nerilerinden veganizmle ilgili ak\u0131llar\u0131 kar\u0131\u015ft\u0131ran t\u00fcm sorular\u0131n cevaplar\u0131na kadar vegan olman\u0131n ABC\u2019sini bulabilece\u011finiz kapsaml\u0131 bir rehber. Giderek plastikle kaplanan, kaynaklar\u0131 azalan, canl\u0131 t\u00fcrleri yok olan d\u00fcnyay\u0131 yeniden ya\u015fanabilir hale getirmek imkans\u0131z de\u011fil. Hayvanlar\u0131 birer u\u0308ru\u0308n olarak g\u00f6rmeden, su\u0308rdu\u0308ru\u0308lebilir hayat i\u00e7in daha az at\u0131k yaratarak yas\u0327amak, dilimize pelesenk olmus\u0327 tu\u0308rcu\u0308 laflardan ar\u0131narak yeni bir dil kurmak m\u00fcmk\u00fcn. Bu kitap bu imk\u00e2n\u0131 g\u00f6zetiyor; \u00f6nemsiz gibi g\u00f6r\u00fcnen se\u00e7imlerin d\u00fcnyan\u0131n gelece\u011fini nas\u0131l belirledig\u0306ini de g\u00f6zler \u00f6n\u00fcne seriyor<\/p>\n","protected":false},"excerpt":{"rendered":"<p>\u0130nsan neden vegan olur? Her \u015fey tamam da peyniri de mi b\u0131rakaca\u011f\u0131z? Veganlar bal da m\u0131 yemiyor? Etin vegan\u0131 olur mu? Veganlar sadece ot mu yiyor?<span class=\"excerpt-hellip\"> [\u2026]<\/span><\/p>\n","protected":false},"featured_media":0,"template":"","meta":{"_monsterinsights_skip_tracking":false,"_monsterinsights_sitenote_active":false,"_monsterinsights_sitenote_note":"","_monsterinsights_sitenote_category":0},"product_brand":[],"product_cat":[13402,13365],"product_tag":[],"class_list":{"0":"post-732300","1":"product","2":"type-product","3":"status-publish","5":"product_cat-beslenme-ve-diyet","6":"product_cat-saglik","7":"pa_cilt-ciltsiz","8":"pa_tur-kitap","9":"pa_yayinevi-kara-karga-yayinlari","10":"pa_yazar-emel-ernalbant-hazal-yilmaz","12":"first","13":"instock","14":"sale","15":"shipping-taxable","16":"purchasable","17":"product-type-simple"},"_links":{"self":[{"href":"https:\/\/roveyayinevi.com.tr\/index.php\/wp-json\/wp\/v2\/product\/732300","targetHints":{"allow":["GET"]}}],"collection":[{"href":"https:\/\/roveyayinevi.com.tr\/index.php\/wp-json\/wp\/v2\/product"}],"about":[{"href":"https:\/\/roveyayinevi.com.tr\/index.php\/wp-json\/wp\/v2\/types\/product"}],"wp:attachment":[{"href":"https:\/\/roveyayinevi.com.tr\/index.php\/wp-json\/wp\/v2\/media?parent=732300"}],"wp:term":[{"taxonomy":"product_brand","embeddable":true,"href":"https:\/\/roveyayinevi.com.tr\/index.php\/wp-json\/wp\/v2\/product_brand?post=732300"},{"taxonomy":"product_cat","embeddable":true,"href":"https:\/\/roveyayinevi.com.tr\/index.php\/wp-json\/wp\/v2\/product_cat?post=732300"},{"taxonomy":"product_tag","embeddable":true,"href":"https:\/\/roveyayinevi.com.tr\/index.php\/wp-json\/wp\/v2\/product_tag?post=732300"}],"curies":[{"name":"wp","href":"https:\/\/api.w.org\/{rel}","templated":true}]}}