{"id":732298,"date":"2025-08-27T21:47:56","date_gmt":"2025-08-27T18:47:56","guid":{"rendered":"https:\/\/roveyayinevi.com.tr\/index.php\/urun\/founders-faq-girisimcinin-en-sik-sordugu-sorular\/"},"modified":"2026-04-16T02:40:16","modified_gmt":"2026-04-15T23:40:16","slug":"founders-faq-girisimcinin-en-sik-sordugu-sorular","status":"publish","type":"product","link":"https:\/\/roveyayinevi.com.tr\/index.php\/urun\/founders-faq-girisimcinin-en-sik-sordugu-sorular\/","title":{"rendered":"Founder\u2019s FAQ &#8211; Giri\u015fimcinin En S\u0131k Sordu\u011fu Sorular"},"content":{"rendered":"<p>G\u00fcnlerden 17 A\u011fustos 2015. Tek y\u00f6ne bir u\u00e7ak biletiyle San Francisco u\u00e7a\u011f\u0131ndayd\u0131m. Gelecekte beni nelerin bekledi\u011fini bilmiyordum. Tek bildi\u011fim, hayalini kurdu\u011fum Silikon Vadisi\u2019nde bir startup giri\u015fimcisi olmak istedi\u011fimdi. \u00ab Tipik tekno-giri\u015fimci, \u00e7\u0131k\u0131\u015ftan sonra bir sonraki giri\u015fimine bakar. \u0130lker K\u00f6ksal ise bir nefeslenmi\u015f ve \u2018bu i\u015fin kitab\u0131n\u0131 yazm\u0131\u015f.\u2019 Esrarengiz start-up yolculu\u011funu giri\u015fimci g\u00f6z\u00fc ile ayd\u0131nlatm\u0131\u015f. Ba\u015flang\u0131\u00e7tan \u00e7\u0131k\u0131\u015fa kadar yolculu\u011fun her safhas\u0131nda kendi ba\u015f\u0131ndan ge\u00e7enlerden ve kendisinden destek isteyenlerin sordu\u011fu sorulardan yararlanarak giri\u015fimci olmay\u0131 d\u00fc\u015f\u00fcnenler i\u00e7in bir ba\u015fucu kitab\u0131 haz\u0131rlam\u0131\u015f. \u00bb Elma Yay\u0131nevi, Giri\u015fimcilik yolunun ba\u015f\u0131nda olanlara, bu yolda ilerleyenlere her y\u00f6n\u00fcyle k\u0131lavuzluk edecek yepyeni bir kitapla bulu\u015fuyor okuyucusuyla\u2026 Founder\u2019s FAQ-Giri\u015fimcinin En S\u0131k Sordu\u011fu Sorular sizlerle\u2026<\/p>\n","protected":false},"excerpt":{"rendered":"<p>G\u00fcnlerden 17 A\u011fustos 2015. Tek y\u00f6ne bir u\u00e7ak biletiyle San Francisco u\u00e7a\u011f\u0131ndayd\u0131m. Gelecekte beni nelerin bekledi\u011fini bilmiyordum. Tek bildi\u011fim, hayalini kurdu\u011fum Silikon Vadisi\u2019nde bir startup giri\u015fimcisi<span class=\"excerpt-hellip\"> [\u2026]<\/span><\/p>\n","protected":false},"featured_media":0,"template":"","meta":{"_monsterinsights_skip_tracking":false,"_monsterinsights_sitenote_active":false,"_monsterinsights_sitenote_note":"","_monsterinsights_sitenote_category":0},"product_brand":[],"product_cat":[14841,13043],"product_tag":[],"class_list":{"0":"post-732298","1":"product","2":"type-product","3":"status-publish","5":"product_cat-arastirma-inceleme-kuram","6":"product_cat-ekonomi","7":"pa_cilt-ciltsiz","8":"pa_tur-kitap","9":"pa_yayinevi-elma-yayinevi","10":"pa_yazar-ilker-koksal","12":"first","13":"instock","14":"sale","15":"shipping-taxable","16":"purchasable","17":"product-type-simple"},"_links":{"self":[{"href":"https:\/\/roveyayinevi.com.tr\/index.php\/wp-json\/wp\/v2\/product\/732298","targetHints":{"allow":["GET"]}}],"collection":[{"href":"https:\/\/roveyayinevi.com.tr\/index.php\/wp-json\/wp\/v2\/product"}],"about":[{"href":"https:\/\/roveyayinevi.com.tr\/index.php\/wp-json\/wp\/v2\/types\/product"}],"wp:attachment":[{"href":"https:\/\/roveyayinevi.com.tr\/index.php\/wp-json\/wp\/v2\/media?parent=732298"}],"wp:term":[{"taxonomy":"product_brand","embeddable":true,"href":"https:\/\/roveyayinevi.com.tr\/index.php\/wp-json\/wp\/v2\/product_brand?post=732298"},{"taxonomy":"product_cat","embeddable":true,"href":"https:\/\/roveyayinevi.com.tr\/index.php\/wp-json\/wp\/v2\/product_cat?post=732298"},{"taxonomy":"product_tag","embeddable":true,"href":"https:\/\/roveyayinevi.com.tr\/index.php\/wp-json\/wp\/v2\/product_tag?post=732298"}],"curies":[{"name":"wp","href":"https:\/\/api.w.org\/{rel}","templated":true}]}}