{"id":732297,"date":"2025-08-27T21:47:55","date_gmt":"2025-08-27T18:47:55","guid":{"rendered":"https:\/\/roveyayinevi.com.tr\/index.php\/urun\/evinizdeki-barmen\/"},"modified":"2026-04-16T02:40:16","modified_gmt":"2026-04-15T23:40:16","slug":"evinizdeki-barmen","status":"publish","type":"product","link":"https:\/\/roveyayinevi.com.tr\/index.php\/urun\/evinizdeki-barmen\/","title":{"rendered":"Evinizdeki Barmen"},"content":{"rendered":"<p>\u00c7ok az malzemeyle muhte\u015fem kokteyller Votka, Rom, Cin, Tekila ve Viski gibi temel i\u00e7kilerin kullan\u0131ld\u0131\u011f\u0131 175\u2019ten fazla tarif.En sevdi\u011fimiz Cin&amp;Tonik, Cosmopolitan, Martini, Margarita, Old Fashioned ve Manhattan gibi kokteyllerin Mu\u0308kemmel, Klasik ve Bu\u0308t\u00e7e Dostu versiyonlar\u0131.Kokteyl repertuar\u0131n\u0131z\u0131 geli\u015ftirmeniz i\u00e7in elma \u015farab\u0131 ve Kombu \u00e7ay\u0131 kullanabilece\u011finiz yenilik\u00e7i tarifler.\u0130\u00e7kiler, kokteyl malzemeleri, bar aletleri ve bardaklar hakk\u0131nda kolay anla\u015f\u0131l\u0131r a\u00e7\u0131klamalar ve ipu\u00e7lar\u0131.Pazar kahvalt\u0131lar\u0131n\u0131z\u0131 \u015fenlendirecek ferahlat\u0131c\u0131 kokteyller. Evinizdeki Barmen, en fazla d\u00f6rt malzeme kullanarak haz\u0131rlayabilece\u011finiz kokteyl tariflerini bir araya getiriyor. Lezzetli bir kokteyl i\u00e7in en \u00f6nemli oran\u0131n ne oldu\u011funu unutmayal\u0131m: \u00c7ok i\u00e7mek, az kar\u0131\u015ft\u0131rmak. Kokteyl haz\u0131rlamak karma\u015f\u0131k olmamal\u0131. Ancak miksolojiyle ilgilenenlerin gizemli ve egzotik kar\u0131\u015f\u0131mlara olan tutkular\u0131 her ge\u00e7en gu\u0308n artt\u0131k\u00e7a siz evdeki barmenler, kafan\u0131z\u0131n karmakar\u0131\u015f\u0131k h\u00e2le geldi\u011fini hissediyor olabilirsiniz. \u00d6yleyse, bu kitap tam size g\u00f6re! Arkada\u015flar\u0131n\u0131z\u0131 iyi a\u011f\u0131rlamak i\u00e7in yeterli zaman\u0131n\u0131z veya beceriniz olmad\u0131\u011f\u0131n\u0131 du\u0308\u015fu\u0308nmeyin. Evinizdeki Barmen ile ev partilerinin oda\u011f\u0131nda siz olacaks\u0131n\u0131z!<\/p>\n","protected":false},"excerpt":{"rendered":"<p>\u00c7ok az malzemeyle muhte\u015fem kokteyller Votka, Rom, Cin, Tekila ve Viski gibi temel i\u00e7kilerin kullan\u0131ld\u0131\u011f\u0131 175\u2019ten fazla tarif.En sevdi\u011fimiz Cin&amp;Tonik, Cosmopolitan, Martini, Margarita, Old Fashioned ve<span class=\"excerpt-hellip\"> [\u2026]<\/span><\/p>\n","protected":false},"featured_media":0,"template":"","meta":{"_monsterinsights_skip_tracking":false,"_monsterinsights_sitenote_active":false,"_monsterinsights_sitenote_note":"","_monsterinsights_sitenote_category":0},"product_brand":[],"product_cat":[77985,12457],"product_tag":[],"class_list":{"0":"post-732297","1":"product","2":"type-product","3":"status-publish","5":"product_cat-kokteyl-ve-icki-kitaplari","6":"product_cat-yemek-kitaplari","7":"pa_cilt-ciltsiz","8":"pa_tur-kitap","9":"pa_yayinevi-epsilon-yayinlari","10":"pa_yazar-shane-carley","12":"first","13":"instock","14":"sale","15":"shipping-taxable","16":"purchasable","17":"product-type-simple"},"_links":{"self":[{"href":"https:\/\/roveyayinevi.com.tr\/index.php\/wp-json\/wp\/v2\/product\/732297","targetHints":{"allow":["GET"]}}],"collection":[{"href":"https:\/\/roveyayinevi.com.tr\/index.php\/wp-json\/wp\/v2\/product"}],"about":[{"href":"https:\/\/roveyayinevi.com.tr\/index.php\/wp-json\/wp\/v2\/types\/product"}],"wp:attachment":[{"href":"https:\/\/roveyayinevi.com.tr\/index.php\/wp-json\/wp\/v2\/media?parent=732297"}],"wp:term":[{"taxonomy":"product_brand","embeddable":true,"href":"https:\/\/roveyayinevi.com.tr\/index.php\/wp-json\/wp\/v2\/product_brand?post=732297"},{"taxonomy":"product_cat","embeddable":true,"href":"https:\/\/roveyayinevi.com.tr\/index.php\/wp-json\/wp\/v2\/product_cat?post=732297"},{"taxonomy":"product_tag","embeddable":true,"href":"https:\/\/roveyayinevi.com.tr\/index.php\/wp-json\/wp\/v2\/product_tag?post=732297"}],"curies":[{"name":"wp","href":"https:\/\/api.w.org\/{rel}","templated":true}]}}