{"id":732294,"date":"2025-08-27T21:47:52","date_gmt":"2025-08-27T18:47:52","guid":{"rendered":"https:\/\/roveyayinevi.com.tr\/index.php\/urun\/hayrettin-ivginin-manas-romaninda-kirgiz-folkloru\/"},"modified":"2026-04-16T02:40:16","modified_gmt":"2026-04-15T23:40:16","slug":"hayrettin-ivginin-manas-romaninda-kirgiz-folkloru","status":"publish","type":"product","link":"https:\/\/roveyayinevi.com.tr\/index.php\/urun\/hayrettin-ivginin-manas-romaninda-kirgiz-folkloru\/","title":{"rendered":"Hayrettin \u0130vgin\u2019in Manas Roman\u0131nda K\u0131rg\u0131z Folkloru"},"content":{"rendered":"<p>Orta Asya\u2019n\u0131n kadim uygarl\u0131klar\u0131ndan olan K\u0131rg\u0131zlara ait Manas Destan\u0131, T\u00fcrk k\u00fclt\u00fcr\u00fcnden de\u011fi\u015fik izler ta\u015f\u0131maktad\u0131r. Destan, zengin ve de\u011ferli bir eser olarak varyantlar\u0131yla birlikte bir milyon m\u0131sradan olu\u015fmu\u015f ve g\u00fcn\u00fcm\u00fcze gelmi\u015ftir. Manas roman\u0131, bin y\u0131l \u00f6nce K\u0131rg\u0131z halk\u0131n\u0131n esaretten h\u00fcrriyete ge\u00e7i\u015fini, birlik ve dirli\u011fini sa\u011flayan Manas Destan\u0131\u2019ndan ilham al\u0131narak haz\u0131rlanm\u0131\u015ft\u0131r. Manas roman\u0131, K\u0131rg\u0131z halk\u0131n\u0131n ahlaki ve estetik de\u011ferlerini en iyi \u015fekilde ifade eden b\u00fcy\u00fck abideden yans\u0131yand\u0131r. Destan\u0131n ruhundaki h\u00fcrriyet, ba\u011f\u0131ms\u0131zl\u0131k ve millet olma kavramlar\u0131, gen\u00e7 K\u0131rg\u0131z Cumhuriyeti\u2019nin ba\u011f\u0131ms\u0131z olma yolundaki ideolojisinin temeli olmu\u015ftur. 1991 y\u0131l\u0131nda di\u011fer T\u00fcrk Cumhuriyetleri gibi K\u0131rg\u0131zistan ba\u011f\u0131ms\u0131z olduktan sonra dil, edebiyat, tarih ve k\u00fclt\u00fcrle ilgili mill\u00ee sembollerini ortaya \u00e7\u0131karmaya ba\u015flad\u0131. Bunlardan Manas Destan\u0131 hak etti\u011fi de\u011feri buldu. Biz de \u00fclkemizde bu do\u011frultuda Manas Destan\u0131\u2019n\u0131 akademik d\u00fcnyada ve geni\u015f okuyucu kitlesine yeterince tan\u0131tmak i\u00e7in bu \u00e7al\u0131\u015fmay\u0131 haz\u0131rlad\u0131k. Hayrettin \u0130vgin\u2019in roman\u0131ndan hareket ederek, K\u0131rg\u0131zlar\u0131n ; giyim-ku\u015fam, do\u011fum-evlenme gelenekleri, geleneksel bayramlar\u0131, ad vermeleri, l\u00e2kaplar\u0131, d\u00fc\u011f\u00fcn ve toy gelenekleri, oyunlar\u0131, inan\u0131\u015flar\u0131, halk sa\u011fl\u0131\u011f\u0131 gelenekleri anlat\u0131lmaktad\u0131r.<\/p>\n","protected":false},"excerpt":{"rendered":"<p>Orta Asya\u2019n\u0131n kadim uygarl\u0131klar\u0131ndan olan K\u0131rg\u0131zlara ait Manas Destan\u0131, T\u00fcrk k\u00fclt\u00fcr\u00fcnden de\u011fi\u015fik izler ta\u015f\u0131maktad\u0131r. Destan, zengin ve de\u011ferli bir eser olarak varyantlar\u0131yla birlikte bir milyon m\u0131sradan<span class=\"excerpt-hellip\"> [\u2026]<\/span><\/p>\n","protected":false},"featured_media":0,"template":"","meta":{"_monsterinsights_skip_tracking":false,"_monsterinsights_sitenote_active":false,"_monsterinsights_sitenote_note":"","_monsterinsights_sitenote_category":0},"product_brand":[],"product_cat":[12370,12304],"product_tag":[],"class_list":{"0":"post-732294","1":"product","2":"type-product","3":"status-publish","5":"product_cat-arastirma-inceleme","6":"product_cat-tarih","7":"pa_cilt-ciltsiz","8":"pa_tur-kitap","9":"pa_yayinevi-kultur-ajans-yayinlari","10":"pa_yazar-kadriye-akinci","12":"first","13":"instock","14":"sale","15":"shipping-taxable","16":"purchasable","17":"product-type-simple"},"_links":{"self":[{"href":"https:\/\/roveyayinevi.com.tr\/index.php\/wp-json\/wp\/v2\/product\/732294","targetHints":{"allow":["GET"]}}],"collection":[{"href":"https:\/\/roveyayinevi.com.tr\/index.php\/wp-json\/wp\/v2\/product"}],"about":[{"href":"https:\/\/roveyayinevi.com.tr\/index.php\/wp-json\/wp\/v2\/types\/product"}],"wp:attachment":[{"href":"https:\/\/roveyayinevi.com.tr\/index.php\/wp-json\/wp\/v2\/media?parent=732294"}],"wp:term":[{"taxonomy":"product_brand","embeddable":true,"href":"https:\/\/roveyayinevi.com.tr\/index.php\/wp-json\/wp\/v2\/product_brand?post=732294"},{"taxonomy":"product_cat","embeddable":true,"href":"https:\/\/roveyayinevi.com.tr\/index.php\/wp-json\/wp\/v2\/product_cat?post=732294"},{"taxonomy":"product_tag","embeddable":true,"href":"https:\/\/roveyayinevi.com.tr\/index.php\/wp-json\/wp\/v2\/product_tag?post=732294"}],"curies":[{"name":"wp","href":"https:\/\/api.w.org\/{rel}","templated":true}]}}