{"id":732291,"date":"2025-08-27T21:47:49","date_gmt":"2025-08-27T18:47:49","guid":{"rendered":"https:\/\/roveyayinevi.com.tr\/index.php\/urun\/turkiye-gastronomi-atlasi\/"},"modified":"2026-04-16T02:40:16","modified_gmt":"2026-04-15T23:40:16","slug":"turkiye-gastronomi-atlasi","status":"publish","type":"product","link":"https:\/\/roveyayinevi.com.tr\/index.php\/urun\/turkiye-gastronomi-atlasi\/","title":{"rendered":"T\u00fcrkiye Gastronomi Atlas\u0131"},"content":{"rendered":"<p>\u015eef, seyyah ve ara\u015ft\u0131rmac\u0131 \u00d6m\u00fcr Akkor\u2019un T\u00fcrkiye\u2019yi kar\u0131\u015f kar\u0131\u015f ke\u015ffe \u00e7\u0131k\u0131\u015f\u0131n\u0131n 25. y\u0131l\u0131.  T\u00fcrkiye Gastronomi Atlas\u0131 rehberli\u011finde T\u00fcrkiye\u2019nin lezzet duraklar\u0131n\u0131 \u00d6m\u00fcr Akkor ile ke\u015ffetmeye davet ediyoruz sizi.  \u00d6m\u00fcr Akkor \u00f6n\u00fcne reng\u00e2renk kalemler, silgiler ve k\u00e2\u011f\u0131tlar ald\u0131 ve sizin i\u00e7in tek tek T\u00fcrkiye\u2019nin lezzet rotalar\u0131n\u0131 \u00e7izdi. Sayfalar aras\u0131nda dola\u015f\u0131rken tat ve koku haf\u0131zan\u0131z\u0131n derinliklerine uzanan bir yolculu\u011fa \u00e7\u0131kacaks\u0131n\u0131z. Belki \u00e7ocuklu\u011funuzda ailenizle yedi\u011finiz pidenin kokusu, belki de kom\u015funuzun memleketten getirip size ikram etti\u011fi o tulum peynirinin lezzeti ge\u00e7mi\u015ften bug\u00fcne gelecek.  Her rota, yemek k\u00fclt\u00fcr\u00fc ile co\u011frafyan\u0131n bizlere sundu\u011fu ser\u00fcvenleri bulu\u015fturan \u00f6zel bir deneyim sunuyor.  H\u00fcnerli bir el, merakl\u0131 bir g\u00f6z, zevk sahibi bir zihin T\u00fcrkiye\u2019yi co\u015fkuyla ad\u0131mlad\u0131 ve kaydetti. E\u015flik etmek isteyen herkes i\u00e7in geriye sadece atlas\u0131n ilk sayfas\u0131n\u0131 \u00e7evirmek kal\u0131yor<\/p>\n","protected":false},"excerpt":{"rendered":"<p>\u015eef, seyyah ve ara\u015ft\u0131rmac\u0131 \u00d6m\u00fcr Akkor\u2019un T\u00fcrkiye\u2019yi kar\u0131\u015f kar\u0131\u015f ke\u015ffe \u00e7\u0131k\u0131\u015f\u0131n\u0131n 25. y\u0131l\u0131. T\u00fcrkiye Gastronomi Atlas\u0131 rehberli\u011finde T\u00fcrkiye\u2019nin lezzet duraklar\u0131n\u0131 \u00d6m\u00fcr Akkor ile ke\u015ffetmeye davet ediyoruz<span class=\"excerpt-hellip\"> [\u2026]<\/span><\/p>\n","protected":false},"featured_media":0,"template":"","meta":{"_monsterinsights_skip_tracking":false,"_monsterinsights_sitenote_active":false,"_monsterinsights_sitenote_note":"","_monsterinsights_sitenote_category":0},"product_brand":[],"product_cat":[12458,12457],"product_tag":[],"class_list":{"0":"post-732291","1":"product","2":"type-product","3":"status-publish","5":"product_cat-turk-mutfagi","6":"product_cat-yemek-kitaplari","7":"pa_cilt-ciltsiz","8":"pa_tur-kitap","9":"pa_yayinevi-ketebe-yayinlari","10":"pa_yazar-omur-akkor","12":"first","13":"instock","14":"sale","15":"shipping-taxable","16":"purchasable","17":"product-type-simple"},"_links":{"self":[{"href":"https:\/\/roveyayinevi.com.tr\/index.php\/wp-json\/wp\/v2\/product\/732291","targetHints":{"allow":["GET"]}}],"collection":[{"href":"https:\/\/roveyayinevi.com.tr\/index.php\/wp-json\/wp\/v2\/product"}],"about":[{"href":"https:\/\/roveyayinevi.com.tr\/index.php\/wp-json\/wp\/v2\/types\/product"}],"wp:attachment":[{"href":"https:\/\/roveyayinevi.com.tr\/index.php\/wp-json\/wp\/v2\/media?parent=732291"}],"wp:term":[{"taxonomy":"product_brand","embeddable":true,"href":"https:\/\/roveyayinevi.com.tr\/index.php\/wp-json\/wp\/v2\/product_brand?post=732291"},{"taxonomy":"product_cat","embeddable":true,"href":"https:\/\/roveyayinevi.com.tr\/index.php\/wp-json\/wp\/v2\/product_cat?post=732291"},{"taxonomy":"product_tag","embeddable":true,"href":"https:\/\/roveyayinevi.com.tr\/index.php\/wp-json\/wp\/v2\/product_tag?post=732291"}],"curies":[{"name":"wp","href":"https:\/\/api.w.org\/{rel}","templated":true}]}}