{"id":732283,"date":"2025-08-27T21:47:41","date_gmt":"2025-08-27T18:47:41","guid":{"rendered":"https:\/\/roveyayinevi.com.tr\/index.php\/urun\/hakikati-arayanlar\/"},"modified":"2026-04-16T02:40:16","modified_gmt":"2026-04-15T23:40:16","slug":"hakikati-arayanlar","status":"publish","type":"product","link":"https:\/\/roveyayinevi.com.tr\/index.php\/urun\/hakikati-arayanlar\/","title":{"rendered":"Hakikat\u2019i Arayanlar"},"content":{"rendered":"<p>\u201cHakikat nedir?\u201d diye sordular.   \u201c\u0130lk ademden son zadeye her varl\u0131\u011f\u0131n ger\u00e7e\u011fidir.\u201d dedi.   \u201cB\u00f6yle i\u015f mi olur! Bu, inanca ayk\u0131r\u0131d\u0131r.\u201d dediler.   \u201cBilakis, Hakikat bir ilimdir, inanc\u0131m\u0131z\u0131n ak\u0131l g\u00f6z\u00fcnden kan\u0131t\u0131d\u0131r.\u201d dedi.   \u201cHakikat&#8217;i \u00f6\u011frensek ne olur ki?\u201d diye sordular.   Eskilerin bilge bir el\u00e7isinden \u015f\u00f6yle rivayet etti: &#8220;\u0130lme vak\u0131f olan g\u00f6rm\u00fc\u015ft\u00fcr k\u00e2inat\u0131n her azas\u0131n\u0131, Elinde tutmu\u015ftur o ki\u015fi, g\u00fcc\u00fcn asas\u0131n\u0131.\u201d D\u00f6n\u00fcp bakt\u0131 yanlar\u0131nda uzanan da\u011flara. Da\u011flar b\u00fcy\u00fck bir g\u00fcr\u00fclt\u00fcyle sars\u0131ld\u0131. \u201cHakikat&#8217;e vak\u0131f olursan\u0131z, da\u011flar\u0131 yerinden oynatabilirsiniz.\u201d dedi.   Y\u00fczy\u0131l\u0131n ser\u00fcvenine haz\u0131r m\u0131s\u0131n? D\u00fcnyan\u0131n son y\u00fczy\u0131l\u0131nda kalbinde hala iyilik bar\u0131nd\u0131ran insanlar\u0131n, 3.\u0130lbisler&#8217;ce kurulan distopik d\u00fcnya d\u00fczeni kar\u015f\u0131s\u0131ndaki m\u00fccadelesine tan\u0131k olurken, Bir yandan da \u00e7a\u011flar, nesiller boyu aranan Hakikat \u0130lminin kap\u0131lar\u0131n\u0131 ke\u015ffetmek ister misin? Hakikat&#8217;i Arayanlar serisinin ilk kitab\u0131 Kul Tankut daha ilk sat\u0131rlar\u0131ndan okuyucusunu hik\u00e2yenin i\u00e7ine \u00e7eken, soluksuz okunacak bir eser<\/p>\n","protected":false},"excerpt":{"rendered":"<p>\u201cHakikat nedir?\u201d diye sordular. \u201c\u0130lk ademden son zadeye her varl\u0131\u011f\u0131n ger\u00e7e\u011fidir.\u201d dedi. \u201cB\u00f6yle i\u015f mi olur! Bu, inanca ayk\u0131r\u0131d\u0131r.\u201d dediler. \u201cBilakis, Hakikat bir ilimdir, inanc\u0131m\u0131z\u0131n ak\u0131l<span class=\"excerpt-hellip\"> [\u2026]<\/span><\/p>\n","protected":false},"featured_media":0,"template":"","meta":{"_monsterinsights_skip_tracking":false,"_monsterinsights_sitenote_active":false,"_monsterinsights_sitenote_note":"","_monsterinsights_sitenote_category":0},"product_brand":[],"product_cat":[12291,12711],"product_tag":[],"class_list":{"0":"post-732283","1":"product","2":"type-product","3":"status-publish","5":"product_cat-edebiyat","6":"product_cat-roman-oyku","7":"pa_cilt-ciltsiz","8":"pa_tur-kitap","9":"pa_yayinevi-perseus","10":"pa_yazar-b-s-keles","12":"first","13":"instock","14":"sale","15":"shipping-taxable","16":"purchasable","17":"product-type-simple"},"_links":{"self":[{"href":"https:\/\/roveyayinevi.com.tr\/index.php\/wp-json\/wp\/v2\/product\/732283","targetHints":{"allow":["GET"]}}],"collection":[{"href":"https:\/\/roveyayinevi.com.tr\/index.php\/wp-json\/wp\/v2\/product"}],"about":[{"href":"https:\/\/roveyayinevi.com.tr\/index.php\/wp-json\/wp\/v2\/types\/product"}],"wp:attachment":[{"href":"https:\/\/roveyayinevi.com.tr\/index.php\/wp-json\/wp\/v2\/media?parent=732283"}],"wp:term":[{"taxonomy":"product_brand","embeddable":true,"href":"https:\/\/roveyayinevi.com.tr\/index.php\/wp-json\/wp\/v2\/product_brand?post=732283"},{"taxonomy":"product_cat","embeddable":true,"href":"https:\/\/roveyayinevi.com.tr\/index.php\/wp-json\/wp\/v2\/product_cat?post=732283"},{"taxonomy":"product_tag","embeddable":true,"href":"https:\/\/roveyayinevi.com.tr\/index.php\/wp-json\/wp\/v2\/product_tag?post=732283"}],"curies":[{"name":"wp","href":"https:\/\/api.w.org\/{rel}","templated":true}]}}