{"id":732281,"date":"2025-08-27T21:47:40","date_gmt":"2025-08-27T18:47:40","guid":{"rendered":"https:\/\/roveyayinevi.com.tr\/index.php\/urun\/kent-markalama-bolu-ili-ornegi\/"},"modified":"2026-04-16T02:40:16","modified_gmt":"2026-04-15T23:40:16","slug":"kent-markalama-bolu-ili-ornegi","status":"publish","type":"product","link":"https:\/\/roveyayinevi.com.tr\/index.php\/urun\/kent-markalama-bolu-ili-ornegi\/","title":{"rendered":"Kent Markalama Bolu \u0130li \u00d6rne\u011fi"},"content":{"rendered":"<p>\u0130\u00e7indekiler 1.Marka Kavram\u0131a.Marka Kavram\u0131 b.Markanin Amaci Ve \u00d6nemi c.Markanin \u00d6zellikleri Ve Faydalar\u0131d.Markalama e.Markalama S\u00fcreci f.Pazarlama Ve Markalama g.Marka Ile Ilgili Kavramlar h.Marka De\u011feri i.Marka De\u011feri Unsurlar\u01312. Kent Marka Kavram\u0131a. Kent Marka Kavram\u0131 b. Kent Markalamanin Amac\u0131 Ve \u00d6nemi c.Kent Markalamanin \u00d6zellikleri Ve Faydalar\u0131a. Kent Markalama b. Kent Markalama S\u00fcreci c.  Kent Pazarlama Ve Kent Markalama d. Kent Pazarlama \u0130le \u0130lgili Kavramlar e. Marka De\u011feri Unsurlari 2. Uygulama : Bolu \u0130li \u00d6rne\u011fi a. Literat\u00fcr \u00c7ali\u015fmasi b. Ara\u015ftirmanin Amaci c.Ara\u015ftirmanin \u00d6nemi d.Kapsam Ve Sinirlar e. Ara\u015ftirmanin Metodolojisi f. Ara\u015ftirmanin Problemleri g. Ara\u015ftirmanin Sorulari h. Ara\u015ftirmanin Evreni, \u00d6rneklei Ve Anket Formunun Geli\u015ftirilmesi i. Ara\u015ftirmanin Bulgulari j.Bolu\u2019nun Marka De\u011ferinde Etkili Olan Fakt\u00f6rlerin Analizi k.Hipotezler Ve Analiz l.Varyans Ve Turkey Testi Sonucu 3.Sonu\u00e7 Ve De\u011ferlendirme <\/p>\n","protected":false},"excerpt":{"rendered":"<p>\u0130\u00e7indekiler 1.Marka Kavram\u0131a.Marka Kavram\u0131 b.Markanin Amaci Ve \u00d6nemi c.Markanin \u00d6zellikleri Ve Faydalar\u0131d.Markalama e.Markalama S\u00fcreci f.Pazarlama Ve Markalama g.Marka Ile Ilgili Kavramlar h.Marka De\u011feri i.Marka De\u011feri Unsurlar\u01312.<span class=\"excerpt-hellip\"> [\u2026]<\/span><\/p>\n","protected":false},"featured_media":0,"template":"","meta":{"_monsterinsights_skip_tracking":false,"_monsterinsights_sitenote_active":false,"_monsterinsights_sitenote_note":"","_monsterinsights_sitenote_category":0},"product_brand":[],"product_cat":[12767,12324],"product_tag":[],"class_list":{"0":"post-732281","1":"product","2":"type-product","3":"status-publish","5":"product_cat-kentlesme-modernlesme","6":"product_cat-sosyoloji","7":"pa_cilt-ciltsiz","8":"pa_tur-kitap","9":"pa_yayinevi-gazi-kitabevi","10":"pa_yazar-ruziye-cop","12":"first","13":"instock","14":"sale","15":"shipping-taxable","16":"purchasable","17":"product-type-simple"},"_links":{"self":[{"href":"https:\/\/roveyayinevi.com.tr\/index.php\/wp-json\/wp\/v2\/product\/732281","targetHints":{"allow":["GET"]}}],"collection":[{"href":"https:\/\/roveyayinevi.com.tr\/index.php\/wp-json\/wp\/v2\/product"}],"about":[{"href":"https:\/\/roveyayinevi.com.tr\/index.php\/wp-json\/wp\/v2\/types\/product"}],"wp:attachment":[{"href":"https:\/\/roveyayinevi.com.tr\/index.php\/wp-json\/wp\/v2\/media?parent=732281"}],"wp:term":[{"taxonomy":"product_brand","embeddable":true,"href":"https:\/\/roveyayinevi.com.tr\/index.php\/wp-json\/wp\/v2\/product_brand?post=732281"},{"taxonomy":"product_cat","embeddable":true,"href":"https:\/\/roveyayinevi.com.tr\/index.php\/wp-json\/wp\/v2\/product_cat?post=732281"},{"taxonomy":"product_tag","embeddable":true,"href":"https:\/\/roveyayinevi.com.tr\/index.php\/wp-json\/wp\/v2\/product_tag?post=732281"}],"curies":[{"name":"wp","href":"https:\/\/api.w.org\/{rel}","templated":true}]}}