{"id":732278,"date":"2025-08-27T21:47:37","date_gmt":"2025-08-27T18:47:37","guid":{"rendered":"https:\/\/roveyayinevi.com.tr\/index.php\/urun\/800-km-mutlulukcantasiz-yuruyus-ciltli\/"},"modified":"2026-04-16T02:40:16","modified_gmt":"2026-04-15T23:40:16","slug":"800-km-mutlulukcantasiz-yuruyus-ciltli","status":"publish","type":"product","link":"https:\/\/roveyayinevi.com.tr\/index.php\/urun\/800-km-mutlulukcantasiz-yuruyus-ciltli\/","title":{"rendered":"800 Km Mutluluk:\u00c7antas\u0131z Y\u00fcr\u00fcy\u00fc\u015f (Ciltli)"},"content":{"rendered":"<p>Bilgelik yolunda y\u00fcr\u00fcyen mutlu gezgin Muammer Y\u0131lmaz,El Camino de Santiago yolunda&#8230; Arkada\u015f\u0131 Milan Bihlmann ilebu zorlu ama muazzam yolda y\u00fcr\u00fcrken gezi g\u00fcnl\u00fc\u011f\u00fcn\u00fc sizlerle payla\u015f\u0131yor.   800 kilometrelik bir yolculuk\u2026 Hem de \u00e7antas\u0131z ve at\u0131ks\u0131z! \u00d6nce imk\u00e2ns\u0131z g\u00f6r\u00fcn\u00fcyor, sonra ger\u00e7e\u011fe d\u00f6n\u00fc\u015f\u00fcyor.Bu kitab\u0131 okurken Santiago Yolu\u2019ndaki b\u00fcy\u00fcl\u00fc atmosfere,ilgin\u00e7 kar\u015f\u0131la\u015fmalara, g\u00fc\u00e7l\u00fc dostluklara ve b\u00fcy\u00fck bir m\u00fccadeleyetan\u0131k olacaks\u0131n\u0131z.   \u201c\u00d6nemli olan var\u0131lan nokta de\u011fil,yolculu\u011fun kendisidir!\u201d <\/p>\n","protected":false},"excerpt":{"rendered":"<p>Bilgelik yolunda y\u00fcr\u00fcyen mutlu gezgin Muammer Y\u0131lmaz,El Camino de Santiago yolunda&#8230; Arkada\u015f\u0131 Milan Bihlmann ilebu zorlu ama muazzam yolda y\u00fcr\u00fcrken gezi g\u00fcnl\u00fc\u011f\u00fcn\u00fc sizlerle payla\u015f\u0131yor. 800 kilometrelik<span class=\"excerpt-hellip\"> [\u2026]<\/span><\/p>\n","protected":false},"featured_media":0,"template":"","meta":{"_monsterinsights_skip_tracking":false,"_monsterinsights_sitenote_active":false,"_monsterinsights_sitenote_note":"","_monsterinsights_sitenote_category":0},"product_brand":[],"product_cat":[12291,12711],"product_tag":[],"class_list":{"0":"post-732278","1":"product","2":"type-product","3":"status-publish","5":"product_cat-edebiyat","6":"product_cat-roman-oyku","7":"pa_cilt-ciltli","8":"pa_tur-kitap","9":"pa_yayinevi-ephesus-yayinlari","10":"pa_yazar-muammer-yilmaz","12":"first","13":"instock","14":"sale","15":"shipping-taxable","16":"purchasable","17":"product-type-simple"},"_links":{"self":[{"href":"https:\/\/roveyayinevi.com.tr\/index.php\/wp-json\/wp\/v2\/product\/732278","targetHints":{"allow":["GET"]}}],"collection":[{"href":"https:\/\/roveyayinevi.com.tr\/index.php\/wp-json\/wp\/v2\/product"}],"about":[{"href":"https:\/\/roveyayinevi.com.tr\/index.php\/wp-json\/wp\/v2\/types\/product"}],"wp:attachment":[{"href":"https:\/\/roveyayinevi.com.tr\/index.php\/wp-json\/wp\/v2\/media?parent=732278"}],"wp:term":[{"taxonomy":"product_brand","embeddable":true,"href":"https:\/\/roveyayinevi.com.tr\/index.php\/wp-json\/wp\/v2\/product_brand?post=732278"},{"taxonomy":"product_cat","embeddable":true,"href":"https:\/\/roveyayinevi.com.tr\/index.php\/wp-json\/wp\/v2\/product_cat?post=732278"},{"taxonomy":"product_tag","embeddable":true,"href":"https:\/\/roveyayinevi.com.tr\/index.php\/wp-json\/wp\/v2\/product_tag?post=732278"}],"curies":[{"name":"wp","href":"https:\/\/api.w.org\/{rel}","templated":true}]}}