{"id":732272,"date":"2025-08-27T21:47:31","date_gmt":"2025-08-27T18:47:31","guid":{"rendered":"https:\/\/roveyayinevi.com.tr\/index.php\/urun\/40-metotla-kariyerini-ve-kisiligini-parlat\/"},"modified":"2026-04-16T02:40:15","modified_gmt":"2026-04-15T23:40:15","slug":"40-metotla-kariyerini-ve-kisiligini-parlat","status":"publish","type":"product","link":"https:\/\/roveyayinevi.com.tr\/index.php\/urun\/40-metotla-kariyerini-ve-kisiligini-parlat\/","title":{"rendered":"40 Metotla Kariyerini Ve Ki\u015fili\u011fini Parlat"},"content":{"rendered":"<p>Ge\u00e7mi\u015fime ve bug\u00fcn\u00fcme bakt\u0131\u011f\u0131mda g\u00f6r\u00fcyorum ki bu hayatta metotsuz ve y\u00f6ntemsiz olmak, denizde pusulas\u0131z seyretmekle ayn\u0131 \u015fey. Bu kitap boyunca amac\u0131m baz\u0131 \u015feyleri biraz daha stratejik ve farkl\u0131 yapman\u0131z\u0131 sa\u011flayarak sizi g\u00fc\u00e7lendirmek. Her durumda nas\u0131l biraz daha etkin hale gelebilece\u011finizi \u00f6\u011frenebilirsiniz. Sizi \u00e7ok daha farkl\u0131 ve \u00e7ok daha iyi bir yere getirecek ara\u00e7larla tan\u0131\u015fabilirsiniz. Hi\u00e7bir \u015fey i\u00e7in ge\u00e7 de\u011fil.   T\u00fcrkiye\u2019nin ve Avrupa\u2019n\u0131n say\u0131l\u0131 CEO\u2019lar\u0131 aras\u0131nda g\u00f6sterilen Tansu Ye\u011fen, en \u00f6nemli hedeflerinizden g\u00fcnl\u00fck ayr\u0131nt\u0131lara kadar yolunuzdaki her ad\u0131mda size yard\u0131m edecek iyi fikirleri bir araya getiriyor. Ba\u015far\u0131l\u0131 i\u015flerin ortak temas\u0131n\u0131 ve d\u00fcnyan\u0131n dev \u015firketleri taraf\u0131ndan da kullan\u0131lan pratik taktikleri anlat\u0131yor. Baz\u0131 \u015feyleri daha kolay, daha h\u0131zl\u0131 ve daha verimli \u015fekillerde yapman\u0131za yard\u0131m ediyor.   Parlat, ba\u015far\u0131n\u0131n en \u00e7ok ihmal edilen s\u0131rlar\u0131n\u0131 \u00f6\u011frenmek, teknolojinin geni\u015f yelpazesini anlamak ve \u00f6n\u00fcm\u00fczdeki yeni d\u00fcnyada rekabet g\u00fcc\u00fcn\u00fc korumak isteyenler i\u00e7in y\u0131l\u0131n en stratejik okumas\u0131 olabilir. \u00c7\u00fcnk\u00fc bu kitap potansiyeli-nize y\u00fczde y\u00fcz etki edecek metotlarla ilgili. Bug\u00fcn nas\u0131l yol alaca\u011f\u0131n\u0131zla ve gelecekte nas\u0131l b\u00fcy\u00fcyece\u011finizle ilgili. \u00d6zetle p\u0131r\u0131lt\u0131l\u0131 bir hayat olu\u015fturman\u0131zla ilgili. <\/p>\n","protected":false},"excerpt":{"rendered":"<p>Ge\u00e7mi\u015fime ve bug\u00fcn\u00fcme bakt\u0131\u011f\u0131mda g\u00f6r\u00fcyorum ki bu hayatta metotsuz ve y\u00f6ntemsiz olmak, denizde pusulas\u0131z seyretmekle ayn\u0131 \u015fey. Bu kitap boyunca amac\u0131m baz\u0131 \u015feyleri biraz daha stratejik<span class=\"excerpt-hellip\"> [\u2026]<\/span><\/p>\n","protected":false},"featured_media":0,"template":"","meta":{"_monsterinsights_skip_tracking":false,"_monsterinsights_sitenote_active":false,"_monsterinsights_sitenote_note":"","_monsterinsights_sitenote_category":0},"product_brand":[],"product_cat":[13043,17647],"product_tag":[],"class_list":{"0":"post-732272","1":"product","2":"type-product","3":"status-publish","5":"product_cat-ekonomi","6":"product_cat-is-dunyasi","7":"pa_cilt-ciltsiz","8":"pa_tur-kitap","9":"pa_yayinevi-ceo-plus","10":"pa_yazar-tansu-yegen","12":"first","13":"instock","14":"sale","15":"shipping-taxable","16":"purchasable","17":"product-type-simple"},"_links":{"self":[{"href":"https:\/\/roveyayinevi.com.tr\/index.php\/wp-json\/wp\/v2\/product\/732272","targetHints":{"allow":["GET"]}}],"collection":[{"href":"https:\/\/roveyayinevi.com.tr\/index.php\/wp-json\/wp\/v2\/product"}],"about":[{"href":"https:\/\/roveyayinevi.com.tr\/index.php\/wp-json\/wp\/v2\/types\/product"}],"wp:attachment":[{"href":"https:\/\/roveyayinevi.com.tr\/index.php\/wp-json\/wp\/v2\/media?parent=732272"}],"wp:term":[{"taxonomy":"product_brand","embeddable":true,"href":"https:\/\/roveyayinevi.com.tr\/index.php\/wp-json\/wp\/v2\/product_brand?post=732272"},{"taxonomy":"product_cat","embeddable":true,"href":"https:\/\/roveyayinevi.com.tr\/index.php\/wp-json\/wp\/v2\/product_cat?post=732272"},{"taxonomy":"product_tag","embeddable":true,"href":"https:\/\/roveyayinevi.com.tr\/index.php\/wp-json\/wp\/v2\/product_tag?post=732272"}],"curies":[{"name":"wp","href":"https:\/\/api.w.org\/{rel}","templated":true}]}}