{"id":732266,"date":"2025-08-27T21:47:24","date_gmt":"2025-08-27T18:47:24","guid":{"rendered":"https:\/\/roveyayinevi.com.tr\/index.php\/urun\/bitkilerin-gizli-dunyasi\/"},"modified":"2026-04-16T02:40:15","modified_gmt":"2026-04-15T23:40:15","slug":"bitkilerin-gizli-dunyasi","status":"publish","type":"product","link":"https:\/\/roveyayinevi.com.tr\/index.php\/urun\/bitkilerin-gizli-dunyasi\/","title":{"rendered":"Bitkilerin Gizli D\u00fcnyas\u0131"},"content":{"rendered":"<p>Botani\u011fin bah\u00e7esinde e\u015fsiz bir gezintiye var m\u0131s\u0131n\u0131z?Bitkiler savunma mekanizmalar\u0131n\u0131 nas\u0131l geli\u015ftirirler? Patates insanl\u0131k tarihini nas\u0131lde\u011fi\u015ftirmi\u015ftir? \u015eifal\u0131 bitkiler nas\u0131l ke\u015ffedilmi\u015ftir? Bir \u00e7i\u00e7ek insan\u0131 ger\u00e7ekten bir zombiyed\u00f6n\u00fc\u015ft\u00fcrebilir mi? Mabet a\u011fac\u0131n\u0131n k\u00f6t\u00fc kokusu nereden gelir?B\u0130TK\u0130LER\u0130N G\u0130ZL\u0130 D\u00dcNYASI adl\u0131 bu kitap, bitkiler \u00e2lemine dair ak\u0131l almaz pek \u00e7oksoruya inan\u0131lmaz yan\u0131tlar veriyor. \u00d6d\u00fcll\u00fc yazar Michael Largo, bu kitapta sizi tarihe tan\u0131kl\u0131keden zeytinden istilac\u0131 su s\u00fcmb\u00fcl\u00fcne kadar y\u00fczlerce bitki t\u00fcr\u00fcn\u00fcn tarihi, davran\u0131\u015flar\u0131 ve tar\u0131msalevrimi \u00fczerine merak uyand\u0131ran bir yolculu\u011fa \u00e7\u0131kar\u0131yor.B\u0130TK\u0130LER\u0130N G\u0130ZL\u0130 D\u00dcNYASI\u2019nda sihirli mantarlar, s\u00fcper besinler, zehirli \u00e7aylar, herderde deva otlar ve inan\u0131lmaz lezzetli meyveler hakk\u0131nda mitolojik, folklorik, t\u0131bbi, dini vebilimsel bir\u00e7ok bilgi edineceksiniz. Halklar aras\u0131nda sava\u015flara sebep olan \u00e7ok de\u011ferli bitkileri\u00f6\u011frenecek, ge\u00e7irdikleri evrim s\u00fcreciyle hayvanlar\u0131 yan\u0131ltarak bug\u00fcne kadar hayatta kalabilent\u00fcrlerin hik\u00e2yelerini okuyacak, bir tutam\u0131yla bile sizi an\u0131nda \u00f6ld\u00fcrebilecek otlar\u0131 yak\u0131ndantan\u0131yacaks\u0131n\u0131z. 140\u2019tan fazla ill\u00fcstrasyonla tasvir edilen ve A\u2019dan Z\u2019ye s\u0131ralanm\u0131\u015f bu ansiklopedik kitap b\u00fcy\u00fcleyici bitkiler \u00e2lemine bak\u0131\u015f a\u00e7\u0131n\u0131z\u0131 de\u011fi\u015ftirecek. \u201c\u0130ncelikle yaz\u0131lm\u0131\u015f olan bu kitap botani\u011fe merakl\u0131, tuhaf ve faydal\u0131 bitkilerin geni\u015f yelpazesi hakk\u0131nda bilgilere g\u00f6z atmaktan keyif alacak t\u00fcm okurlar\u0131n ilgisini \u00e7ekecek.\u201d \u2013 Library Journal \u201cGeleneksel bitkibilim, yeti\u015ftirme \u00f6nerileri, modern bilim ve beslenme hakk\u0131ndaki bu acayip derlemede Largo, bitkiler d\u00fcnyas\u0131n\u0131n esrarengiz ve nefis gizlerini payla\u015f\u0131yor.\u201d \u2013 Publisher Weekly \u201cBir \u00e7ocuk bah\u00e7esinde g\u00f6rebilece\u011finiz co\u015fkunun somutla\u015fm\u0131\u015f hali.\u201d \u2013 Wall Street Journal<\/p>\n","protected":false},"excerpt":{"rendered":"<p>Botani\u011fin bah\u00e7esinde e\u015fsiz bir gezintiye var m\u0131s\u0131n\u0131z?Bitkiler savunma mekanizmalar\u0131n\u0131 nas\u0131l geli\u015ftirirler? Patates insanl\u0131k tarihini nas\u0131lde\u011fi\u015ftirmi\u015ftir? \u015eifal\u0131 bitkiler nas\u0131l ke\u015ffedilmi\u015ftir? Bir \u00e7i\u00e7ek insan\u0131 ger\u00e7ekten bir zombiyed\u00f6n\u00fc\u015ft\u00fcrebilir mi?<span class=\"excerpt-hellip\"> [\u2026]<\/span><\/p>\n","protected":false},"featured_media":0,"template":"","meta":{"_monsterinsights_skip_tracking":false,"_monsterinsights_sitenote_active":false,"_monsterinsights_sitenote_note":"","_monsterinsights_sitenote_category":0},"product_brand":[],"product_cat":[52477],"product_tag":[],"class_list":{"0":"post-732266","1":"product","2":"type-product","3":"status-publish","5":"product_cat-arastirma","6":"pa_cilt-ciltsiz","7":"pa_tur-kitap","8":"pa_yayinevi-beyaz-baykus-yayinlari","9":"pa_yazar-michael-largo","11":"first","12":"instock","13":"sale","14":"shipping-taxable","15":"purchasable","16":"product-type-simple"},"_links":{"self":[{"href":"https:\/\/roveyayinevi.com.tr\/index.php\/wp-json\/wp\/v2\/product\/732266","targetHints":{"allow":["GET"]}}],"collection":[{"href":"https:\/\/roveyayinevi.com.tr\/index.php\/wp-json\/wp\/v2\/product"}],"about":[{"href":"https:\/\/roveyayinevi.com.tr\/index.php\/wp-json\/wp\/v2\/types\/product"}],"wp:attachment":[{"href":"https:\/\/roveyayinevi.com.tr\/index.php\/wp-json\/wp\/v2\/media?parent=732266"}],"wp:term":[{"taxonomy":"product_brand","embeddable":true,"href":"https:\/\/roveyayinevi.com.tr\/index.php\/wp-json\/wp\/v2\/product_brand?post=732266"},{"taxonomy":"product_cat","embeddable":true,"href":"https:\/\/roveyayinevi.com.tr\/index.php\/wp-json\/wp\/v2\/product_cat?post=732266"},{"taxonomy":"product_tag","embeddable":true,"href":"https:\/\/roveyayinevi.com.tr\/index.php\/wp-json\/wp\/v2\/product_tag?post=732266"}],"curies":[{"name":"wp","href":"https:\/\/api.w.org\/{rel}","templated":true}]}}