{"id":732265,"date":"2025-08-27T21:47:23","date_gmt":"2025-08-27T18:47:23","guid":{"rendered":"https:\/\/roveyayinevi.com.tr\/index.php\/urun\/bir-tembel-hayvan-ailesi-nasil-yasar\/"},"modified":"2026-04-16T02:40:15","modified_gmt":"2026-04-15T23:40:15","slug":"bir-tembel-hayvan-ailesi-nasil-yasar","status":"publish","type":"product","link":"https:\/\/roveyayinevi.com.tr\/index.php\/urun\/bir-tembel-hayvan-ailesi-nasil-yasar\/","title":{"rendered":"Bir Tembel Hayvan Ailesi Nas\u0131l Ya\u015far?"},"content":{"rendered":"<p>Dikkat! Bu kitap uykunuzu getirebilir.Bir tembel hayvan ailesi nas\u0131l ya\u015far? Ne zaman kahvalt\u0131 yapar? Spor yapmay\u0131 severler mi? Sinemaya giderler mi? Peki ya al\u0131\u015fveri\u015f g\u00fcnleri nas\u0131l ge\u00e7er? Sizce onlar da bizim gibi mi, yoksa biraz daha farkl\u0131 m\u0131? Tembelli\u011fin bir ya\u015fam bi\u00e7imi oldu\u011fu kahkahalarla okuyaca\u011f\u0131n\u0131z e\u011flenceli bir hikaye kitab\u0131.<\/p>\n","protected":false},"excerpt":{"rendered":"<p>Dikkat! Bu kitap uykunuzu getirebilir.Bir tembel hayvan ailesi nas\u0131l ya\u015far? Ne zaman kahvalt\u0131 yapar? Spor yapmay\u0131 severler mi? Sinemaya giderler mi? Peki ya al\u0131\u015fveri\u015f g\u00fcnleri nas\u0131l<span class=\"excerpt-hellip\"> [\u2026]<\/span><\/p>\n","protected":false},"featured_media":0,"template":"","meta":{"_monsterinsights_skip_tracking":false,"_monsterinsights_sitenote_active":false,"_monsterinsights_sitenote_note":"","_monsterinsights_sitenote_category":0},"product_brand":[],"product_cat":[12913,12274],"product_tag":[],"class_list":{"0":"post-732265","1":"product","2":"type-product","3":"status-publish","5":"product_cat-3-6-yas-kitaplari","6":"product_cat-cocuk-ve-genclik-kitaplari","7":"pa_cilt-ciltsiz","8":"pa_tur-kitap","9":"pa_yayinevi-ucan-kitap","10":"pa_yazar-cansu-erkan","12":"first","13":"instock","14":"sale","15":"shipping-taxable","16":"purchasable","17":"product-type-simple"},"_links":{"self":[{"href":"https:\/\/roveyayinevi.com.tr\/index.php\/wp-json\/wp\/v2\/product\/732265","targetHints":{"allow":["GET"]}}],"collection":[{"href":"https:\/\/roveyayinevi.com.tr\/index.php\/wp-json\/wp\/v2\/product"}],"about":[{"href":"https:\/\/roveyayinevi.com.tr\/index.php\/wp-json\/wp\/v2\/types\/product"}],"wp:attachment":[{"href":"https:\/\/roveyayinevi.com.tr\/index.php\/wp-json\/wp\/v2\/media?parent=732265"}],"wp:term":[{"taxonomy":"product_brand","embeddable":true,"href":"https:\/\/roveyayinevi.com.tr\/index.php\/wp-json\/wp\/v2\/product_brand?post=732265"},{"taxonomy":"product_cat","embeddable":true,"href":"https:\/\/roveyayinevi.com.tr\/index.php\/wp-json\/wp\/v2\/product_cat?post=732265"},{"taxonomy":"product_tag","embeddable":true,"href":"https:\/\/roveyayinevi.com.tr\/index.php\/wp-json\/wp\/v2\/product_tag?post=732265"}],"curies":[{"name":"wp","href":"https:\/\/api.w.org\/{rel}","templated":true}]}}