{"id":732263,"date":"2025-08-27T21:47:21","date_gmt":"2025-08-27T18:47:21","guid":{"rendered":"https:\/\/roveyayinevi.com.tr\/index.php\/urun\/haritalar-ve-yon-bulma-hayatta-kalma-becerileri-el-kitabi\/"},"modified":"2026-04-16T02:40:15","modified_gmt":"2026-04-15T23:40:15","slug":"haritalar-ve-yon-bulma-hayatta-kalma-becerileri-el-kitabi","status":"publish","type":"product","link":"https:\/\/roveyayinevi.com.tr\/index.php\/urun\/haritalar-ve-yon-bulma-hayatta-kalma-becerileri-el-kitabi\/","title":{"rendered":"Haritalar ve Y\u00f6n Bulma &#8211; Hayatta Kalma Becerileri El Kitab\u0131"},"content":{"rendered":"<p>Maceraperest yazar Bear Grylls\u2019in kendi tecr\u00fcbelerinden yola \u00e7\u0131karak haz\u0131rlad\u0131\u011f\u0131 bu kitapla pusula kullanmay\u0131, yaln\u0131zca g\u00f6ky\u00fcz\u00fcne bakarak nerede oldu\u011funuzu bulmay\u0131, tek bir \u00e7ubukla saati hesaplamay\u0131 \u00f6\u011freneceksiniz.Do\u011fada unutulmaz bir yolculu\u011fa \u00e7\u0131kmak i\u00e7in ihtiyac\u0131n\u0131z olan ipu\u00e7lar\u0131n\u0131, k\u0131sa yollar\u0131 ve pratik \u00e7\u00f6z\u00fcm yollar\u0131n\u0131 zengin g\u00f6rsellerle a\u00e7\u0131klayan Hayatta Kalma Becerileri El Kitab\u0131 Serisi size e\u015fsiz bir yol arkada\u015f\u0131 olacak!<\/p>\n","protected":false},"excerpt":{"rendered":"<p>Maceraperest yazar Bear Grylls\u2019in kendi tecr\u00fcbelerinden yola \u00e7\u0131karak haz\u0131rlad\u0131\u011f\u0131 bu kitapla pusula kullanmay\u0131, yaln\u0131zca g\u00f6ky\u00fcz\u00fcne bakarak nerede oldu\u011funuzu bulmay\u0131, tek bir \u00e7ubukla saati hesaplamay\u0131 \u00f6\u011freneceksiniz.Do\u011fada unutulmaz<span class=\"excerpt-hellip\"> [\u2026]<\/span><\/p>\n","protected":false},"featured_media":0,"template":"","meta":{"_monsterinsights_skip_tracking":false,"_monsterinsights_sitenote_active":false,"_monsterinsights_sitenote_note":"","_monsterinsights_sitenote_category":0},"product_brand":[],"product_cat":[12291,15117],"product_tag":[],"class_list":{"0":"post-732263","1":"product","2":"type-product","3":"status-publish","5":"product_cat-edebiyat","6":"product_cat-genclik-edebiyati","7":"pa_cilt-ciltsiz","8":"pa_tur-kitap","9":"pa_yayinevi-genc-timas","10":"pa_yazar-bear-grylls","12":"first","13":"instock","14":"sale","15":"shipping-taxable","16":"purchasable","17":"product-type-simple"},"_links":{"self":[{"href":"https:\/\/roveyayinevi.com.tr\/index.php\/wp-json\/wp\/v2\/product\/732263","targetHints":{"allow":["GET"]}}],"collection":[{"href":"https:\/\/roveyayinevi.com.tr\/index.php\/wp-json\/wp\/v2\/product"}],"about":[{"href":"https:\/\/roveyayinevi.com.tr\/index.php\/wp-json\/wp\/v2\/types\/product"}],"wp:attachment":[{"href":"https:\/\/roveyayinevi.com.tr\/index.php\/wp-json\/wp\/v2\/media?parent=732263"}],"wp:term":[{"taxonomy":"product_brand","embeddable":true,"href":"https:\/\/roveyayinevi.com.tr\/index.php\/wp-json\/wp\/v2\/product_brand?post=732263"},{"taxonomy":"product_cat","embeddable":true,"href":"https:\/\/roveyayinevi.com.tr\/index.php\/wp-json\/wp\/v2\/product_cat?post=732263"},{"taxonomy":"product_tag","embeddable":true,"href":"https:\/\/roveyayinevi.com.tr\/index.php\/wp-json\/wp\/v2\/product_tag?post=732263"}],"curies":[{"name":"wp","href":"https:\/\/api.w.org\/{rel}","templated":true}]}}