{"id":732261,"date":"2025-08-27T21:47:19","date_gmt":"2025-08-27T18:47:19","guid":{"rendered":"https:\/\/roveyayinevi.com.tr\/index.php\/urun\/doga-yuruyusu-hayatta-kalma-becerileri-el-kitabi\/"},"modified":"2026-04-16T02:40:15","modified_gmt":"2026-04-15T23:40:15","slug":"doga-yuruyusu-hayatta-kalma-becerileri-el-kitabi","status":"publish","type":"product","link":"https:\/\/roveyayinevi.com.tr\/index.php\/urun\/doga-yuruyusu-hayatta-kalma-becerileri-el-kitabi\/","title":{"rendered":"Do\u011fa Y\u00fcr\u00fcy\u00fc\u015f\u00fc &#8211; Hayatta Kalma Becerileri El Kitab\u0131"},"content":{"rendered":"<p>D\u00fcnyan\u0131n neresinde olursan\u0131z olun; bir nehri nas\u0131l ge\u00e7ece\u011finizi, uzun yollar\u0131 bir patikayla nas\u0131l k\u0131saltaca\u011f\u0131n\u0131z\u0131 ve y\u00fcr\u00fcy\u00fc\u015f esnas\u0131nda nas\u0131l g\u00fcvende kalaca\u011f\u0131n\u0131z\u0131 \u00f6\u011frenmek do\u011fa y\u00fcr\u00fcy\u00fc\u015flerinizi daha e\u011flenceli bir h\u00e2le getirecek.Do\u011fada unutulmaz bir yolculu\u011fa \u00e7\u0131kmak i\u00e7in ihtiyac\u0131n\u0131z olan ipu\u00e7lar\u0131n\u0131, k\u0131sa yollar\u0131 ve pratik \u00e7\u00f6z\u00fcm yollar\u0131n\u0131 zengin g\u00f6rsellerle a\u00e7\u0131klayan Hayatta Kalma Becerileri El Kitab\u0131 Serisi size e\u015fsiz bir yol arkada\u015f\u0131 olacak!<\/p>\n","protected":false},"excerpt":{"rendered":"<p>D\u00fcnyan\u0131n neresinde olursan\u0131z olun; bir nehri nas\u0131l ge\u00e7ece\u011finizi, uzun yollar\u0131 bir patikayla nas\u0131l k\u0131saltaca\u011f\u0131n\u0131z\u0131 ve y\u00fcr\u00fcy\u00fc\u015f esnas\u0131nda nas\u0131l g\u00fcvende kalaca\u011f\u0131n\u0131z\u0131 \u00f6\u011frenmek do\u011fa y\u00fcr\u00fcy\u00fc\u015flerinizi daha e\u011flenceli bir<span class=\"excerpt-hellip\"> [\u2026]<\/span><\/p>\n","protected":false},"featured_media":0,"template":"","meta":{"_monsterinsights_skip_tracking":false,"_monsterinsights_sitenote_active":false,"_monsterinsights_sitenote_note":"","_monsterinsights_sitenote_category":0},"product_brand":[],"product_cat":[12291,15117],"product_tag":[],"class_list":{"0":"post-732261","1":"product","2":"type-product","3":"status-publish","5":"product_cat-edebiyat","6":"product_cat-genclik-edebiyati","7":"pa_cilt-ciltsiz","8":"pa_tur-kitap","9":"pa_yayinevi-genc-timas","10":"pa_yazar-bear-grylls","12":"first","13":"instock","14":"sale","15":"shipping-taxable","16":"purchasable","17":"product-type-simple"},"_links":{"self":[{"href":"https:\/\/roveyayinevi.com.tr\/index.php\/wp-json\/wp\/v2\/product\/732261","targetHints":{"allow":["GET"]}}],"collection":[{"href":"https:\/\/roveyayinevi.com.tr\/index.php\/wp-json\/wp\/v2\/product"}],"about":[{"href":"https:\/\/roveyayinevi.com.tr\/index.php\/wp-json\/wp\/v2\/types\/product"}],"wp:attachment":[{"href":"https:\/\/roveyayinevi.com.tr\/index.php\/wp-json\/wp\/v2\/media?parent=732261"}],"wp:term":[{"taxonomy":"product_brand","embeddable":true,"href":"https:\/\/roveyayinevi.com.tr\/index.php\/wp-json\/wp\/v2\/product_brand?post=732261"},{"taxonomy":"product_cat","embeddable":true,"href":"https:\/\/roveyayinevi.com.tr\/index.php\/wp-json\/wp\/v2\/product_cat?post=732261"},{"taxonomy":"product_tag","embeddable":true,"href":"https:\/\/roveyayinevi.com.tr\/index.php\/wp-json\/wp\/v2\/product_tag?post=732261"}],"curies":[{"name":"wp","href":"https:\/\/api.w.org\/{rel}","templated":true}]}}