{"id":732256,"date":"2025-08-27T21:47:14","date_gmt":"2025-08-27T18:47:14","guid":{"rendered":"https:\/\/roveyayinevi.com.tr\/index.php\/urun\/barinak-insasi-hayatta-kalma-becerileri-el-kitabi\/"},"modified":"2026-04-16T02:40:15","modified_gmt":"2026-04-15T23:40:15","slug":"barinak-insasi-hayatta-kalma-becerileri-el-kitabi","status":"publish","type":"product","link":"https:\/\/roveyayinevi.com.tr\/index.php\/urun\/barinak-insasi-hayatta-kalma-becerileri-el-kitabi\/","title":{"rendered":"Bar\u0131nak \u0130n\u015fas\u0131 &#8211; Hayatta Kalma Becerileri El Kitab\u0131"},"content":{"rendered":"<p>Vah\u015fi do\u011fada kar\u015f\u0131la\u015faca\u011f\u0131n\u0131z her \u015fartta g\u00fcvenle s\u0131\u011f\u0131nabilece\u011finiz, rahat ve s\u0131cak bir s\u0131\u011f\u0131nak in\u015fa etmek i\u00e7in malzeme se\u00e7iminden do\u011fru konumu bulmaya kadar ihtiyac\u0131n\u0131z olan her \u015fey bu kitapta.Do\u011fada unutulmaz bir yolculu\u011fa \u00e7\u0131kmak i\u00e7in ihtiyac\u0131n\u0131z olan ipu\u00e7lar\u0131n\u0131, k\u0131sa yollar\u0131 ve pratik \u00e7\u00f6z\u00fcm yollar\u0131n\u0131 zengin g\u00f6rsellerle a\u00e7\u0131klayan Hayatta Kalma Becerileri El Kitab\u0131 Serisi size e\u015fsiz bir yol arkada\u015f\u0131 olacak!<\/p>\n","protected":false},"excerpt":{"rendered":"<p>Vah\u015fi do\u011fada kar\u015f\u0131la\u015faca\u011f\u0131n\u0131z her \u015fartta g\u00fcvenle s\u0131\u011f\u0131nabilece\u011finiz, rahat ve s\u0131cak bir s\u0131\u011f\u0131nak in\u015fa etmek i\u00e7in malzeme se\u00e7iminden do\u011fru konumu bulmaya kadar ihtiyac\u0131n\u0131z olan her \u015fey bu<span class=\"excerpt-hellip\"> [\u2026]<\/span><\/p>\n","protected":false},"featured_media":0,"template":"","meta":{"_monsterinsights_skip_tracking":false,"_monsterinsights_sitenote_active":false,"_monsterinsights_sitenote_note":"","_monsterinsights_sitenote_category":0},"product_brand":[],"product_cat":[12291,15117],"product_tag":[],"class_list":{"0":"post-732256","1":"product","2":"type-product","3":"status-publish","5":"product_cat-edebiyat","6":"product_cat-genclik-edebiyati","7":"pa_cilt-ciltsiz","8":"pa_tur-kitap","9":"pa_yayinevi-genc-timas","10":"pa_yazar-bear-grylls","12":"first","13":"instock","14":"sale","15":"shipping-taxable","16":"purchasable","17":"product-type-simple"},"_links":{"self":[{"href":"https:\/\/roveyayinevi.com.tr\/index.php\/wp-json\/wp\/v2\/product\/732256","targetHints":{"allow":["GET"]}}],"collection":[{"href":"https:\/\/roveyayinevi.com.tr\/index.php\/wp-json\/wp\/v2\/product"}],"about":[{"href":"https:\/\/roveyayinevi.com.tr\/index.php\/wp-json\/wp\/v2\/types\/product"}],"wp:attachment":[{"href":"https:\/\/roveyayinevi.com.tr\/index.php\/wp-json\/wp\/v2\/media?parent=732256"}],"wp:term":[{"taxonomy":"product_brand","embeddable":true,"href":"https:\/\/roveyayinevi.com.tr\/index.php\/wp-json\/wp\/v2\/product_brand?post=732256"},{"taxonomy":"product_cat","embeddable":true,"href":"https:\/\/roveyayinevi.com.tr\/index.php\/wp-json\/wp\/v2\/product_cat?post=732256"},{"taxonomy":"product_tag","embeddable":true,"href":"https:\/\/roveyayinevi.com.tr\/index.php\/wp-json\/wp\/v2\/product_tag?post=732256"}],"curies":[{"name":"wp","href":"https:\/\/api.w.org\/{rel}","templated":true}]}}