{"id":732253,"date":"2025-08-27T21:47:10","date_gmt":"2025-08-27T18:47:10","guid":{"rendered":"https:\/\/roveyayinevi.com.tr\/index.php\/urun\/dugumler-hayatta-kalma-becerileri-el-kitabi\/"},"modified":"2026-04-16T02:40:15","modified_gmt":"2026-04-15T23:40:15","slug":"dugumler-hayatta-kalma-becerileri-el-kitabi","status":"publish","type":"product","link":"https:\/\/roveyayinevi.com.tr\/index.php\/urun\/dugumler-hayatta-kalma-becerileri-el-kitabi\/","title":{"rendered":"D\u00fc\u011f\u00fcmler &#8211; Hayatta Kalma Becerileri El Kitab\u0131"},"content":{"rendered":"<p>Camadan d\u00fc\u011f\u00fcm\u00fcnden imk\u00e2ns\u0131z d\u00fc\u011f\u00fcme bir\u00e7ok kullan\u0131\u015fl\u0131 d\u00fc\u011f\u00fcm atmay\u0131 \u00f6\u011freten D\u00fc\u011f\u00fcmler kitab\u0131yla art\u0131k do\u011fa y\u00fcr\u00fcy\u00fc\u015flerinizde e\u015fyalar\u0131n\u0131z size y\u00fck olmayacak. \u015ei\u015fe d\u00fc\u011f\u00fcm\u00fcyle i\u00e7eceklerinizi pratik bir \u015fekilde ta\u015f\u0131rken izbar\u00e7o ba\u011f\u0131yla a\u011f\u0131r \u00e7antalar\u0131n\u0131z\u0131 g\u00fcvenle muhafaza edebileceksiniz!Do\u011fada unutulmaz bir yolculu\u011fa \u00e7\u0131kmak i\u00e7in ihtiyac\u0131n\u0131z olan ipu\u00e7lar\u0131n\u0131, k\u0131sa yollar\u0131 ve pratik \u00e7\u00f6z\u00fcm yollar\u0131n\u0131 zengin g\u00f6rsellerle a\u00e7\u0131klayan Hayatta Kalma Becerileri El Kitab\u0131 Serisi size e\u015fsiz bir yol arkada\u015f\u0131 olacak!<\/p>\n","protected":false},"excerpt":{"rendered":"<p>Camadan d\u00fc\u011f\u00fcm\u00fcnden imk\u00e2ns\u0131z d\u00fc\u011f\u00fcme bir\u00e7ok kullan\u0131\u015fl\u0131 d\u00fc\u011f\u00fcm atmay\u0131 \u00f6\u011freten D\u00fc\u011f\u00fcmler kitab\u0131yla art\u0131k do\u011fa y\u00fcr\u00fcy\u00fc\u015flerinizde e\u015fyalar\u0131n\u0131z size y\u00fck olmayacak. \u015ei\u015fe d\u00fc\u011f\u00fcm\u00fcyle i\u00e7eceklerinizi pratik bir \u015fekilde ta\u015f\u0131rken izbar\u00e7o<span class=\"excerpt-hellip\"> [\u2026]<\/span><\/p>\n","protected":false},"featured_media":0,"template":"","meta":{"_monsterinsights_skip_tracking":false,"_monsterinsights_sitenote_active":false,"_monsterinsights_sitenote_note":"","_monsterinsights_sitenote_category":0},"product_brand":[],"product_cat":[12291,15117],"product_tag":[],"class_list":{"0":"post-732253","1":"product","2":"type-product","3":"status-publish","5":"product_cat-edebiyat","6":"product_cat-genclik-edebiyati","7":"pa_cilt-ciltsiz","8":"pa_tur-kitap","9":"pa_yayinevi-genc-timas","10":"pa_yazar-bear-grylls","12":"first","13":"instock","14":"sale","15":"shipping-taxable","16":"purchasable","17":"product-type-simple"},"_links":{"self":[{"href":"https:\/\/roveyayinevi.com.tr\/index.php\/wp-json\/wp\/v2\/product\/732253","targetHints":{"allow":["GET"]}}],"collection":[{"href":"https:\/\/roveyayinevi.com.tr\/index.php\/wp-json\/wp\/v2\/product"}],"about":[{"href":"https:\/\/roveyayinevi.com.tr\/index.php\/wp-json\/wp\/v2\/types\/product"}],"wp:attachment":[{"href":"https:\/\/roveyayinevi.com.tr\/index.php\/wp-json\/wp\/v2\/media?parent=732253"}],"wp:term":[{"taxonomy":"product_brand","embeddable":true,"href":"https:\/\/roveyayinevi.com.tr\/index.php\/wp-json\/wp\/v2\/product_brand?post=732253"},{"taxonomy":"product_cat","embeddable":true,"href":"https:\/\/roveyayinevi.com.tr\/index.php\/wp-json\/wp\/v2\/product_cat?post=732253"},{"taxonomy":"product_tag","embeddable":true,"href":"https:\/\/roveyayinevi.com.tr\/index.php\/wp-json\/wp\/v2\/product_tag?post=732253"}],"curies":[{"name":"wp","href":"https:\/\/api.w.org\/{rel}","templated":true}]}}