{"id":732250,"date":"2025-08-27T21:47:07","date_gmt":"2025-08-27T18:47:07","guid":{"rendered":"https:\/\/roveyayinevi.com.tr\/index.php\/urun\/aysegul-dededen-heybemdeki-mutluluk-seti-3-kitap-takim\/"},"modified":"2025-09-09T13:48:09","modified_gmt":"2025-09-09T10:48:09","slug":"aysegul-dededen-heybemdeki-mutluluk-seti-3-kitap-takim","status":"publish","type":"product","link":"https:\/\/roveyayinevi.com.tr\/index.php\/urun\/aysegul-dededen-heybemdeki-mutluluk-seti-3-kitap-takim\/","title":{"rendered":"Ay\u015feg\u00fcl Dede&#8217;den Heybemdeki Mutluluk Seti (3 Kitap Tak\u0131m)"},"content":{"rendered":"<p>Duvar\u0131n Arkas\u0131nda Ne Var ile hi\u00e7bir duvar\u0131n mutlulu\u011fumuza engel olamayaca\u011f\u0131n\u0131; Biri, Di\u011feri, \u00d6teki, Beriki ile mutlulu\u011fumuz i\u00e7in her zaman bir sebebin olaca\u011f\u0131n\u0131; Kanatlar\u0131m Var Benim ile d\u00fcnyaya mutlu bakabilmenin \u00f6nemini anlatan Ay\u015feg\u00fcl Dede, hepimize ilham veriyor.Bu set; farkl\u0131l\u0131klara sayg\u0131y\u0131, ho\u015fg\u00f6r\u00fcy\u00fc ve empati kurmay\u0131 \u00f6\u011fretiyor.Ayr\u0131ca hayal g\u00fcc\u00fcn\u00fc kullanman\u0131n ve hayal kurman\u0131n ne kadar de\u011ferli oldu\u011funu fark ettiriyor.<\/p>\n","protected":false},"excerpt":{"rendered":"<p>Duvar\u0131n Arkas\u0131nda Ne Var ile hi\u00e7bir duvar\u0131n mutlulu\u011fumuza engel olamayaca\u011f\u0131n\u0131; Biri, Di\u011feri, \u00d6teki, Beriki ile mutlulu\u011fumuz i\u00e7in her zaman bir sebebin olaca\u011f\u0131n\u0131; Kanatlar\u0131m Var Benim ile<span class=\"excerpt-hellip\"> [\u2026]<\/span><\/p>\n","protected":false},"featured_media":0,"template":"","meta":{"_monsterinsights_skip_tracking":false,"_monsterinsights_sitenote_active":false,"_monsterinsights_sitenote_note":"","_monsterinsights_sitenote_category":0},"product_brand":[],"product_cat":[12274,12284],"product_tag":[],"class_list":{"0":"post-732250","1":"product","2":"type-product","3":"status-publish","5":"product_cat-cocuk-ve-genclik-kitaplari","6":"product_cat-hikayeler","7":"pa_cilt-takim","8":"pa_tur-kitap","9":"pa_yayinevi-timas-cocuk","10":"pa_yazar-aysegul-dede","12":"first","13":"instock","14":"sale","15":"shipping-taxable","16":"purchasable","17":"product-type-simple"},"_links":{"self":[{"href":"https:\/\/roveyayinevi.com.tr\/index.php\/wp-json\/wp\/v2\/product\/732250","targetHints":{"allow":["GET"]}}],"collection":[{"href":"https:\/\/roveyayinevi.com.tr\/index.php\/wp-json\/wp\/v2\/product"}],"about":[{"href":"https:\/\/roveyayinevi.com.tr\/index.php\/wp-json\/wp\/v2\/types\/product"}],"wp:attachment":[{"href":"https:\/\/roveyayinevi.com.tr\/index.php\/wp-json\/wp\/v2\/media?parent=732250"}],"wp:term":[{"taxonomy":"product_brand","embeddable":true,"href":"https:\/\/roveyayinevi.com.tr\/index.php\/wp-json\/wp\/v2\/product_brand?post=732250"},{"taxonomy":"product_cat","embeddable":true,"href":"https:\/\/roveyayinevi.com.tr\/index.php\/wp-json\/wp\/v2\/product_cat?post=732250"},{"taxonomy":"product_tag","embeddable":true,"href":"https:\/\/roveyayinevi.com.tr\/index.php\/wp-json\/wp\/v2\/product_tag?post=732250"}],"curies":[{"name":"wp","href":"https:\/\/api.w.org\/{rel}","templated":true}]}}