{"id":732248,"date":"2025-08-27T21:47:05","date_gmt":"2025-08-27T18:47:05","guid":{"rendered":"https:\/\/roveyayinevi.com.tr\/index.php\/urun\/hafiza-teknikleriyle-elifba-kuran-harflerini-ogreniyorum\/"},"modified":"2026-04-16T02:40:15","modified_gmt":"2026-04-15T23:40:15","slug":"hafiza-teknikleriyle-elifba-kuran-harflerini-ogreniyorum","status":"publish","type":"product","link":"https:\/\/roveyayinevi.com.tr\/index.php\/urun\/hafiza-teknikleriyle-elifba-kuran-harflerini-ogreniyorum\/","title":{"rendered":"Haf\u0131za Teknikleriyle Elifba (Kur&#8217;an Harflerini) \u00d6\u011freniyorum"},"content":{"rendered":"<p>&#8220;Sizin en hay\u0131rl\u0131n\u0131z, Kur&#8217;an&#8217;\u0131 \u00f6\u011frenen ve \u00f6\u011fretendir.&#8221;  (Hadis-i \u015eerif)Kur&#8217;an-\u0131 Kerim, nice hazineleri i\u00e7inde bulunduran engin bir deniz gibi. O denizlere a\u00e7\u0131labilmenin basamaklar\u0131 var elbette. \u015eimdi o basamaklardan ilkini \u201conu okumay\u0131 \u00f6\u011frenmeyi isteyerek\u201d a\u015ft\u0131n.\u015eimdi s\u0131rada ikinci basamak var: Kur&#8217;an harflerini okumak. Onun da zor olmad\u0131\u011f\u0131n\u0131 sayfalar\u0131 \u00e7evirdik\u00e7e g\u00f6receksin.Elindeki elifba kitab\u0131, ikinci basama\u011f\u0131 kolayca a\u015fmana yard\u0131mc\u0131 olmak i\u00e7in &#8220;Haf\u0131za Teknikleri&#8221; kullan\u0131larak haz\u0131rland\u0131. Kitapta \u00f6\u011frenmeyi kolayla\u015ft\u0131racak karikat\u00fcrler, karikat\u00fcrler i\u00e7ine gizlenmi\u015f harfler ve onlar\u0131 bulmana yard\u0131mc\u0131 olacak Merakl\u0131 Mercek var. Merakl\u0131 Mercek ile \u00f6nce resmi tan\u0131yacak, sonra gizlenen harfi g\u00f6receksin. Harflerin i\u00e7ine gizlendi\u011fi nesnelerle kuraca\u011f\u0131n ba\u011f ile o harfi \u00f6\u011frenmen kolayla\u015facak.Evet, bu i\u015fin \u00e7o\u011funu hallettin zaten. Ard\u0131ndan daha iyi \u00f6\u011frenebilmen i\u00e7in bulmacalar kar\u015f\u0131na \u00e7\u0131kacak. Bulmacalar\u0131, kitab\u0131n yan\u0131nda hediye edilen oyun takip edecek. Oyunda harflerin s\u0131rr\u0131n\u0131 \u00e7\u00f6zd\u00fc\u011f\u00fcn\u00fc g\u00f6receksin. \u201cHaf\u0131za Teknikleri\u201dyle haz\u0131rlanan kitap, \u00f6\u011frenmeyi kolayla\u015ft\u0131ran Merakl\u0131 Mercek, peki\u015ftirici bulmacalar, etkinlikler\u2026 K\u0131sacas\u0131 heyecanl\u0131 ve e\u011flenceli bir e\u011fitim seni bekliyor. <\/p>\n","protected":false},"excerpt":{"rendered":"<p>&#8220;Sizin en hay\u0131rl\u0131n\u0131z, Kur&#8217;an&#8217;\u0131 \u00f6\u011frenen ve \u00f6\u011fretendir.&#8221; (Hadis-i \u015eerif)Kur&#8217;an-\u0131 Kerim, nice hazineleri i\u00e7inde bulunduran engin bir deniz gibi. O denizlere a\u00e7\u0131labilmenin basamaklar\u0131 var elbette. \u015eimdi o<span class=\"excerpt-hellip\"> [\u2026]<\/span><\/p>\n","protected":false},"featured_media":0,"template":"","meta":{"_monsterinsights_skip_tracking":false,"_monsterinsights_sitenote_active":false,"_monsterinsights_sitenote_note":"","_monsterinsights_sitenote_category":0},"product_brand":[],"product_cat":[12274,18802],"product_tag":[],"class_list":{"0":"post-732248","1":"product","2":"type-product","3":"status-publish","5":"product_cat-cocuk-ve-genclik-kitaplari","6":"product_cat-din-egitimi","7":"pa_cilt-ciltsiz","8":"pa_tur-kitap","9":"pa_yayinevi-timas-cocuk","10":"pa_yazar-asuman-kilic","12":"first","13":"instock","14":"sale","15":"shipping-taxable","16":"purchasable","17":"product-type-simple"},"_links":{"self":[{"href":"https:\/\/roveyayinevi.com.tr\/index.php\/wp-json\/wp\/v2\/product\/732248","targetHints":{"allow":["GET"]}}],"collection":[{"href":"https:\/\/roveyayinevi.com.tr\/index.php\/wp-json\/wp\/v2\/product"}],"about":[{"href":"https:\/\/roveyayinevi.com.tr\/index.php\/wp-json\/wp\/v2\/types\/product"}],"wp:attachment":[{"href":"https:\/\/roveyayinevi.com.tr\/index.php\/wp-json\/wp\/v2\/media?parent=732248"}],"wp:term":[{"taxonomy":"product_brand","embeddable":true,"href":"https:\/\/roveyayinevi.com.tr\/index.php\/wp-json\/wp\/v2\/product_brand?post=732248"},{"taxonomy":"product_cat","embeddable":true,"href":"https:\/\/roveyayinevi.com.tr\/index.php\/wp-json\/wp\/v2\/product_cat?post=732248"},{"taxonomy":"product_tag","embeddable":true,"href":"https:\/\/roveyayinevi.com.tr\/index.php\/wp-json\/wp\/v2\/product_tag?post=732248"}],"curies":[{"name":"wp","href":"https:\/\/api.w.org\/{rel}","templated":true}]}}