{"id":732247,"date":"2025-08-27T21:47:04","date_gmt":"2025-08-27T18:47:04","guid":{"rendered":"https:\/\/roveyayinevi.com.tr\/index.php\/urun\/yolcu-kutu-oyunu-macera-coktan-basladi\/"},"modified":"2026-04-16T02:40:15","modified_gmt":"2026-04-15T23:40:15","slug":"yolcu-kutu-oyunu-macera-coktan-basladi","status":"publish","type":"product","link":"https:\/\/roveyayinevi.com.tr\/index.php\/urun\/yolcu-kutu-oyunu-macera-coktan-basladi\/","title":{"rendered":"Yolcu Kutu Oyunu &#8211; Macera \u00c7oktan Ba\u015flad\u0131"},"content":{"rendered":"<p>Yolcu oyunu, d\u00fcnyaya g\u00f6nderilen insan\u0131n kar\u015f\u0131la\u015ft\u0131\u011f\u0131 sorunlar\u0131 a\u015fmas\u0131n\u0131, sa\u011fl\u0131kl\u0131 d\u00fc\u015f\u00fcnebilmesini, huzurlu ya\u015famas\u0131n\u0131 sa\u011flayacak bilgilerin yolunu \u00e7ocuklara sunuyor. G\u00fczel bir hayat\u0131n yolunu g\u00f6steren Kur\u2019an-\u0131 Kerim, Peygamberimizin hayat\u0131, Peygamberlerin hayatlar\u0131, ilmihal bilgileri \u00e7ocuklar\u0131n ya\u015f\u0131na uygun sorularla&#8230; Oyun i\u00e7inde ilerlerken kar\u015f\u0131la\u015f\u0131lan s\u00fcrprizlerle oyun iyice heyecan ve renk kazan\u0131yor. Bu renkli d\u00fcnyan\u0131n yolcular\u0131 olan oyuncular, kar\u015f\u0131la\u015ft\u0131klar\u0131 soru(n)lar\u0131 a\u015ft\u0131k\u00e7a hem bilgileniyor hem de e\u011fleniyorlar.<\/p>\n","protected":false},"excerpt":{"rendered":"<p>Yolcu oyunu, d\u00fcnyaya g\u00f6nderilen insan\u0131n kar\u015f\u0131la\u015ft\u0131\u011f\u0131 sorunlar\u0131 a\u015fmas\u0131n\u0131, sa\u011fl\u0131kl\u0131 d\u00fc\u015f\u00fcnebilmesini, huzurlu ya\u015famas\u0131n\u0131 sa\u011flayacak bilgilerin yolunu \u00e7ocuklara sunuyor. G\u00fczel bir hayat\u0131n yolunu g\u00f6steren Kur\u2019an-\u0131 Kerim, Peygamberimizin hayat\u0131,<span class=\"excerpt-hellip\"> [\u2026]<\/span><\/p>\n","protected":false},"featured_media":0,"template":"","meta":{"_monsterinsights_skip_tracking":false,"_monsterinsights_sitenote_active":false,"_monsterinsights_sitenote_note":"","_monsterinsights_sitenote_category":0},"product_brand":[],"product_cat":[28265,15563],"product_tag":[],"class_list":{"0":"post-732247","1":"product","2":"type-product","3":"status-publish","5":"product_cat-diger-hobi","6":"product_cat-hobi","7":"pa_cilt-ciltsiz","8":"pa_tur-oyun","9":"pa_yayinevi-timas-cocuk","10":"pa_yazar-timas-cocuk-kolektif","12":"first","13":"instock","14":"sale","15":"shipping-taxable","16":"purchasable","17":"product-type-simple"},"_links":{"self":[{"href":"https:\/\/roveyayinevi.com.tr\/index.php\/wp-json\/wp\/v2\/product\/732247","targetHints":{"allow":["GET"]}}],"collection":[{"href":"https:\/\/roveyayinevi.com.tr\/index.php\/wp-json\/wp\/v2\/product"}],"about":[{"href":"https:\/\/roveyayinevi.com.tr\/index.php\/wp-json\/wp\/v2\/types\/product"}],"wp:attachment":[{"href":"https:\/\/roveyayinevi.com.tr\/index.php\/wp-json\/wp\/v2\/media?parent=732247"}],"wp:term":[{"taxonomy":"product_brand","embeddable":true,"href":"https:\/\/roveyayinevi.com.tr\/index.php\/wp-json\/wp\/v2\/product_brand?post=732247"},{"taxonomy":"product_cat","embeddable":true,"href":"https:\/\/roveyayinevi.com.tr\/index.php\/wp-json\/wp\/v2\/product_cat?post=732247"},{"taxonomy":"product_tag","embeddable":true,"href":"https:\/\/roveyayinevi.com.tr\/index.php\/wp-json\/wp\/v2\/product_tag?post=732247"}],"curies":[{"name":"wp","href":"https:\/\/api.w.org\/{rel}","templated":true}]}}