{"id":732242,"date":"2025-08-27T21:46:58","date_gmt":"2025-08-27T18:46:58","guid":{"rendered":"https:\/\/roveyayinevi.com.tr\/index.php\/urun\/mavi-marti\/"},"modified":"2026-04-16T02:40:15","modified_gmt":"2026-04-15T23:40:15","slug":"mavi-marti","status":"publish","type":"product","link":"https:\/\/roveyayinevi.com.tr\/index.php\/urun\/mavi-marti\/","title":{"rendered":"Mavi Mart\u0131"},"content":{"rendered":"<p>SEVECE\u011e\u0130M   Can\u0131m a\u015fk\u0131m, sen \u00f6mr\u00fcme, Gelene dek, sevece\u011fim, Ka\u00e7\u0131p ko\u015fup, \u015fu g\u00f6nl\u00fcme, Girene dek, sevece\u011fim&#8230;   K\u00f6r talihten, uzak ka\u00e7\u0131p Sans\u0131m\u0131 ben, bulup a\u00e7\u0131p, Duda\u011f\u0131ndan, g\u00fcller sa\u00e7\u0131p, G\u00fclene dek, sevece\u011fim&#8230;   Vazge\u00e7mem ben vazge\u00e7emem, A\u015fk g\u00f6rmeden, tez g\u00f6\u00e7emem, S\u00f6z vermi\u015fim, ben ka\u00e7amam, \u00d6lene dek, sevece\u011fim&#8230;   Vars\u0131n olsun, a\u015fk\u0131n naz\u0131, G\u00f6n\u00fcl ona, \u00e7oktan raz\u0131 Ak mermerde, kara yaz\u0131, Olana dek, sevece\u011fim&#8230; <\/p>\n","protected":false},"excerpt":{"rendered":"<p>SEVECE\u011e\u0130M Can\u0131m a\u015fk\u0131m, sen \u00f6mr\u00fcme, Gelene dek, sevece\u011fim, Ka\u00e7\u0131p ko\u015fup, \u015fu g\u00f6nl\u00fcme, Girene dek, sevece\u011fim&#8230; K\u00f6r talihten, uzak ka\u00e7\u0131p Sans\u0131m\u0131 ben, bulup a\u00e7\u0131p, Duda\u011f\u0131ndan, g\u00fcller sa\u00e7\u0131p,<span class=\"excerpt-hellip\"> [\u2026]<\/span><\/p>\n","protected":false},"featured_media":0,"template":"","meta":{"_monsterinsights_skip_tracking":false,"_monsterinsights_sitenote_active":false,"_monsterinsights_sitenote_note":"","_monsterinsights_sitenote_category":0},"product_brand":[],"product_cat":[12291,12509],"product_tag":[],"class_list":{"0":"post-732242","1":"product","2":"type-product","3":"status-publish","5":"product_cat-edebiyat","6":"product_cat-siir","7":"pa_cilt-ciltsiz","8":"pa_tur-kitap","9":"pa_yayinevi-gulnar-yayinlari","10":"pa_yazar-zeki-mutlu","12":"first","13":"instock","14":"sale","15":"shipping-taxable","16":"purchasable","17":"product-type-simple"},"_links":{"self":[{"href":"https:\/\/roveyayinevi.com.tr\/index.php\/wp-json\/wp\/v2\/product\/732242","targetHints":{"allow":["GET"]}}],"collection":[{"href":"https:\/\/roveyayinevi.com.tr\/index.php\/wp-json\/wp\/v2\/product"}],"about":[{"href":"https:\/\/roveyayinevi.com.tr\/index.php\/wp-json\/wp\/v2\/types\/product"}],"wp:attachment":[{"href":"https:\/\/roveyayinevi.com.tr\/index.php\/wp-json\/wp\/v2\/media?parent=732242"}],"wp:term":[{"taxonomy":"product_brand","embeddable":true,"href":"https:\/\/roveyayinevi.com.tr\/index.php\/wp-json\/wp\/v2\/product_brand?post=732242"},{"taxonomy":"product_cat","embeddable":true,"href":"https:\/\/roveyayinevi.com.tr\/index.php\/wp-json\/wp\/v2\/product_cat?post=732242"},{"taxonomy":"product_tag","embeddable":true,"href":"https:\/\/roveyayinevi.com.tr\/index.php\/wp-json\/wp\/v2\/product_tag?post=732242"}],"curies":[{"name":"wp","href":"https:\/\/api.w.org\/{rel}","templated":true}]}}