{"id":732241,"date":"2025-08-27T21:46:57","date_gmt":"2025-08-27T18:46:57","guid":{"rendered":"https:\/\/roveyayinevi.com.tr\/index.php\/urun\/akil-kalemle-terler-1\/"},"modified":"2026-04-16T02:40:15","modified_gmt":"2026-04-15T23:40:15","slug":"akil-kalemle-terler-1","status":"publish","type":"product","link":"https:\/\/roveyayinevi.com.tr\/index.php\/urun\/akil-kalemle-terler-1\/","title":{"rendered":"Ak\u0131l Kalemle Terler 1"},"content":{"rendered":"<p>Nesir, s\u00f6z uzad\u0131k\u00e7a sonu gelmeyen tart\u0131\u015fmalar\u0131n kap\u0131lar\u0131 a\u00e7ar. \u015eiir, okuyucusuna efrad\u0131n\u0131 c\u00e2mi, agyar\u0131n\u0131 man\u00ee; bir \u015feyin b\u00fct\u00fcn unsurlar\u0131n\u0131 kapsayan, ilgisiz olanlar\u0131 d\u0131\u015far\u0131da tutan bir yol sunar. \u015eiir, insan ruhunu yans\u0131tan kendi duygular\u0131n\u0131 g\u00f6rebilece\u011fi bir aynaya benzer. Okuyucu onda kendisinden bir iz bulur. Bazen \u201cBu \u015fiirde neyi anlatt\u0131n\u0131z?\u201d diye sorarlar. Asl\u0131nda bunun cevab\u0131 soruyu sorandad\u0131r; \u201cSana ne hissettirdi ise o.\u201d \u015eiir, \u00e7o\u011funlukla \u015fairin y\u00fcre\u011finde b\u00fcy\u00fcyen duygu ve fikir sanc\u0131s\u0131n\u0131n ard\u0131ndan do\u011fan \u00e7ocuk gibidir. O, insan\u0131n ruh d\u00fcnyas\u0131nda birikimine ve ya\u015fanm\u0131\u015fl\u0131klara cevap verir. \u015eiir dile gelir, i\u015fte o zaman \u015fiir, anlaml\u0131 ve hissedilir olur, \u0130lk s\u00f6z\u00fc fazla uzatmadan, \u015fiirlerimin ilham kayna\u011f\u0131 olan her ki\u015fiye ve her \u015feye kimine minnet kimine sitemk\u00e2r te\u015fekk\u00fcr ediyorum. \u015eiirlerimi defalarca okuyarak yaz\u0131m hatalar\u0131ndan uzakla\u015ft\u0131ran, yazmam ve kitap haline getirmem i\u00e7in isteklendiren arkada\u015flar\u0131ma ayr\u0131ca te\u015fekk\u00fcr bor\u00e7luyum. Bu ilk kitab\u0131m\u0131, duygular\u0131m\u0131 anlayan, destek, sevgi ve sayg\u0131lar\u0131n\u0131 hissetti\u011fim \u00e7ocuklar\u0131ma, aileme, sevgi dolu bahar \u00e7i\u00e7eklerini and\u0131r\u0131r g\u00f6n\u00fcllerine yans\u0131yan bir iz olmas\u0131 d\u00fc\u015f\u00fcncesiyle \u201cbeni seven\u201d herkese arma\u011fan ediyorum.<\/p>\n","protected":false},"excerpt":{"rendered":"<p>Nesir, s\u00f6z uzad\u0131k\u00e7a sonu gelmeyen tart\u0131\u015fmalar\u0131n kap\u0131lar\u0131 a\u00e7ar. \u015eiir, okuyucusuna efrad\u0131n\u0131 c\u00e2mi, agyar\u0131n\u0131 man\u00ee; bir \u015feyin b\u00fct\u00fcn unsurlar\u0131n\u0131 kapsayan, ilgisiz olanlar\u0131 d\u0131\u015far\u0131da tutan bir yol sunar.<span class=\"excerpt-hellip\"> [\u2026]<\/span><\/p>\n","protected":false},"featured_media":0,"template":"","meta":{"_monsterinsights_skip_tracking":false,"_monsterinsights_sitenote_active":false,"_monsterinsights_sitenote_note":"","_monsterinsights_sitenote_category":0},"product_brand":[],"product_cat":[12291,12509],"product_tag":[],"class_list":{"0":"post-732241","1":"product","2":"type-product","3":"status-publish","5":"product_cat-edebiyat","6":"product_cat-siir","7":"pa_cilt-ciltsiz","8":"pa_tur-kitap","9":"pa_yayinevi-kitap72-yayinlari","10":"pa_yazar-nadir-yildirim","12":"first","13":"instock","14":"sale","15":"shipping-taxable","16":"purchasable","17":"product-type-simple"},"_links":{"self":[{"href":"https:\/\/roveyayinevi.com.tr\/index.php\/wp-json\/wp\/v2\/product\/732241","targetHints":{"allow":["GET"]}}],"collection":[{"href":"https:\/\/roveyayinevi.com.tr\/index.php\/wp-json\/wp\/v2\/product"}],"about":[{"href":"https:\/\/roveyayinevi.com.tr\/index.php\/wp-json\/wp\/v2\/types\/product"}],"wp:attachment":[{"href":"https:\/\/roveyayinevi.com.tr\/index.php\/wp-json\/wp\/v2\/media?parent=732241"}],"wp:term":[{"taxonomy":"product_brand","embeddable":true,"href":"https:\/\/roveyayinevi.com.tr\/index.php\/wp-json\/wp\/v2\/product_brand?post=732241"},{"taxonomy":"product_cat","embeddable":true,"href":"https:\/\/roveyayinevi.com.tr\/index.php\/wp-json\/wp\/v2\/product_cat?post=732241"},{"taxonomy":"product_tag","embeddable":true,"href":"https:\/\/roveyayinevi.com.tr\/index.php\/wp-json\/wp\/v2\/product_tag?post=732241"}],"curies":[{"name":"wp","href":"https:\/\/api.w.org\/{rel}","templated":true}]}}