{"id":732239,"date":"2025-08-27T21:46:55","date_gmt":"2025-08-27T18:46:55","guid":{"rendered":"https:\/\/roveyayinevi.com.tr\/index.php\/urun\/buyulu-deniz\/"},"modified":"2026-04-11T13:59:30","modified_gmt":"2026-04-11T10:59:30","slug":"buyulu-deniz","status":"publish","type":"product","link":"https:\/\/roveyayinevi.com.tr\/index.php\/urun\/buyulu-deniz\/","title":{"rendered":"B\u00fcy\u00fcl\u00fc Deniz"},"content":{"rendered":"<p>Her \u015fey deniz cad\u0131s\u0131n\u0131 k\u0131zd\u0131rd\u0131\u011f\u0131 g\u00fcn de\u011fi\u015fti. \u00d6nce sa\u00e7lar\u0131 kontrolden \u00e7\u0131km\u0131\u015f \u00e7al\u0131l\u0131klar gibi uzamaya ba\u015flad\u0131. Ard\u0131ndan ismi herkesin haf\u0131zas\u0131ndan silindi ve geriye sevimsiz takma ad\u0131 kald\u0131: Kakalak.  Yine de, okulun son g\u00fcn\u00fc, yeni bir gemiyle yolculu\u011fa \u00e7\u0131kaca\u011f\u0131n\u0131 \u00f6\u011frendi\u011finde, ba\u015f\u0131na gelecekleri asla tahmin edemezdi. Kafadan \u00e7atlak ahtapotlarla tan\u0131\u015faca\u011f\u0131n\u0131, fosforlu karideslerle parti yapaca\u011f\u0131n\u0131 veya a\u015f\u0131r\u0131 dozda brokoli tad\u0131na maruz kalaca\u011f\u0131n\u0131 da\u2026  Oysa yaz tatili ne g\u00fczel ba\u015flam\u0131\u015ft\u0131!<\/p>\n","protected":false},"excerpt":{"rendered":"<p>Her \u015fey deniz cad\u0131s\u0131n\u0131 k\u0131zd\u0131rd\u0131\u011f\u0131 g\u00fcn de\u011fi\u015fti. \u00d6nce sa\u00e7lar\u0131 kontrolden \u00e7\u0131km\u0131\u015f \u00e7al\u0131l\u0131klar gibi uzamaya ba\u015flad\u0131. Ard\u0131ndan ismi herkesin haf\u0131zas\u0131ndan silindi ve geriye sevimsiz takma ad\u0131 kald\u0131:<span class=\"excerpt-hellip\"> [\u2026]<\/span><\/p>\n","protected":false},"featured_media":0,"template":"","meta":{"_monsterinsights_skip_tracking":false,"_monsterinsights_sitenote_active":false,"_monsterinsights_sitenote_note":"","_monsterinsights_sitenote_category":0},"product_brand":[],"product_cat":[12274,12284],"product_tag":[],"class_list":{"0":"post-732239","1":"product","2":"type-product","3":"status-publish","5":"product_cat-cocuk-ve-genclik-kitaplari","6":"product_cat-hikayeler","7":"pa_cilt-ciltsiz","8":"pa_tur-kitap","9":"pa_yayinevi-nesin-yayinlari","10":"pa_yazar-irem-sunar-ozat","12":"first","13":"instock","14":"sale","15":"shipping-taxable","16":"purchasable","17":"product-type-simple"},"_links":{"self":[{"href":"https:\/\/roveyayinevi.com.tr\/index.php\/wp-json\/wp\/v2\/product\/732239","targetHints":{"allow":["GET"]}}],"collection":[{"href":"https:\/\/roveyayinevi.com.tr\/index.php\/wp-json\/wp\/v2\/product"}],"about":[{"href":"https:\/\/roveyayinevi.com.tr\/index.php\/wp-json\/wp\/v2\/types\/product"}],"wp:attachment":[{"href":"https:\/\/roveyayinevi.com.tr\/index.php\/wp-json\/wp\/v2\/media?parent=732239"}],"wp:term":[{"taxonomy":"product_brand","embeddable":true,"href":"https:\/\/roveyayinevi.com.tr\/index.php\/wp-json\/wp\/v2\/product_brand?post=732239"},{"taxonomy":"product_cat","embeddable":true,"href":"https:\/\/roveyayinevi.com.tr\/index.php\/wp-json\/wp\/v2\/product_cat?post=732239"},{"taxonomy":"product_tag","embeddable":true,"href":"https:\/\/roveyayinevi.com.tr\/index.php\/wp-json\/wp\/v2\/product_tag?post=732239"}],"curies":[{"name":"wp","href":"https:\/\/api.w.org\/{rel}","templated":true}]}}